{"id":264,"date":"2025-10-24T06:37:56","date_gmt":"2025-10-24T06:37:56","guid":{"rendered":"https:\/\/beta-machine.com\/?post_type=product&#038;p=264"},"modified":"2026-03-16T02:03:11","modified_gmt":"2026-03-16T02:03:11","slug":"factory-customized-fully-automatic-air-cooled-water-cooled-screw-chiller","status":"publish","type":"product","link":"https:\/\/www.beta-machine.com\/pt\/factory-customized-fully-automatic-air-cooled-water-cooled-screw-chiller\/","title":{"rendered":"Resfriador de parafuso totalmente autom\u00e1tico, resfriado a ar\/\u00e1gua, customizado de f\u00e1brica"},"content":{"rendered":"<p><strong>Resfriador de \u00e1gua \/ Resfriador refrigerado por \u00e1gua<\/strong><\/p>\n<p><img fetchpriority=\"high\" decoding=\"async\" class=\"alignnone wp-image-268 size-medium\" src=\"https:\/\/beta-machine.com\/wp-content\/uploads\/2025\/10\/Water-cooled-Chiller-300x300.png\" alt=\"\" width=\"300\" height=\"300\" srcset=\"https:\/\/www.beta-machine.com\/wp-content\/uploads\/2025\/10\/Water-cooled-Chiller-300x300.png 300w, https:\/\/www.beta-machine.com\/wp-content\/uploads\/2025\/10\/Water-cooled-Chiller-100x100.png 100w, https:\/\/www.beta-machine.com\/wp-content\/uploads\/2025\/10\/Water-cooled-Chiller-600x600.png 600w, https:\/\/www.beta-machine.com\/wp-content\/uploads\/2025\/10\/Water-cooled-Chiller-150x150.png 150w, https:\/\/www.beta-machine.com\/wp-content\/uploads\/2025\/10\/Water-cooled-Chiller-768x768.png 768w, https:\/\/www.beta-machine.com\/wp-content\/uploads\/2025\/10\/Water-cooled-Chiller.png 800w\" sizes=\"(max-width: 300px) 100vw, 300px\" \/><\/p>\n<p>&nbsp;<\/p>\n<div class=\"sliderTable mt10 mb10 sliderTable-index0\">\n<div class=\"inner\">\n<table width=\"884\">\n<tbody>\n<tr>\n<td valign=\"top\" width=\"285\">Item<\/td>\n<td valign=\"top\" width=\"556\">Par\u00e2metro<\/td>\n<\/tr>\n<tr>\n<td valign=\"top\" width=\"285\">Marca<\/td>\n<td valign=\"top\" width=\"556\">Beta<\/td>\n<\/tr>\n<tr>\n<td valign=\"top\" width=\"285\">Tipo<\/td>\n<td valign=\"top\" width=\"556\">Resfriador refrigerado por \u00e1gua<\/td>\n<\/tr>\n<tr>\n<td valign=\"top\" width=\"285\">Customiza\u00e7\u00e3o de processamento<\/td>\n<td valign=\"top\" width=\"556\">Sim<\/td>\n<\/tr>\n<tr>\n<td valign=\"top\" width=\"285\">Modelo<\/td>\n<td valign=\"top\" width=\"556\">BT-20WD<\/td>\n<\/tr>\n<tr>\n<td valign=\"top\" width=\"285\">Capacidade de refrigera\u00e7\u00e3o padr\u00e3o<\/td>\n<td valign=\"top\" width=\"556\">67 (KW)<\/td>\n<\/tr>\n<tr>\n<td valign=\"top\" width=\"285\">Pot\u00eancia de entrada<\/td>\n<td valign=\"top\" width=\"556\">17 (KW)<\/td>\n<\/tr>\n<\/tbody>\n<\/table>\n<\/div>\n<\/div>\n<p><strong>Resfriador de parafuso refrigerado por \u00e1gua<\/strong><\/p>\n<p><strong><img decoding=\"async\" class=\"alignnone wp-image-269 size-medium\" src=\"https:\/\/beta-machine.com\/wp-content\/uploads\/2025\/10\/Water-cooled-Screw-Chiller-300x300.png\" alt=\"\" width=\"300\" height=\"300\" srcset=\"https:\/\/www.beta-machine.com\/wp-content\/uploads\/2025\/10\/Water-cooled-Screw-Chiller-300x300.png 300w, https:\/\/www.beta-machine.com\/wp-content\/uploads\/2025\/10\/Water-cooled-Screw-Chiller-100x100.png 100w, https:\/\/www.beta-machine.com\/wp-content\/uploads\/2025\/10\/Water-cooled-Screw-Chiller-600x600.png 600w, https:\/\/www.beta-machine.com\/wp-content\/uploads\/2025\/10\/Water-cooled-Screw-Chiller-150x150.png 150w, https:\/\/www.beta-machine.com\/wp-content\/uploads\/2025\/10\/Water-cooled-Screw-Chiller-768x768.png 768w, https:\/\/www.beta-machine.com\/wp-content\/uploads\/2025\/10\/Water-cooled-Screw-Chiller.png 800w\" sizes=\"(max-width: 300px) 100vw, 300px\" \/><\/strong><\/p>\n<p>&nbsp;<\/p>\n<div class=\"sliderTable mt10 mb10 sliderTable-index1\">\n<div class=\"inner\">\n<table width=\"885\">\n<tbody>\n<tr>\n<td valign=\"top\" width=\"285\">Item<\/td>\n<td valign=\"top\" width=\"556\">Par\u00e2metro<\/td>\n<\/tr>\n<tr>\n<td valign=\"top\" width=\"302\">Tipo<\/td>\n<td valign=\"top\" width=\"540\">Resfriador de parafuso<\/td>\n<\/tr>\n<tr>\n<td valign=\"top\" width=\"302\">Customiza\u00e7\u00e3o de processamento<\/td>\n<td valign=\"top\" width=\"540\">Sim<\/td>\n<\/tr>\n<tr>\n<td valign=\"top\" width=\"302\">Modelo<\/td>\n<td valign=\"top\" width=\"540\">BT-340WS<\/td>\n<\/tr>\n<tr>\n<td valign=\"top\" width=\"302\">Capacidade de refrigera\u00e7\u00e3o padr\u00e3o<\/td>\n<td valign=\"top\" width=\"540\">313 (KW)<\/td>\n<\/tr>\n<tr>\n<td valign=\"top\" width=\"302\">Pot\u00eancia de entrada<\/td>\n<td valign=\"top\" width=\"540\">71 (KW)<\/td>\n<\/tr>\n<\/tbody>\n<\/table>\n<\/div>\n<\/div>\n<p><strong>Resfriador refrigerado por ar<\/strong><\/p>\n<p><strong><img decoding=\"async\" class=\"alignnone size-medium wp-image-266\" src=\"https:\/\/beta-machine.com\/wp-content\/uploads\/2025\/10\/Air-cooled-Chiller-300x300.png\" alt=\"\" width=\"300\" height=\"300\" srcset=\"https:\/\/www.beta-machine.com\/wp-content\/uploads\/2025\/10\/Air-cooled-Chiller-300x300.png 300w, https:\/\/www.beta-machine.com\/wp-content\/uploads\/2025\/10\/Air-cooled-Chiller-100x100.png 100w, https:\/\/www.beta-machine.com\/wp-content\/uploads\/2025\/10\/Air-cooled-Chiller-600x600.png 600w, https:\/\/www.beta-machine.com\/wp-content\/uploads\/2025\/10\/Air-cooled-Chiller-150x150.png 150w, https:\/\/www.beta-machine.com\/wp-content\/uploads\/2025\/10\/Air-cooled-Chiller-768x768.png 768w, https:\/\/www.beta-machine.com\/wp-content\/uploads\/2025\/10\/Air-cooled-Chiller.png 800w\" sizes=\"(max-width: 300px) 100vw, 300px\" \/><\/strong><\/p>\n<p>Caracter\u00edsticas do produto<\/p>\n<div class=\"sliderTable mt10 mb10 sliderTable-index2\">\n<ul>\n<li>O compressor da unidade \u00e9 do tipo scroll totalmente fechado, com componentes de controle eletr\u00f4nico; est\u00e1 equipado com condensador e evaporador feitos de tubos de cobre de alta qualidade e alta efici\u00eancia de troca t\u00e9rmica;<\/li>\n<li>Equipado com v\u00e1rios dispositivos de prote\u00e7\u00e3o de seguran\u00e7a, com desempenho est\u00e1vel, baixo ru\u00eddo, longa vida \u00fatil e opera\u00e7\u00e3o simples; Adota interface homem-m\u00e1quina com display LCD, de opera\u00e7\u00e3o f\u00e1cil e pr\u00e1tica, e o estado de funcionamento \u00e9 claramente vis\u00edvel de relance;<\/li>\n<li>O modelo adota um sistema de refrigera\u00e7\u00e3o de compressor \u00fanico ou combina\u00e7\u00e3o de v\u00e1rios compressores. Os compressores podem funcionar automaticamente de forma alternada de acordo com as mudan\u00e7as de carga, equilibrando as horas de opera\u00e7\u00e3o de cada compressor, alcan\u00e7ando o efeito de economia de consumo de energia e extens\u00e3o da vida \u00fatil do resfriador. Regula\u00e7\u00e3o de energia conveniente, mais eficiente energeticamente sob cargas parciais;<\/li>\n<li>A m\u00e1quina inteira possui estrutura em caixa, com apar\u00eancia bonita e estrutura compacta, permitindo verificar o funcionamento da unidade a qualquer momento; A unidade pode vir com seu pr\u00f3prio tanque de \u00e1gua e bomba de circula\u00e7\u00e3o de acordo com a capacidade de refrigera\u00e7\u00e3o, sem necessidade de torre de resfriamento ou bomba de \u00e1gua de resfriamento, tornando a instala\u00e7\u00e3o e manuten\u00e7\u00e3o simples e convenientes.<\/li>\n<\/ul>\n<\/div>\n<p><strong>Resfriador de parafuso refrigerado por ar<\/strong><\/p>\n<p><strong><img loading=\"lazy\" decoding=\"async\" class=\"alignnone size-medium wp-image-267\" src=\"https:\/\/beta-machine.com\/wp-content\/uploads\/2025\/10\/Air-cooled-Screw-Chiller-300x300.png\" alt=\"\" width=\"300\" height=\"300\" srcset=\"https:\/\/www.beta-machine.com\/wp-content\/uploads\/2025\/10\/Air-cooled-Screw-Chiller-300x300.png 300w, https:\/\/www.beta-machine.com\/wp-content\/uploads\/2025\/10\/Air-cooled-Screw-Chiller-100x100.png 100w, https:\/\/www.beta-machine.com\/wp-content\/uploads\/2025\/10\/Air-cooled-Screw-Chiller-600x600.png 600w, https:\/\/www.beta-machine.com\/wp-content\/uploads\/2025\/10\/Air-cooled-Screw-Chiller-150x150.png 150w, https:\/\/www.beta-machine.com\/wp-content\/uploads\/2025\/10\/Air-cooled-Screw-Chiller-768x768.png 768w, https:\/\/www.beta-machine.com\/wp-content\/uploads\/2025\/10\/Air-cooled-Screw-Chiller.png 800w\" sizes=\"(max-width: 300px) 100vw, 300px\" \/><\/strong><\/p>\n<p>&nbsp;<\/p>\n<div class=\"sliderTable mt10 mb10 sliderTable-index3\">\n<div class=\"inner\">\n<table width=\"877\">\n<tbody>\n<tr>\n<td valign=\"top\" width=\"285\">Item<\/td>\n<td valign=\"top\" width=\"556\">Par\u00e2metro<\/td>\n<\/tr>\n<tr>\n<td valign=\"top\" width=\"301\">Tipo<\/td>\n<td valign=\"top\" width=\"533\">Resfriador de parafuso<\/td>\n<\/tr>\n<tr>\n<td valign=\"top\" width=\"301\">Customiza\u00e7\u00e3o de processamento<\/td>\n<td valign=\"top\" width=\"533\">Sim<\/td>\n<\/tr>\n<tr>\n<td valign=\"top\" width=\"301\">Modelo<\/td>\n<td valign=\"top\" width=\"533\">BT-180AS<\/td>\n<\/tr>\n<tr>\n<td valign=\"top\" width=\"301\">Capacidade de refrigera\u00e7\u00e3o padr\u00e3o<\/td>\n<td valign=\"top\" width=\"533\">135 (KW)<\/td>\n<\/tr>\n<tr>\n<td valign=\"top\" width=\"301\">Pot\u00eancia de entrada<\/td>\n<td valign=\"top\" width=\"533\">52 (KW)<\/td>\n<\/tr>\n<\/tbody>\n<\/table>\n<\/div>\n<\/div>","protected":false},"excerpt":{"rendered":"<p>Resfriadores customizados da BETA incluem resfriados a ar, resfriados a \u00e1gua, de parafuso resfriado a ar e de parafuso resfriado a \u00e1gua, adequados para uso fabril.<\/p>","protected":false},"featured_media":266,"comment_status":"closed","ping_status":"closed","template":"","meta":{"_acf_changed":false},"product_brand":[],"product_cat":[41],"product_tag":[],"class_list":{"0":"post-264","1":"product","2":"type-product","3":"status-publish","4":"has-post-thumbnail","6":"product_cat-auxiliary-machines","8":"first","9":"instock","10":"shipping-taxable","11":"purchasable","12":"product-type-simple"},"acf":[],"_links":{"self":[{"href":"https:\/\/www.beta-machine.com\/pt\/wp-json\/wp\/v2\/product\/264","targetHints":{"allow":["GET"]}}],"collection":[{"href":"https:\/\/www.beta-machine.com\/pt\/wp-json\/wp\/v2\/product"}],"about":[{"href":"https:\/\/www.beta-machine.com\/pt\/wp-json\/wp\/v2\/types\/product"}],"replies":[{"embeddable":true,"href":"https:\/\/www.beta-machine.com\/pt\/wp-json\/wp\/v2\/comments?post=264"}],"wp:featuredmedia":[{"embeddable":true,"href":"https:\/\/www.beta-machine.com\/pt\/wp-json\/wp\/v2\/media\/266"}],"wp:attachment":[{"href":"https:\/\/www.beta-machine.com\/pt\/wp-json\/wp\/v2\/media?parent=264"}],"wp:term":[{"taxonomy":"product_brand","embeddable":true,"href":"https:\/\/www.beta-machine.com\/pt\/wp-json\/wp\/v2\/product_brand?post=264"},{"taxonomy":"product_cat","embeddable":true,"href":"https:\/\/www.beta-machine.com\/pt\/wp-json\/wp\/v2\/product_cat?post=264"},{"taxonomy":"product_tag","embeddable":true,"href":"https:\/\/www.beta-machine.com\/pt\/wp-json\/wp\/v2\/product_tag?post=264"}],"curies":[{"name":"wp","href":"https:\/\/api.w.org\/{rel}","templated":true}]}}