{"id":275,"date":"2025-10-24T07:10:14","date_gmt":"2025-10-24T07:10:14","guid":{"rendered":"https:\/\/beta-machine.com\/?post_type=product&#038;p=275"},"modified":"2026-03-13T08:09:05","modified_gmt":"2026-03-13T08:09:05","slug":"bottle-caps-making-mold-plastic-injection-bottle-cap-moulds","status":"publish","type":"product","link":"https:\/\/www.beta-machine.com\/pt\/bottle-caps-making-mold-plastic-injection-bottle-cap-moulds-pd781157088\/","title":{"rendered":"Molde para fabrica\u00e7\u00e3o de tampas Molde de inje\u00e7\u00e3o pl\u00e1stica para tampas"},"content":{"rendered":"<h2>Descri\u00e7\u00e3o de Moldes para Tampas<\/h2>\n<div>\n<p>Temos vasta experi\u00eancia na fabrica\u00e7\u00e3o de moldes para tampas de diversos tipos, conforme demanda do cliente.<\/p>\n<p>Todos os elementos aquecedores do molde s\u00e3o de marcas famosas e alta qualidade de fornecedores nacionais ou internacionais. As pe\u00e7as m\u00f3veis usinadas com alta precis\u00e3o para garantir a intercambiabilidade.<\/p>\n<\/div>\n<h3>Detalhes de Moldes para Tampas<\/h3>\n<p><img fetchpriority=\"high\" decoding=\"async\" class=\"alignnone wp-image-286 size-full\" src=\"https:\/\/beta-machine.com\/wp-content\/uploads\/2025\/10\/Injection-Bottle-Cap-Moulds.png\" alt=\"\" width=\"983\" height=\"1010\" srcset=\"https:\/\/www.beta-machine.com\/wp-content\/uploads\/2025\/10\/Injection-Bottle-Cap-Moulds.png 983w, https:\/\/www.beta-machine.com\/wp-content\/uploads\/2025\/10\/Injection-Bottle-Cap-Moulds-600x616.png 600w, https:\/\/www.beta-machine.com\/wp-content\/uploads\/2025\/10\/Injection-Bottle-Cap-Moulds-292x300.png 292w, https:\/\/www.beta-machine.com\/wp-content\/uploads\/2025\/10\/Injection-Bottle-Cap-Moulds-768x789.png 768w\" sizes=\"(max-width: 983px) 100vw, 983px\" \/><\/p>\n<div class=\"pre12\"><\/div>\n<h3><strong>Aplica\u00e7\u00e3o de Tampas<\/strong><\/h3>\n<p>&nbsp;<\/p>\n<p><strong><img decoding=\"async\" class=\"lazyloaded\" title=\"Aplica\u00e7\u00e3o de Tampas\" src=\"https:\/\/ikrorwxhnolmjr5p-static.micyjz.com\/cloud\/jmBplKnijmSRkknrjpqijo\/Cap-Application.jpg\" alt=\"Cap Application\" data-original=\"\/\/ikrorwxhnolmjr5p-static.micyjz.com\/cloud\/jmBplKnijmSRkknrjpqijo\/Cap-Application.jpg\" \/><\/strong><\/p>\n<h3><strong>Acess\u00f3rios<\/strong><\/h3>\n<p><img decoding=\"async\" class=\"alignnone wp-image-287 size-full\" src=\"https:\/\/beta-machine.com\/wp-content\/uploads\/2025\/10\/Injection-Bottle-Cap-Moulds-2.png\" alt=\"\" width=\"988\" height=\"785\" srcset=\"https:\/\/www.beta-machine.com\/wp-content\/uploads\/2025\/10\/Injection-Bottle-Cap-Moulds-2.png 988w, https:\/\/www.beta-machine.com\/wp-content\/uploads\/2025\/10\/Injection-Bottle-Cap-Moulds-2-600x477.png 600w, https:\/\/www.beta-machine.com\/wp-content\/uploads\/2025\/10\/Injection-Bottle-Cap-Moulds-2-300x238.png 300w, https:\/\/www.beta-machine.com\/wp-content\/uploads\/2025\/10\/Injection-Bottle-Cap-Moulds-2-768x610.png 768w\" sizes=\"(max-width: 988px) 100vw, 988px\" \/><\/p>","protected":false},"excerpt":{"rendered":"<p>Molde para tampas personalizado pela BETA, modelos de 2\u201348 cavidades. Consultas bem-vindas.<\/p>","protected":false},"featured_media":289,"comment_status":"closed","ping_status":"closed","template":"","meta":{"_acf_changed":false},"product_brand":[],"product_cat":[39],"product_tag":[],"class_list":{"0":"post-275","1":"product","2":"type-product","3":"status-publish","4":"has-post-thumbnail","6":"product_cat-container-moulds","8":"first","9":"instock","10":"shipping-taxable","11":"purchasable","12":"product-type-variable"},"acf":[],"_links":{"self":[{"href":"https:\/\/www.beta-machine.com\/pt\/wp-json\/wp\/v2\/product\/275","targetHints":{"allow":["GET"]}}],"collection":[{"href":"https:\/\/www.beta-machine.com\/pt\/wp-json\/wp\/v2\/product"}],"about":[{"href":"https:\/\/www.beta-machine.com\/pt\/wp-json\/wp\/v2\/types\/product"}],"replies":[{"embeddable":true,"href":"https:\/\/www.beta-machine.com\/pt\/wp-json\/wp\/v2\/comments?post=275"}],"wp:featuredmedia":[{"embeddable":true,"href":"https:\/\/www.beta-machine.com\/pt\/wp-json\/wp\/v2\/media\/289"}],"wp:attachment":[{"href":"https:\/\/www.beta-machine.com\/pt\/wp-json\/wp\/v2\/media?parent=275"}],"wp:term":[{"taxonomy":"product_brand","embeddable":true,"href":"https:\/\/www.beta-machine.com\/pt\/wp-json\/wp\/v2\/product_brand?post=275"},{"taxonomy":"product_cat","embeddable":true,"href":"https:\/\/www.beta-machine.com\/pt\/wp-json\/wp\/v2\/product_cat?post=275"},{"taxonomy":"product_tag","embeddable":true,"href":"https:\/\/www.beta-machine.com\/pt\/wp-json\/wp\/v2\/product_tag?post=275"}],"curies":[{"name":"wp","href":"https:\/\/api.w.org\/{rel}","templated":true}]}}