{"id":294,"date":"2025-10-24T07:12:06","date_gmt":"2025-10-24T07:12:06","guid":{"rendered":"https:\/\/beta-machine.com\/?post_type=product&#038;p=294"},"modified":"2026-03-13T07:54:46","modified_gmt":"2026-03-13T07:54:46","slug":"plastic-preforms-making-bottle-preform-moulds-applicable-for-injection-molding-machine","status":"publish","type":"product","link":"https:\/\/www.beta-machine.com\/pt\/plastic-preforms-making-bottle-preform-moulds-applicable-for-injection-molding-machine-pd767547088\/","title":{"rendered":"Moldes de Preformas Pl\u00e1sticas para M\u00e1quinas de Inje\u00e7\u00e3o"},"content":{"rendered":"<div class=\"sliderTable mt10 mb10 sliderTable-index0\">\n<div class=\"inner\">\n<table width=\"884\">\n<tbody>\n<tr class=\"firstRow\">\n<td valign=\"top\" width=\"319\">Nome<\/td>\n<td valign=\"top\" width=\"523\"><strong>Descri\u00e7\u00e3o<\/strong><\/td>\n<\/tr>\n<tr>\n<td valign=\"top\" width=\"319\">Tipo de preforma<\/td>\n<td valign=\"top\" width=\"523\">Preforma de PET<\/td>\n<\/tr>\n<tr>\n<td valign=\"top\" width=\"319\">Material do n\u00facleo, cavidade e gargalo<\/td>\n<td valign=\"top\" width=\"523\">S136 steel(48-52HRC)<\/td>\n<\/tr>\n<tr>\n<td valign=\"top\" width=\"319\">Base do molde<\/td>\n<td valign=\"top\" width=\"523\">P20 cromado (antiferrugem)<\/td>\n<\/tr>\n<tr>\n<td valign=\"top\" width=\"319\">Tipo de corredor<\/td>\n<td valign=\"top\" width=\"523\">Canal quente com porta de v\u00e1lvula<\/td>\n<\/tr>\n<tr>\n<td valign=\"top\" width=\"319\">Tempo de ciclo<\/td>\n<td valign=\"top\" width=\"523\">18 a 23 s<\/td>\n<\/tr>\n<tr>\n<td valign=\"top\" width=\"319\">Descentralizado<\/td>\n<td valign=\"top\" width=\"523\">+\/-0.05mm<\/td>\n<\/tr>\n<tr>\n<td valign=\"top\" width=\"319\">Estrutura do molde<\/td>\n<td valign=\"top\" width=\"523\">Desmoldagem autom\u00e1tica; autotravagem por cada cavidade<\/td>\n<\/tr>\n<tr>\n<td valign=\"top\" width=\"319\">Vida \u00fatil do molde<\/td>\n<td valign=\"top\" width=\"523\">3 a 5 milh\u00f5es de ciclos<\/td>\n<\/tr>\n<tr>\n<td valign=\"top\" width=\"319\">Tempo de fabrica\u00e7\u00e3o<\/td>\n<td valign=\"top\" width=\"523\">35 a 45 dias<\/td>\n<\/tr>\n<\/tbody>\n<\/table>\n<\/div>\n<\/div>\n<h3>Moldes de Preformas<\/h3>\n<div>\n<div>\n<div>\n<p>\u2013 Tecnologia avan\u00e7ada de projeto de moldes:<\/p>\n<div>Cada cavidade possui autotravagem independente, com sistema CNC japon\u00eas de alta precis\u00e3o.<\/div>\n<div>Para garantir baixa deforma\u00e7\u00e3o e precis\u00e3o do produto; cada pe\u00e7a do molde \u00e9 equipada com componentes dur\u00e1veis e intercambi\u00e1veis.<\/div>\n<div>Para melhorar e alcan\u00e7ar alta efici\u00eancia produtiva, projetamos o melhor sistema de resfriamento e podemos equipar cada molde com uma m\u00e1quina de resfriamento.<\/div>\n<div>\u2013 Sistema de canal quente com v\u00e1lvula avan\u00e7ado e preciso e controlador de temperatura, garantem a confiabilidade da produ\u00e7\u00e3o, al\u00e9m da alta transpar\u00eancia e brilho do produto.<\/div>\n<div>\u2013 Deslizadores do molde em cobre; o produto atende padr\u00f5es de seguran\u00e7a alimentar. Vida \u00fatil do molde: mais de 3 milh\u00f5es de ciclos.<\/div>\n<div><img fetchpriority=\"high\" decoding=\"async\" class=\"alignnone wp-image-299 size-full\" src=\"https:\/\/beta-machine.com\/wp-content\/uploads\/2025\/10\/Bottle-Preform-Moulds.webp\" alt=\"Plastic Preforms Making Bottle Preform Moulds Applicable For Injection Molding Machine\" width=\"983\" height=\"964\" srcset=\"https:\/\/www.beta-machine.com\/wp-content\/uploads\/2025\/10\/Bottle-Preform-Moulds.webp 983w, https:\/\/www.beta-machine.com\/wp-content\/uploads\/2025\/10\/Bottle-Preform-Moulds-600x588.webp 600w, https:\/\/www.beta-machine.com\/wp-content\/uploads\/2025\/10\/Bottle-Preform-Moulds-300x294.webp 300w, https:\/\/www.beta-machine.com\/wp-content\/uploads\/2025\/10\/Bottle-Preform-Moulds-768x753.webp 768w\" sizes=\"(max-width: 983px) 100vw, 983px\" \/><\/div>\n<div><img decoding=\"async\" class=\"alignnone wp-image-287 size-full\" src=\"https:\/\/beta-machine.com\/wp-content\/uploads\/2025\/10\/Injection-Bottle-Cap-Moulds-2.png\" alt=\"\" width=\"988\" height=\"785\" srcset=\"https:\/\/www.beta-machine.com\/wp-content\/uploads\/2025\/10\/Injection-Bottle-Cap-Moulds-2.png 988w, https:\/\/www.beta-machine.com\/wp-content\/uploads\/2025\/10\/Injection-Bottle-Cap-Moulds-2-600x477.png 600w, https:\/\/www.beta-machine.com\/wp-content\/uploads\/2025\/10\/Injection-Bottle-Cap-Moulds-2-300x238.png 300w, https:\/\/www.beta-machine.com\/wp-content\/uploads\/2025\/10\/Injection-Bottle-Cap-Moulds-2-768x610.png 768w\" sizes=\"(max-width: 988px) 100vw, 988px\" \/><\/div>\n<\/div>\n<\/div>\n<\/div>","protected":false},"excerpt":{"rendered":"<p>Moldes de preformas personalizados pela BETA, com 2 a 48 cavidades. Consultas bem-vindas.<\/p>","protected":false},"featured_media":301,"comment_status":"closed","ping_status":"closed","template":"","meta":{"_acf_changed":false},"product_brand":[],"product_cat":[38],"product_tag":[],"class_list":{"0":"post-294","1":"product","2":"type-product","3":"status-publish","4":"has-post-thumbnail","6":"product_cat-bottle-moulds","8":"first","9":"instock","10":"shipping-taxable","11":"purchasable","12":"product-type-variable"},"acf":[],"_links":{"self":[{"href":"https:\/\/www.beta-machine.com\/pt\/wp-json\/wp\/v2\/product\/294","targetHints":{"allow":["GET"]}}],"collection":[{"href":"https:\/\/www.beta-machine.com\/pt\/wp-json\/wp\/v2\/product"}],"about":[{"href":"https:\/\/www.beta-machine.com\/pt\/wp-json\/wp\/v2\/types\/product"}],"replies":[{"embeddable":true,"href":"https:\/\/www.beta-machine.com\/pt\/wp-json\/wp\/v2\/comments?post=294"}],"wp:featuredmedia":[{"embeddable":true,"href":"https:\/\/www.beta-machine.com\/pt\/wp-json\/wp\/v2\/media\/301"}],"wp:attachment":[{"href":"https:\/\/www.beta-machine.com\/pt\/wp-json\/wp\/v2\/media?parent=294"}],"wp:term":[{"taxonomy":"product_brand","embeddable":true,"href":"https:\/\/www.beta-machine.com\/pt\/wp-json\/wp\/v2\/product_brand?post=294"},{"taxonomy":"product_cat","embeddable":true,"href":"https:\/\/www.beta-machine.com\/pt\/wp-json\/wp\/v2\/product_cat?post=294"},{"taxonomy":"product_tag","embeddable":true,"href":"https:\/\/www.beta-machine.com\/pt\/wp-json\/wp\/v2\/product_tag?post=294"}],"curies":[{"name":"wp","href":"https:\/\/api.w.org\/{rel}","templated":true}]}}