{"id":315,"date":"2025-10-24T07:33:20","date_gmt":"2025-10-24T07:33:20","guid":{"rendered":"https:\/\/beta-machine.com\/?post_type=product&#038;p=315"},"modified":"2026-03-13T07:39:04","modified_gmt":"2026-03-13T07:39:04","slug":"plastic-bottle-blowing-mold-water-drinks-bottle-moulds","status":"publish","type":"product","link":"https:\/\/www.beta-machine.com\/pt\/plastic-bottle-blowing-mold-water-drinks-bottle-moulds-pd791266088\/","title":{"rendered":"Molde para sopragem de garrafas pl\u00e1sticas \/ Moldes para garrafas de bebidas"},"content":{"rendered":"<h3>Moldes para garrafas<\/h3>\n<div>\n<ul>\n<li>\u00a0Utilizamos tecnolog\u00edas CDC\/CAM de \u00faltima gera\u00e7\u00e3o para projetar e fabricar ferramentas de alta qualidade.<\/li>\n<li>Fornecemos moldes de sopragem conforme a demanda do cliente para uma variedade crescente de aplica\u00e7\u00f5es no mercado: frascos de boca larga, frascos cosm\u00e9ticos, frascos de detergente, frascos farmac\u00eauticos, frascos de molho de soja e \u00f3leo comest\u00edvel, latas de dupla costura, garrafas de \u00e1gua, garrafas resistentes ao calor e garrafas de bebidas carbonatadas.<\/li>\n<\/ul>\n<h3>Caracter\u00edsticas<\/h3>\n<ol>\n<li>O molde de sopragem para garrafas PET emprega design de gr\u00e1ficos por computador 3D para aumentar a taxa de sucesso na sopragem.<\/li>\n<li>Alta produtividade.<\/li>\n<li>Diversos tipos de moldes s\u00e3o projetados e produzidos, e as preformas de garrafas podem ser projetadas de acordo com a forma da garrafa.<\/li>\n<li>Todas as pe\u00e7as e componentes no processo de produ\u00e7\u00e3o s\u00e3o usinados com instrumentos de medi\u00e7\u00e3o de alta precis\u00e3o e m\u00e1quinas de alta precis\u00e3o.<\/li>\n<li>O processo de controle de qualidade \u00e9 rigorosamente controlado para garantir a qualidade do produto.<\/li>\n<li>Podemos cooperar com os clientes para desenvolver, projetar e fabricar produtos em conjunto.<\/li>\n<li>Feito de a\u00e7o ligado e a\u00e7o inoxid\u00e1vel, dur\u00e1vel e com boa estabilidade.<\/li>\n<\/ol>\n<div><img fetchpriority=\"high\" decoding=\"async\" class=\"alignnone wp-image-318 size-full\" src=\"https:\/\/beta-machine.com\/wp-content\/uploads\/2025\/10\/details.jpg\" alt=\"\" width=\"990\" height=\"685\" srcset=\"https:\/\/www.beta-machine.com\/wp-content\/uploads\/2025\/10\/details.jpg 990w, https:\/\/www.beta-machine.com\/wp-content\/uploads\/2025\/10\/details-600x415.jpg 600w, https:\/\/www.beta-machine.com\/wp-content\/uploads\/2025\/10\/details-300x208.jpg 300w, https:\/\/www.beta-machine.com\/wp-content\/uploads\/2025\/10\/details-768x531.jpg 768w\" sizes=\"(max-width: 990px) 100vw, 990px\" \/><\/div>\n<h3>Modelos de Moldes de Garrafas<\/h3>\n<div><img decoding=\"async\" class=\"alignnone size-full wp-image-317\" src=\"https:\/\/beta-machine.com\/wp-content\/uploads\/2025\/10\/Bottle-Mould-Models.jpg\" alt=\"\" width=\"984\" height=\"671\" srcset=\"https:\/\/www.beta-machine.com\/wp-content\/uploads\/2025\/10\/Bottle-Mould-Models.jpg 984w, https:\/\/www.beta-machine.com\/wp-content\/uploads\/2025\/10\/Bottle-Mould-Models-600x409.jpg 600w, https:\/\/www.beta-machine.com\/wp-content\/uploads\/2025\/10\/Bottle-Mould-Models-300x205.jpg 300w, https:\/\/www.beta-machine.com\/wp-content\/uploads\/2025\/10\/Bottle-Mould-Models-768x524.jpg 768w\" sizes=\"(max-width: 984px) 100vw, 984px\" \/> \u00a0<img decoding=\"async\" class=\"alignnone wp-image-287 size-full\" src=\"https:\/\/beta-machine.com\/wp-content\/uploads\/2025\/10\/Injection-Bottle-Cap-Moulds-2.png\" alt=\"\" width=\"988\" height=\"785\" srcset=\"https:\/\/www.beta-machine.com\/wp-content\/uploads\/2025\/10\/Injection-Bottle-Cap-Moulds-2.png 988w, https:\/\/www.beta-machine.com\/wp-content\/uploads\/2025\/10\/Injection-Bottle-Cap-Moulds-2-600x477.png 600w, https:\/\/www.beta-machine.com\/wp-content\/uploads\/2025\/10\/Injection-Bottle-Cap-Moulds-2-300x238.png 300w, https:\/\/www.beta-machine.com\/wp-content\/uploads\/2025\/10\/Injection-Bottle-Cap-Moulds-2-768x610.png 768w\" sizes=\"(max-width: 988px) 100vw, 988px\" \/><\/div>\n<\/div>","protected":false},"excerpt":{"rendered":"<p>A BETA disponibiliza moldes para garrafas de v\u00e1rios estilos personalizados, consulte-nos sem compromisso.<\/p>","protected":false},"featured_media":322,"comment_status":"closed","ping_status":"closed","template":"","meta":{"_acf_changed":false},"product_brand":[],"product_cat":[38],"product_tag":[],"class_list":{"0":"post-315","1":"product","2":"type-product","3":"status-publish","4":"has-post-thumbnail","6":"product_cat-bottle-moulds","8":"first","9":"instock","10":"shipping-taxable","11":"purchasable","12":"product-type-simple"},"acf":[],"_links":{"self":[{"href":"https:\/\/www.beta-machine.com\/pt\/wp-json\/wp\/v2\/product\/315","targetHints":{"allow":["GET"]}}],"collection":[{"href":"https:\/\/www.beta-machine.com\/pt\/wp-json\/wp\/v2\/product"}],"about":[{"href":"https:\/\/www.beta-machine.com\/pt\/wp-json\/wp\/v2\/types\/product"}],"replies":[{"embeddable":true,"href":"https:\/\/www.beta-machine.com\/pt\/wp-json\/wp\/v2\/comments?post=315"}],"wp:featuredmedia":[{"embeddable":true,"href":"https:\/\/www.beta-machine.com\/pt\/wp-json\/wp\/v2\/media\/322"}],"wp:attachment":[{"href":"https:\/\/www.beta-machine.com\/pt\/wp-json\/wp\/v2\/media?parent=315"}],"wp:term":[{"taxonomy":"product_brand","embeddable":true,"href":"https:\/\/www.beta-machine.com\/pt\/wp-json\/wp\/v2\/product_brand?post=315"},{"taxonomy":"product_cat","embeddable":true,"href":"https:\/\/www.beta-machine.com\/pt\/wp-json\/wp\/v2\/product_cat?post=315"},{"taxonomy":"product_tag","embeddable":true,"href":"https:\/\/www.beta-machine.com\/pt\/wp-json\/wp\/v2\/product_tag?post=315"}],"curies":[{"name":"wp","href":"https:\/\/api.w.org\/{rel}","templated":true}]}}