{"id":324,"date":"2025-10-24T07:43:42","date_gmt":"2025-10-24T07:43:42","guid":{"rendered":"https:\/\/beta-machine.com\/?post_type=product&#038;p=324"},"modified":"2026-03-13T06:49:35","modified_gmt":"2026-03-13T06:49:35","slug":"cap-lining-machine","status":"publish","type":"product","link":"https:\/\/www.beta-machine.com\/pt\/cap-lining-machine-pd711034388\/","title":{"rendered":"M\u00e1quina de revestimento de tampas"},"content":{"rendered":"<h2>Processo de fabrica\u00e7\u00e3o de tampas<\/h2>\n<p>A m\u00e1quina tampadora \u00e9 movida pelo material pl\u00e1stico extrudado pela extrusora atrav\u00e9s de um parafuso, cortado por uma placa separadora e distribu\u00eddo uniformemente em cada cavidade para formar uma tampa.<\/p>\n<p>&nbsp;<\/p>\n<h2>Vantagens \u00fanicas da m\u00e1quina<\/h2>\n<ol>\n<li>O material principal do molde de tampas \u00e9 feito de materiais propriet\u00e1rios, que possuem excelente resist\u00eancia ao desgaste, resist\u00eancia \u00e0 corros\u00e3o, propriedades de polimento \u00f3ptico ativo, al\u00e9m de boa usinabilidade e estabilidade t\u00eampera.<\/li>\n<li>Suporte de alta dureza, a\u00e7o ligado com alta resist\u00eancia ao desgaste e pouco propenso a queimar.<\/li>\n<\/ol>\n<h2>Vantagens do revestimento<\/h2>\n<ol class=\"list-paddingleft-2\">\n<li>Revestimento especificado para moldes de tampas fornecido por empresas su\u00ed\u00e7as<\/li>\n<li>Revestimento de a\u00e7o fino com espessura uniforme e forte ades\u00e3o<\/li>\n<li>Alta dureza<\/li>\n<li>Reduzir a fric\u00e7\u00e3o e o desgaste<\/li>\n<li>Pode prolongar eficazmente a vida \u00fatil do molde em 2 a 6 vezes<\/li>\n<\/ol>","protected":false},"excerpt":{"rendered":"<p>Cap manufacturing process The capping machine is driven by the plastic material extruded by the extruder through a screw, cut from a separating plate, and evenly distributed into each chamber to make a capping. &nbsp; Unique advantages of the machine The main cap mold material is made of proprietary materials, which have excellent wear resistance, [&hellip;]<\/p>\n","protected":false},"featured_media":326,"comment_status":"closed","ping_status":"closed","template":"","meta":{"_acf_changed":false},"product_brand":[],"product_cat":[37],"product_tag":[],"class_list":{"0":"post-324","1":"product","2":"type-product","3":"status-publish","4":"has-post-thumbnail","6":"product_cat-cap-lining-machine","8":"first","9":"instock","10":"shipping-taxable","11":"purchasable","12":"product-type-simple"},"acf":[],"_links":{"self":[{"href":"https:\/\/www.beta-machine.com\/pt\/wp-json\/wp\/v2\/product\/324","targetHints":{"allow":["GET"]}}],"collection":[{"href":"https:\/\/www.beta-machine.com\/pt\/wp-json\/wp\/v2\/product"}],"about":[{"href":"https:\/\/www.beta-machine.com\/pt\/wp-json\/wp\/v2\/types\/product"}],"replies":[{"embeddable":true,"href":"https:\/\/www.beta-machine.com\/pt\/wp-json\/wp\/v2\/comments?post=324"}],"wp:featuredmedia":[{"embeddable":true,"href":"https:\/\/www.beta-machine.com\/pt\/wp-json\/wp\/v2\/media\/326"}],"wp:attachment":[{"href":"https:\/\/www.beta-machine.com\/pt\/wp-json\/wp\/v2\/media?parent=324"}],"wp:term":[{"taxonomy":"product_brand","embeddable":true,"href":"https:\/\/www.beta-machine.com\/pt\/wp-json\/wp\/v2\/product_brand?post=324"},{"taxonomy":"product_cat","embeddable":true,"href":"https:\/\/www.beta-machine.com\/pt\/wp-json\/wp\/v2\/product_cat?post=324"},{"taxonomy":"product_tag","embeddable":true,"href":"https:\/\/www.beta-machine.com\/pt\/wp-json\/wp\/v2\/product_tag?post=324"}],"curies":[{"name":"wp","href":"https:\/\/api.w.org\/{rel}","templated":true}]}}