{"id":343,"date":"2025-10-24T07:59:54","date_gmt":"2025-10-24T07:59:54","guid":{"rendered":"https:\/\/beta-machine.com\/?post_type=product&#038;p=343"},"modified":"2026-03-13T06:36:51","modified_gmt":"2026-03-13T06:36:51","slug":"automatic-plastic-cap-slitting-machine-cap-anti-theft-ring-slitting-machine-2","status":"publish","type":"product","link":"https:\/\/www.beta-machine.com\/pt\/automatic-plastic-cap-slitting-machine-cap-anti-theft-ring-slitting-machine-pd750034388\/","title":{"rendered":"M\u00e1quina autom\u00e1tica de ranhamento de tampas pl\u00e1sticas \/ M\u00e1quina de ranhamento do anel antirroubo de tampas"},"content":{"rendered":"<h2>Vantagens da m\u00e1quina<\/h2>\n<p>O material principal do molde de tampas utiliza material patenteado, com excelente resist\u00eancia ao desgaste, resist\u00eancia \u00e0 corros\u00e3o, polimento \u00f3ptico, boa usinabilidade e estabilidade \u00e0 t\u00eampera.<\/p>\n<p>Os suportes s\u00e3o de a\u00e7o ligado de alta dureza e alta resist\u00eancia ao desgaste, n\u00e3o queimam facilmente<\/p>\n<p>&nbsp;<\/p>\n<h2>Vantagem do revestimento<\/h2>\n<ol class=\"list-paddingleft-2\">\n<li>Revestimento especificado por empresa su\u00ed\u00e7a para molde de tampas<\/li>\n<li>O revestimento \u00e9 de pouca espessura e com forte ader\u00eancia.<\/li>\n<li>Alta dureza<\/li>\n<li>Menor fric\u00e7\u00e3o e redu\u00e7\u00e3o do desgaste<\/li>\n<li>Pode estender eficazmente a vida \u00fatil dos moldes de 2 a 6 vezes<\/li>\n<\/ol>","protected":false},"excerpt":{"rendered":"<p>Esta m\u00e1quina \u00e9 utilizada para cortar o anel antirroubo das tampas pl\u00e1sticas. Requer precis\u00e3o tecnol\u00f3gica absoluta para ranhurar cada tampa de forma r\u00e1pida e cuidadosa em opera\u00e7\u00e3o de alta velocidade, mantendo suas caracter\u00edsticas multifuncionais est\u00e1veis e garantindo a uniformidade, a seguran\u00e7a antirroubo e a veda\u00e7\u00e3o de todas as ranhuras da tampa.<br \/>\nA ranhura da tampa feita por esta m\u00e1quina \u00e9 lisa, plana e bonita, permitindo que as tampas demonstrem melhor a fun\u00e7\u00e3o antirroubo das tampas antirroubo de rosca ap\u00f3s o corte do anel.<\/p>","protected":false},"featured_media":344,"comment_status":"closed","ping_status":"closed","template":"","meta":{"_acf_changed":false},"product_brand":[],"product_cat":[36],"product_tag":[],"class_list":{"0":"post-343","1":"product","2":"type-product","3":"status-publish","4":"has-post-thumbnail","6":"product_cat-cap-slitting-machine","8":"first","9":"instock","10":"shipping-taxable","11":"purchasable","12":"product-type-simple"},"acf":[],"_links":{"self":[{"href":"https:\/\/www.beta-machine.com\/pt\/wp-json\/wp\/v2\/product\/343","targetHints":{"allow":["GET"]}}],"collection":[{"href":"https:\/\/www.beta-machine.com\/pt\/wp-json\/wp\/v2\/product"}],"about":[{"href":"https:\/\/www.beta-machine.com\/pt\/wp-json\/wp\/v2\/types\/product"}],"replies":[{"embeddable":true,"href":"https:\/\/www.beta-machine.com\/pt\/wp-json\/wp\/v2\/comments?post=343"}],"wp:featuredmedia":[{"embeddable":true,"href":"https:\/\/www.beta-machine.com\/pt\/wp-json\/wp\/v2\/media\/344"}],"wp:attachment":[{"href":"https:\/\/www.beta-machine.com\/pt\/wp-json\/wp\/v2\/media?parent=343"}],"wp:term":[{"taxonomy":"product_brand","embeddable":true,"href":"https:\/\/www.beta-machine.com\/pt\/wp-json\/wp\/v2\/product_brand?post=343"},{"taxonomy":"product_cat","embeddable":true,"href":"https:\/\/www.beta-machine.com\/pt\/wp-json\/wp\/v2\/product_cat?post=343"},{"taxonomy":"product_tag","embeddable":true,"href":"https:\/\/www.beta-machine.com\/pt\/wp-json\/wp\/v2\/product_tag?post=343"}],"curies":[{"name":"wp","href":"https:\/\/api.w.org\/{rel}","templated":true}]}}