{"id":345,"date":"2025-10-24T08:07:51","date_gmt":"2025-10-24T08:07:51","guid":{"rendered":"https:\/\/beta-machine.com\/?post_type=product&#038;p=345"},"modified":"2025-11-04T08:20:59","modified_gmt":"2025-11-04T08:20:59","slug":"automatic-plastic-cap-anti-theft-ring-slitting-machine","status":"publish","type":"product","link":"https:\/\/www.beta-machine.com\/pt\/automatic-plastic-cap-anti-theft-ring-slitting-machine-pd704628088\/","title":{"rendered":"M\u00e1quina autom\u00e1tica de ranhamento do anel antirroubo de tampas pl\u00e1sticas"},"content":{"rendered":"<p><strong>M\u00e1quina autom\u00e1tica de ranhamento de tampas pl\u00e1sticas \/ M\u00e1quina de ranhamento do anel antirroubo de tampas<\/strong><\/p>\n<p>\u00b7 \u00a0A m\u00e1quina de ranhamento de tampas \u00e9 utilizada para cortar o anel antirroubo das tampas pl\u00e1sticas. Requer precis\u00e3o tecnol\u00f3gica absoluta para que cada tampa seja ranhurada r\u00e1pida e finamente em opera\u00e7\u00e3o de alta velocidade, mantendo suas caracter\u00edsticas multifuncionais e garantindo a consist\u00eancia, seguran\u00e7a antirroubo e veda\u00e7\u00e3o de cada ranhura da tampa.<\/p>\n<div>\u00b7 \u00a0A ranhura da tampa feita por esta m\u00e1quina \u00e9 lisa, plana e bonita, permitindo que as tampas demonstrem melhor a fun\u00e7\u00e3o antirroubo das tampas antirroubo de rosca ap\u00f3s o corte do anel.<\/div>\n<p><img fetchpriority=\"high\" decoding=\"async\" class=\"alignnone size-full wp-image-347\" src=\"https:\/\/beta-machine.com\/wp-content\/uploads\/2025\/10\/cap-slitting-machine-1.png\" alt=\"\" width=\"721\" height=\"689\" srcset=\"https:\/\/www.beta-machine.com\/wp-content\/uploads\/2025\/10\/cap-slitting-machine-1.png 721w, https:\/\/www.beta-machine.com\/wp-content\/uploads\/2025\/10\/cap-slitting-machine-1-600x573.png 600w, https:\/\/www.beta-machine.com\/wp-content\/uploads\/2025\/10\/cap-slitting-machine-1-300x287.png 300w\" sizes=\"(max-width: 721px) 100vw, 721px\" \/> <img decoding=\"async\" class=\"alignnone size-full wp-image-348\" src=\"https:\/\/beta-machine.com\/wp-content\/uploads\/2025\/10\/cap-slitting-machine1.png\" alt=\"\" width=\"1126\" height=\"261\" srcset=\"https:\/\/www.beta-machine.com\/wp-content\/uploads\/2025\/10\/cap-slitting-machine1.png 1126w, https:\/\/www.beta-machine.com\/wp-content\/uploads\/2025\/10\/cap-slitting-machine1-600x139.png 600w, https:\/\/www.beta-machine.com\/wp-content\/uploads\/2025\/10\/cap-slitting-machine1-300x70.png 300w, https:\/\/www.beta-machine.com\/wp-content\/uploads\/2025\/10\/cap-slitting-machine1-1024x237.png 1024w, https:\/\/www.beta-machine.com\/wp-content\/uploads\/2025\/10\/cap-slitting-machine1-768x178.png 768w\" sizes=\"(max-width: 1126px) 100vw, 1126px\" \/><\/p>\n<p>Tanto para tampas s\u00e9rie quanto para tampas padr\u00e3o, podemos recomendar aos usu\u00e1rios uma m\u00e1quina de ranhamento eficiente e pr\u00e1tica. Pode-se usar uma \u00fanica m\u00e1quina de ranhamento ou de dobra para otimizar o rendimento.<\/p>\n<p><strong>Campo de aplica\u00e7\u00e3o<\/strong><\/p>\n<p><img decoding=\"async\" class=\"alignnone size-full wp-image-349\" src=\"https:\/\/beta-machine.com\/wp-content\/uploads\/2025\/10\/cap-slitting-machine-1-1.png\" alt=\"\" width=\"1962\" height=\"555\" srcset=\"https:\/\/www.beta-machine.com\/wp-content\/uploads\/2025\/10\/cap-slitting-machine-1-1.png 1962w, https:\/\/www.beta-machine.com\/wp-content\/uploads\/2025\/10\/cap-slitting-machine-1-1-600x170.png 600w, https:\/\/www.beta-machine.com\/wp-content\/uploads\/2025\/10\/cap-slitting-machine-1-1-300x85.png 300w, https:\/\/www.beta-machine.com\/wp-content\/uploads\/2025\/10\/cap-slitting-machine-1-1-1024x290.png 1024w, https:\/\/www.beta-machine.com\/wp-content\/uploads\/2025\/10\/cap-slitting-machine-1-1-768x217.png 768w, https:\/\/www.beta-machine.com\/wp-content\/uploads\/2025\/10\/cap-slitting-machine-1-1-1536x434.png 1536w\" sizes=\"(max-width: 1962px) 100vw, 1962px\" \/><\/p>\n<p><strong>Detalhes do produto<\/strong><\/p>\n<p><img loading=\"lazy\" decoding=\"async\" class=\"alignnone size-full wp-image-350\" src=\"https:\/\/beta-machine.com\/wp-content\/uploads\/2025\/10\/cap-slitting2.png\" alt=\"\" width=\"750\" height=\"685\" srcset=\"https:\/\/www.beta-machine.com\/wp-content\/uploads\/2025\/10\/cap-slitting2.png 750w, https:\/\/www.beta-machine.com\/wp-content\/uploads\/2025\/10\/cap-slitting2-600x548.png 600w, https:\/\/www.beta-machine.com\/wp-content\/uploads\/2025\/10\/cap-slitting2-300x274.png 300w\" sizes=\"(max-width: 750px) 100vw, 750px\" \/><\/p>","protected":false},"excerpt":{"rendered":"<p>A m\u00e1quina de ranhamento de tampas \u00e9 utilizada para cortar o anel antirroubo das tampas pl\u00e1sticas. Requer precis\u00e3o tecnol\u00f3gica absoluta para que cada tampa seja ranhurada r\u00e1pida e finamente em opera\u00e7\u00e3o de alta velocidade, mantendo suas caracter\u00edsticas multifuncionais e garantindo a consist\u00eancia, seguran\u00e7a antirroubo e veda\u00e7\u00e3o de cada ranhura da tampa.<\/p>\n<div>A ranhura da tampa feita por esta m\u00e1quina \u00e9 lisa, plana e bonita, permitindo que as tampas demonstrem melhor a fun\u00e7\u00e3o antirroubo das tampas antirroubo de rosca ap\u00f3s o corte do anel.<\/div>","protected":false},"featured_media":351,"comment_status":"closed","ping_status":"closed","template":"","meta":{"_acf_changed":false},"product_brand":[],"product_cat":[36],"product_tag":[],"class_list":{"0":"post-345","1":"product","2":"type-product","3":"status-publish","4":"has-post-thumbnail","6":"product_cat-cap-slitting-machine","8":"first","9":"instock","10":"shipping-taxable","11":"purchasable","12":"product-type-simple"},"acf":[],"_links":{"self":[{"href":"https:\/\/www.beta-machine.com\/pt\/wp-json\/wp\/v2\/product\/345","targetHints":{"allow":["GET"]}}],"collection":[{"href":"https:\/\/www.beta-machine.com\/pt\/wp-json\/wp\/v2\/product"}],"about":[{"href":"https:\/\/www.beta-machine.com\/pt\/wp-json\/wp\/v2\/types\/product"}],"replies":[{"embeddable":true,"href":"https:\/\/www.beta-machine.com\/pt\/wp-json\/wp\/v2\/comments?post=345"}],"wp:featuredmedia":[{"embeddable":true,"href":"https:\/\/www.beta-machine.com\/pt\/wp-json\/wp\/v2\/media\/351"}],"wp:attachment":[{"href":"https:\/\/www.beta-machine.com\/pt\/wp-json\/wp\/v2\/media?parent=345"}],"wp:term":[{"taxonomy":"product_brand","embeddable":true,"href":"https:\/\/www.beta-machine.com\/pt\/wp-json\/wp\/v2\/product_brand?post=345"},{"taxonomy":"product_cat","embeddable":true,"href":"https:\/\/www.beta-machine.com\/pt\/wp-json\/wp\/v2\/product_cat?post=345"},{"taxonomy":"product_tag","embeddable":true,"href":"https:\/\/www.beta-machine.com\/pt\/wp-json\/wp\/v2\/product_tag?post=345"}],"curies":[{"name":"wp","href":"https:\/\/api.w.org\/{rel}","templated":true}]}}