{"id":358,"date":"2025-10-24T08:18:35","date_gmt":"2025-10-24T08:18:35","guid":{"rendered":"https:\/\/beta-machine.com\/?post_type=product&#038;p=358"},"modified":"2025-12-16T05:40:19","modified_gmt":"2025-12-16T05:40:19","slug":"high-speed-automatic-pet-plastic-cap-folding-machine-for-bottle-cap-cutting","status":"publish","type":"product","link":"https:\/\/www.beta-machine.com\/pt\/high-speed-automatic-pet-plastic-cap-folding-machine-for-bottle-cap-cutting\/","title":{"rendered":"M\u00e1quina autom\u00e1tica de dobra de tampas de pl\u00e1stico PET de alta velocidade para corte de tampas"},"content":{"rendered":"<p><strong>M\u00e1quina autom\u00e1tica de dobra de tampas de pl\u00e1stico PET de alta velocidade para corte de tampas<\/strong><\/p>\n<p>\u00b7 A m\u00e1quina de dobra foi desenvolvida para tampas especiais com faixa ondulada, dif\u00edceis de dobrar para dentro ap\u00f3s a moldagem por compress\u00e3o ou inje\u00e7\u00e3o.<br \/>\nEste tipo de tampa deve passar por um processo de dobra ap\u00f3s a moldagem para permitir um tamponamento adequado. As tampas que s\u00e3o empilhadas termicamente pela m\u00e1quina de dobra t\u00eam a caracter\u00edstica de que as pe\u00e7as antirroubo n\u00e3o rebotam facilmente e possuem bom efeito antirroubo. Esta m\u00e1quina resolve eficazmente o problema do dobramento interno das l\u00e2minas antirroubo das tampas de pl\u00e1stico, melhora significativamente o desempenho antirroubo das tampas de pl\u00e1stico e pode atender diferentes clientes com diferentes equipamentos e capacidades.<\/p>\n<p><img fetchpriority=\"high\" decoding=\"async\" class=\"alignnone size-full wp-image-366\" src=\"https:\/\/beta-machine.com\/wp-content\/uploads\/2025\/10\/cap-folding-machine1.png\" alt=\"\" width=\"1979\" height=\"661\" srcset=\"https:\/\/www.beta-machine.com\/wp-content\/uploads\/2025\/10\/cap-folding-machine1.png 1979w, https:\/\/www.beta-machine.com\/wp-content\/uploads\/2025\/10\/cap-folding-machine1-600x200.png 600w, https:\/\/www.beta-machine.com\/wp-content\/uploads\/2025\/10\/cap-folding-machine1-300x100.png 300w, https:\/\/www.beta-machine.com\/wp-content\/uploads\/2025\/10\/cap-folding-machine1-1024x342.png 1024w, https:\/\/www.beta-machine.com\/wp-content\/uploads\/2025\/10\/cap-folding-machine1-768x257.png 768w, https:\/\/www.beta-machine.com\/wp-content\/uploads\/2025\/10\/cap-folding-machine1-1536x513.png 1536w\" sizes=\"(max-width: 1979px) 100vw, 1979px\" \/><\/p>\n<p>Esta m\u00e1quina de dobra \u00e9 especialmente desenvolvida para tampas complexas dif\u00edceis de encaixar na garrafa por ter o anel antirroubo interno expandido para fora.<\/p>\n<p><strong>Campo de aplica\u00e7\u00e3o<\/strong><\/p>\n<p><img decoding=\"async\" class=\"alignnone size-full wp-image-349\" src=\"https:\/\/beta-machine.com\/wp-content\/uploads\/2025\/10\/cap-slitting-machine-1-1.png\" alt=\"\" width=\"1962\" height=\"555\" srcset=\"https:\/\/www.beta-machine.com\/wp-content\/uploads\/2025\/10\/cap-slitting-machine-1-1.png 1962w, https:\/\/www.beta-machine.com\/wp-content\/uploads\/2025\/10\/cap-slitting-machine-1-1-600x170.png 600w, https:\/\/www.beta-machine.com\/wp-content\/uploads\/2025\/10\/cap-slitting-machine-1-1-300x85.png 300w, https:\/\/www.beta-machine.com\/wp-content\/uploads\/2025\/10\/cap-slitting-machine-1-1-1024x290.png 1024w, https:\/\/www.beta-machine.com\/wp-content\/uploads\/2025\/10\/cap-slitting-machine-1-1-768x217.png 768w, https:\/\/www.beta-machine.com\/wp-content\/uploads\/2025\/10\/cap-slitting-machine-1-1-1536x434.png 1536w\" sizes=\"(max-width: 1962px) 100vw, 1962px\" \/><\/p>\n<p><strong>Detalhes do produto<\/strong><\/p>\n<p><img decoding=\"async\" class=\"alignnone size-full wp-image-367\" src=\"https:\/\/beta-machine.com\/wp-content\/uploads\/2025\/10\/cap-folding-1.png\" alt=\"\" width=\"760\" height=\"457\" srcset=\"https:\/\/www.beta-machine.com\/wp-content\/uploads\/2025\/10\/cap-folding-1.png 760w, https:\/\/www.beta-machine.com\/wp-content\/uploads\/2025\/10\/cap-folding-1-600x361.png 600w, https:\/\/www.beta-machine.com\/wp-content\/uploads\/2025\/10\/cap-folding-1-300x180.png 300w\" sizes=\"(max-width: 760px) 100vw, 760px\" \/><\/p>","protected":false},"excerpt":{"rendered":"<p>A m\u00e1quina de dobra de tampas \u00e9 desenvolvida para tampas especiais com faixa ondulada, dif\u00edceis de dobrar internamente ap\u00f3s a moldagem por compress\u00e3o ou inje\u00e7\u00e3o.<\/p>\n<div>Este tipo de tampa deve passar por um processo de dobra ap\u00f3s a moldagem para permitir um tamponamento adequado. As tampas que s\u00e3o empilhadas termicamente pela m\u00e1quina de dobra t\u00eam a caracter\u00edstica de que as pe\u00e7as antirroubo n\u00e3o rebotam facilmente e possuem bom efeito antirroubo. Esta m\u00e1quina resolve eficazmente o problema do dobramento interno das l\u00e2minas antirroubo das tampas de pl\u00e1stico, melhora significativamente o desempenho antirroubo das tampas de pl\u00e1stico e pode atender diferentes clientes com diferentes equipamentos e capacidades.<\/div>","protected":false},"featured_media":360,"comment_status":"closed","ping_status":"closed","template":"","meta":{"_acf_changed":false},"product_brand":[],"product_cat":[35],"product_tag":[],"class_list":{"0":"post-358","1":"product","2":"type-product","3":"status-publish","4":"has-post-thumbnail","6":"product_cat-cap-folding-machine","8":"first","9":"instock","10":"shipping-taxable","11":"purchasable","12":"product-type-variable"},"acf":[],"_links":{"self":[{"href":"https:\/\/www.beta-machine.com\/pt\/wp-json\/wp\/v2\/product\/358","targetHints":{"allow":["GET"]}}],"collection":[{"href":"https:\/\/www.beta-machine.com\/pt\/wp-json\/wp\/v2\/product"}],"about":[{"href":"https:\/\/www.beta-machine.com\/pt\/wp-json\/wp\/v2\/types\/product"}],"replies":[{"embeddable":true,"href":"https:\/\/www.beta-machine.com\/pt\/wp-json\/wp\/v2\/comments?post=358"}],"wp:featuredmedia":[{"embeddable":true,"href":"https:\/\/www.beta-machine.com\/pt\/wp-json\/wp\/v2\/media\/360"}],"wp:attachment":[{"href":"https:\/\/www.beta-machine.com\/pt\/wp-json\/wp\/v2\/media?parent=358"}],"wp:term":[{"taxonomy":"product_brand","embeddable":true,"href":"https:\/\/www.beta-machine.com\/pt\/wp-json\/wp\/v2\/product_brand?post=358"},{"taxonomy":"product_cat","embeddable":true,"href":"https:\/\/www.beta-machine.com\/pt\/wp-json\/wp\/v2\/product_cat?post=358"},{"taxonomy":"product_tag","embeddable":true,"href":"https:\/\/www.beta-machine.com\/pt\/wp-json\/wp\/v2\/product_tag?post=358"}],"curies":[{"name":"wp","href":"https:\/\/api.w.org\/{rel}","templated":true}]}}