{"id":368,"date":"2025-10-24T08:21:23","date_gmt":"2025-10-24T08:21:23","guid":{"rendered":"https:\/\/beta-machine.com\/?post_type=product&#038;p=368"},"modified":"2026-03-13T06:12:35","modified_gmt":"2026-03-13T06:12:35","slug":"high-speed-automatic-plastic-cap-folding-machine-for-bottle-cap-cutting","status":"publish","type":"product","link":"https:\/\/www.beta-machine.com\/pt\/high-speed-automatic-plastic-cap-folding-machine-for-bottle-cap-cutting-pd741034388\/","title":{"rendered":"M\u00e1quina Autom\u00e1tica de Dobra de Tampas de Pl\u00e1stico de Alta Velocidade para Corte de Tampas de Garrafa"},"content":{"rendered":"<p><strong>Processo de fabrica\u00e7\u00e3o de tampas<\/strong><\/p>\n<p>A m\u00e1quina tampadora \u00e9 movida pelo material pl\u00e1stico extrudado pela extrusora atrav\u00e9s de um parafuso, cortado por uma placa separadora e distribu\u00eddo uniformemente em cada cavidade para formar uma tampa.<\/p>\n<p><strong>M\u00e1quina autom\u00e1tica de dobra de tampas de pl\u00e1stico PET de alta velocidade para corte de tampas<\/strong><\/p>\n<p>A m\u00e1quina de dobra est\u00e1 desenvolvida para tampas especiais com faixa \u201condulada\u201d, as quais n\u00e3o s\u00e3o f\u00e1ceis de dobrar ap\u00f3s a moldagem por compress\u00e3o ou inje\u00e7\u00e3o.<\/p>\n<p>Este tipo de tampa deve passar por um processo de dobra ap\u00f3s a moldagem para permitir um tamponamento adequado. As tampas que s\u00e3o empilhadas termicamente pela m\u00e1quina de dobra t\u00eam a caracter\u00edstica de que as pe\u00e7as antirroubo n\u00e3o rebotam facilmente e possuem bom efeito antirroubo. Esta m\u00e1quina resolve eficazmente o problema do dobramento interno das l\u00e2minas antirroubo das tampas de pl\u00e1stico, melhora significativamente o desempenho antirroubo das tampas de pl\u00e1stico e pode atender diferentes clientes com diferentes equipamentos e capacidades.<\/p>\n<p><strong>Vantagens \u00danicas da M\u00e1quina<\/strong><\/p>\n<p>O material principal do molde de tampas utiliza material patenteado, com excelente resist\u00eancia ao desgaste, resist\u00eancia \u00e0 corros\u00e3o, polimento \u00f3ptico, boa usinabilidade e estabilidade \u00e0 t\u00eampera.<\/p>\n<p>Os suportes s\u00e3o de a\u00e7o ligado de alta dureza e alta resist\u00eancia ao desgaste, n\u00e3o queimam facilmente<\/p>\n<p><strong>Vantagens do revestimento<\/strong><\/p>\n<p>Revestimento especificado por empresa su\u00ed\u00e7a para molde de tampas<\/p>\n<p>O revestimento \u00e9 de pouca espessura e com forte ader\u00eancia.<br \/>\nAlta dureza<br \/>\nMenor fric\u00e7\u00e3o e redu\u00e7\u00e3o do desgaste<br \/>\nPode estender eficazmente a vida \u00fatil dos moldes de 2 a 6 vezes<\/p>","protected":false},"excerpt":{"rendered":"<p>Cap manufacturing process The capping machine is driven by the plastic material extruded by the extruder through a screw, cut from a separating plate, and evenly distributed into each chamber to make a capping. High Speed Automatic PET Plastic Cap Folding Machine For Bottle Cap Cutting Folding machine is developed for some special cap that [&hellip;]<\/p>\n","protected":false},"featured_media":370,"comment_status":"closed","ping_status":"closed","template":"","meta":{"_acf_changed":false},"product_brand":[],"product_cat":[35],"product_tag":[],"class_list":{"0":"post-368","1":"product","2":"type-product","3":"status-publish","4":"has-post-thumbnail","6":"product_cat-cap-folding-machine","8":"first","9":"instock","10":"shipping-taxable","11":"purchasable","12":"product-type-simple"},"acf":[],"_links":{"self":[{"href":"https:\/\/www.beta-machine.com\/pt\/wp-json\/wp\/v2\/product\/368","targetHints":{"allow":["GET"]}}],"collection":[{"href":"https:\/\/www.beta-machine.com\/pt\/wp-json\/wp\/v2\/product"}],"about":[{"href":"https:\/\/www.beta-machine.com\/pt\/wp-json\/wp\/v2\/types\/product"}],"replies":[{"embeddable":true,"href":"https:\/\/www.beta-machine.com\/pt\/wp-json\/wp\/v2\/comments?post=368"}],"wp:featuredmedia":[{"embeddable":true,"href":"https:\/\/www.beta-machine.com\/pt\/wp-json\/wp\/v2\/media\/370"}],"wp:attachment":[{"href":"https:\/\/www.beta-machine.com\/pt\/wp-json\/wp\/v2\/media?parent=368"}],"wp:term":[{"taxonomy":"product_brand","embeddable":true,"href":"https:\/\/www.beta-machine.com\/pt\/wp-json\/wp\/v2\/product_brand?post=368"},{"taxonomy":"product_cat","embeddable":true,"href":"https:\/\/www.beta-machine.com\/pt\/wp-json\/wp\/v2\/product_cat?post=368"},{"taxonomy":"product_tag","embeddable":true,"href":"https:\/\/www.beta-machine.com\/pt\/wp-json\/wp\/v2\/product_tag?post=368"}],"curies":[{"name":"wp","href":"https:\/\/api.w.org\/{rel}","templated":true}]}}