{"id":371,"date":"2025-10-24T08:25:02","date_gmt":"2025-10-24T08:25:02","guid":{"rendered":"https:\/\/beta-machine.com\/?post_type=product&#038;p=371"},"modified":"2025-10-24T08:25:14","modified_gmt":"2025-10-24T08:25:14","slug":"hydraulic-plastic-cap-compression-molding-machinestandard-type","status":"publish","type":"product","link":"https:\/\/www.beta-machine.com\/pt\/hydraulic-plastic-cap-compression-molding-machine-standard-type-pd714034388\/","title":{"rendered":"M\u00e1quina Moldadora por Compress\u00e3o Hidr\u00e1ulica de Tampas Pl\u00e1sticas (Tipo Padr\u00e3o)"},"content":{"rendered":"<p><strong>Vantagens \u00danicas da M\u00e1quina<\/strong><\/p>\n<p>O material principal do molde de tampas utiliza material patenteado, com excelente resist\u00eancia ao desgaste, resist\u00eancia \u00e0 corros\u00e3o, polimento \u00f3ptico, boa usinabilidade e estabilidade \u00e0 t\u00eampera.<\/p>\n<p>Os suportes s\u00e3o de a\u00e7o ligado de alta dureza e alta resist\u00eancia ao desgaste, n\u00e3o queimam facilmente<\/p>\n<p><strong>Vantagens do revestimento<\/strong><\/p>\n<ol class=\"list-paddingleft-2\">\n<li>Revestimento especificado por empresa su\u00ed\u00e7a para molde de tampas<\/li>\n<li>O revestimento \u00e9 de pouca espessura e com forte ader\u00eancia.<\/li>\n<li>Alta dureza<\/li>\n<li>Menor fric\u00e7\u00e3o e redu\u00e7\u00e3o do desgaste<\/li>\n<li>Pode estender eficazmente a vida \u00fatil dos moldes de 2 a 6 vezes<\/li>\n<\/ol>\n<p><strong>M\u00e1quina Moldadora por Compress\u00e3o Hidr\u00e1ulica de Tampas Pl\u00e1sticas (Tipo Padr\u00e3o)<\/strong><\/p>\n<p>Esta m\u00e1quina utiliza a bomba de \u00f3leo para fornecer press\u00e3o, que \u00e9 maior e est\u00e1vel, podendo proporcionar a mesma press\u00e3o para cada molde. Portanto, as tampas produzidas por esta m\u00e1quina possuem apar\u00eancia mais bonita e estrutura compacta. Tamb\u00e9m \u00e9 ben\u00e9fico para prolongar a vida \u00fatil dos moldes.<\/p>\n<p>Maior velocidade de moldagem de tampas e menor diferen\u00e7a na qualidade exigida. Al\u00e9m disso, este modelo amplia a variedade de produtos e a faixa de di\u00e2metros de tampas para atender \u00e0s demandas individualizadas dos clientes.<\/p>\n<p>\u00b7 Considerando o consumo de energia, consumo de materiais e prote\u00e7\u00e3o ambiental, essa m\u00e1quina de moldagem por compress\u00e3o \u00e9 a tend\u00eancia presente e futura. Oferece uma boa plataforma para a intelig\u00eancia, informatiza\u00e7\u00e3o e controle do processo produtivo.<\/p>\n<p>Vantagens: alto grau de automa\u00e7\u00e3o, alta efici\u00eancia, troca de diferentes moldes, uma m\u00e1quina com m\u00faltiplos usos.<\/p>","protected":false},"excerpt":{"rendered":"<p>Machine Unique Advantage The main cap mould material use proprietary material,it has excellent wear resistance, corriosion resistance and polishing of optical activity, good machinability, and quench stability. Braces with high hardness, high wear resistance of alloy steel, not easy to burn. Coating advantages Cap mould specified coating by Swiss company The coating thickness of thin [&hellip;]<\/p>\n","protected":false},"featured_media":373,"comment_status":"closed","ping_status":"closed","template":"","meta":{"_acf_changed":false},"product_brand":[],"product_cat":[34],"product_tag":[],"class_list":{"0":"post-371","1":"product","2":"type-product","3":"status-publish","4":"has-post-thumbnail","6":"product_cat-cap-compression-molding-machine-cap-compression-molding-machine","8":"first","9":"instock","10":"shipping-taxable","11":"purchasable","12":"product-type-simple"},"acf":[],"_links":{"self":[{"href":"https:\/\/www.beta-machine.com\/pt\/wp-json\/wp\/v2\/product\/371","targetHints":{"allow":["GET"]}}],"collection":[{"href":"https:\/\/www.beta-machine.com\/pt\/wp-json\/wp\/v2\/product"}],"about":[{"href":"https:\/\/www.beta-machine.com\/pt\/wp-json\/wp\/v2\/types\/product"}],"replies":[{"embeddable":true,"href":"https:\/\/www.beta-machine.com\/pt\/wp-json\/wp\/v2\/comments?post=371"}],"wp:featuredmedia":[{"embeddable":true,"href":"https:\/\/www.beta-machine.com\/pt\/wp-json\/wp\/v2\/media\/373"}],"wp:attachment":[{"href":"https:\/\/www.beta-machine.com\/pt\/wp-json\/wp\/v2\/media?parent=371"}],"wp:term":[{"taxonomy":"product_brand","embeddable":true,"href":"https:\/\/www.beta-machine.com\/pt\/wp-json\/wp\/v2\/product_brand?post=371"},{"taxonomy":"product_cat","embeddable":true,"href":"https:\/\/www.beta-machine.com\/pt\/wp-json\/wp\/v2\/product_cat?post=371"},{"taxonomy":"product_tag","embeddable":true,"href":"https:\/\/www.beta-machine.com\/pt\/wp-json\/wp\/v2\/product_tag?post=371"}],"curies":[{"name":"wp","href":"https:\/\/api.w.org\/{rel}","templated":true}]}}