{"id":377,"date":"2025-10-24T08:28:48","date_gmt":"2025-10-24T08:28:48","guid":{"rendered":"https:\/\/beta-machine.com\/?post_type=product&#038;p=377"},"modified":"2025-10-24T08:29:02","modified_gmt":"2025-10-24T08:29:02","slug":"hydraulic-plastic-cap-compression-molding-machinehigh-speed-type","status":"publish","type":"product","link":"https:\/\/www.beta-machine.com\/pt\/hydraulic-plastic-cap-compression-molding-machine-high-speed-type-pd762034388\/","title":{"rendered":"M\u00e1quina moldadora por compress\u00e3o hidr\u00e1ulica de tampas pl\u00e1sticas (tipo alta velocidade)"},"content":{"rendered":"<p><strong>Vantagens \u00danicas da M\u00e1quina<\/strong><\/p>\n<p>O material principal do molde de tampas utiliza material patenteado, com excelente resist\u00eancia ao desgaste, resist\u00eancia \u00e0 corros\u00e3o, polimento \u00f3ptico, boa usinabilidade e estabilidade \u00e0 t\u00eampera.<\/p>\n<p>Os suportes s\u00e3o de a\u00e7o ligado de alta dureza e alta resist\u00eancia ao desgaste, n\u00e3o queimam facilmente<\/p>\n<p><strong>Vantagens do revestimento<\/strong><\/p>\n<ol class=\"list-paddingleft-2\">\n<li>Revestimento especificado por empresa su\u00ed\u00e7a para molde de tampas<\/li>\n<li>O revestimento \u00e9 de pouca espessura e com forte ader\u00eancia.<\/li>\n<li>Alta dureza<\/li>\n<li>Menor fric\u00e7\u00e3o e redu\u00e7\u00e3o do desgaste<\/li>\n<li>Pode estender eficazmente a vida \u00fatil dos moldes de 2 a 6 vezes<\/li>\n<\/ol>\n<p><strong>M\u00e1quina moldadora por compress\u00e3o hidr\u00e1ulica de tampas pl\u00e1sticas (tipo alta velocidade)<\/strong><\/p>\n<p>A m\u00e1quina adota um sistema de bomba hidr\u00e1ulica de alta-m\u00e9dia-baixa velocidade. Em compara\u00e7\u00e3o com o tipo antigo que possui apenas sistema de bomba hidr\u00e1ulica de alta velocidade, reduz a carga do motor da bomba de \u00f3leo e economiza 50% do consumo de energia.<\/p>\n<p>&nbsp;<\/p>\n<p>A m\u00e1quina reduz as v\u00e1lvulas hidr\u00e1ulicas; esse pequeno ajuste permite diminuir os acidentes de vazamento de \u00f3leo e reduzir a manuten\u00e7\u00e3o e o reparo.<\/p>\n<p>&nbsp;<\/p>\n<p>Ap\u00f3s a melhoria do sistema de oleodutos, o efeito de resfriamento do \u00f3leo hidr\u00e1ulico \u00e9 melhor e reduz 50% do consumo de energia.<\/p>\n<p>&nbsp;<\/p>\n<p>Otimizamos ainda mais a mat\u00e9ria-prima e a estrutura do molde, selecionando materiais de alta condutividade t\u00e9rmica para a cavidade inferior e o n\u00facleo interior do molde. Com essas melhorias, o efeito de resfriamento das tampas \u00e9 melhor e a produ\u00e7\u00e3o dobra. A nova estrutura do molde \u00e9 melhor e mais f\u00e1cil de trocar.<\/p>","protected":false},"excerpt":{"rendered":"<p>Machine Unique Advantage The main cap mould material use proprietary material,it has excellent wear resistance, corriosion resistance and polishing of optical activity, good machinability, and quench stability. Braces with high hardness, high wear resistance of alloy steel, not easy to burn. Coating advantages Cap mould specified coating by Swiss company The coating thickness of thin [&hellip;]<\/p>\n","protected":false},"featured_media":379,"comment_status":"closed","ping_status":"closed","template":"","meta":{"_acf_changed":false},"product_brand":[],"product_cat":[34],"product_tag":[],"class_list":{"0":"post-377","1":"product","2":"type-product","3":"status-publish","4":"has-post-thumbnail","6":"product_cat-cap-compression-molding-machine-cap-compression-molding-machine","8":"first","9":"instock","10":"shipping-taxable","11":"purchasable","12":"product-type-simple"},"acf":[],"_links":{"self":[{"href":"https:\/\/www.beta-machine.com\/pt\/wp-json\/wp\/v2\/product\/377","targetHints":{"allow":["GET"]}}],"collection":[{"href":"https:\/\/www.beta-machine.com\/pt\/wp-json\/wp\/v2\/product"}],"about":[{"href":"https:\/\/www.beta-machine.com\/pt\/wp-json\/wp\/v2\/types\/product"}],"replies":[{"embeddable":true,"href":"https:\/\/www.beta-machine.com\/pt\/wp-json\/wp\/v2\/comments?post=377"}],"wp:featuredmedia":[{"embeddable":true,"href":"https:\/\/www.beta-machine.com\/pt\/wp-json\/wp\/v2\/media\/379"}],"wp:attachment":[{"href":"https:\/\/www.beta-machine.com\/pt\/wp-json\/wp\/v2\/media?parent=377"}],"wp:term":[{"taxonomy":"product_brand","embeddable":true,"href":"https:\/\/www.beta-machine.com\/pt\/wp-json\/wp\/v2\/product_brand?post=377"},{"taxonomy":"product_cat","embeddable":true,"href":"https:\/\/www.beta-machine.com\/pt\/wp-json\/wp\/v2\/product_cat?post=377"},{"taxonomy":"product_tag","embeddable":true,"href":"https:\/\/www.beta-machine.com\/pt\/wp-json\/wp\/v2\/product_tag?post=377"}],"curies":[{"name":"wp","href":"https:\/\/api.w.org\/{rel}","templated":true}]}}