{"id":381,"date":"2025-10-24T09:00:41","date_gmt":"2025-10-24T09:00:41","guid":{"rendered":"https:\/\/beta-machine.com\/?post_type=product&#038;p=381"},"modified":"2025-10-31T03:25:17","modified_gmt":"2025-10-31T03:25:17","slug":"automatic-plastic-cap-compression-molding-machine-chemical-cap-making-machine","status":"publish","type":"product","link":"https:\/\/www.beta-machine.com\/pt\/automatic-plastic-cap-compression-molding-machine-chemical-cap-making-machine-pd776046088\/","title":{"rendered":"M\u00e1quina moldeadora por compress\u00e3o autom\u00e1tica de tampas pl\u00e1sticas | M\u00e1quina para fabricar tampas qu\u00edmicas"},"content":{"rendered":"<div><strong>M\u00e1quina moldadora por compress\u00e3o de tampas pl\u00e1sticas (tipo para tampas qu\u00edmicas)<\/strong><\/div>\n<p>Os tampas de alum\u00ednio e pl\u00e1stico m\u00e9dicas tornaram-se uma das partes importantes da ind\u00fastria de embalagem da China e est\u00e3o em um per\u00edodo de crescimento r\u00e1pido. Nossa f\u00e1brica, voltada para a demanda do mercado, desenvolveu a m\u00e1quina de moldagem de tampas pl\u00e1sticas modelo SY-30A (s\u00e9rie de tampas m\u00e9dicas).<\/p>\n<p>Em compara\u00e7\u00e3o com a m\u00e1quina de inje\u00e7\u00e3o tradicional, esta m\u00e1quina tem muitas vantagens distintas.<\/p>\n<p>Baixo custo, alto benef\u00edcio e baixo consumo de energia. Em compara\u00e7\u00e3o com a mesma m\u00e1quina de inje\u00e7\u00e3o de parafuso, o consumo de energia \u00e9 apenas um ter\u00e7o, mas a capacidade \u00e9 tr\u00eas vezes maior.<\/p>\n<p>Alta qualidade. Permite fabricar tampas com forma melhor e mais est\u00e1vel ajustando a temperatura de aquecimento e resfriamento das mat\u00e9rias-primas. As tampas n\u00e3o possuem ponto de inje\u00e7\u00e3o, s\u00e3o mais bonitas e o efeito de impress\u00e3o \u00e9 melhor.<\/p>\n<p>Possui um sistema de resfriamento independente, fazendo com que as tampas tenham maior taxa de moldagem e menor diferen\u00e7a na qualidade exigida, garantindo a repetibilidade dos produtos bons.<\/p>\n<p>Economiza investimento. Al\u00e9m disso, esta m\u00e1quina possui outras caracter\u00edsticas, como constru\u00e7\u00e3o compacta, pouco espa\u00e7o ocupado, opera\u00e7\u00e3o simples, manuten\u00e7\u00e3o pr\u00e1tica, etc.<\/p>\n<p><strong>Campo de aplica\u00e7\u00e3o<\/strong><\/p>\n<p><img fetchpriority=\"high\" decoding=\"async\" class=\"alignnone size-full wp-image-390\" src=\"https:\/\/beta-machine.com\/wp-content\/uploads\/2025\/10\/chemical-cap1.jpg\" alt=\"\" width=\"1985\" height=\"447\" srcset=\"https:\/\/www.beta-machine.com\/wp-content\/uploads\/2025\/10\/chemical-cap1.jpg 1985w, https:\/\/www.beta-machine.com\/wp-content\/uploads\/2025\/10\/chemical-cap1-600x135.jpg 600w, https:\/\/www.beta-machine.com\/wp-content\/uploads\/2025\/10\/chemical-cap1-300x68.jpg 300w, https:\/\/www.beta-machine.com\/wp-content\/uploads\/2025\/10\/chemical-cap1-1024x231.jpg 1024w, https:\/\/www.beta-machine.com\/wp-content\/uploads\/2025\/10\/chemical-cap1-768x173.jpg 768w, https:\/\/www.beta-machine.com\/wp-content\/uploads\/2025\/10\/chemical-cap1-1536x346.jpg 1536w\" sizes=\"(max-width: 1985px) 100vw, 1985px\" \/><\/p>\n<p><strong>Processo de fabrica\u00e7\u00e3o de tampas<\/strong><\/p>\n<p><img decoding=\"async\" class=\"alignnone size-full wp-image-388\" src=\"https:\/\/beta-machine.com\/wp-content\/uploads\/2025\/10\/cap-compression-molding.png\" alt=\"\" width=\"1860\" height=\"1602\" srcset=\"https:\/\/www.beta-machine.com\/wp-content\/uploads\/2025\/10\/cap-compression-molding.png 1860w, https:\/\/www.beta-machine.com\/wp-content\/uploads\/2025\/10\/cap-compression-molding-600x517.png 600w, https:\/\/www.beta-machine.com\/wp-content\/uploads\/2025\/10\/cap-compression-molding-300x258.png 300w, https:\/\/www.beta-machine.com\/wp-content\/uploads\/2025\/10\/cap-compression-molding-1024x882.png 1024w, https:\/\/www.beta-machine.com\/wp-content\/uploads\/2025\/10\/cap-compression-molding-768x661.png 768w, https:\/\/www.beta-machine.com\/wp-content\/uploads\/2025\/10\/cap-compression-molding-1536x1323.png 1536w\" sizes=\"(max-width: 1860px) 100vw, 1860px\" \/><\/p>\n<p>A m\u00e1quina moldeadora por compress\u00e3o de tampas \u00e9 usada para fabricar tampas com materiais pl\u00e1sticos extruidos pelo extrusor, distribu\u00eddos igualmente para cada cavidade por meio do acionamento do parafuso e da placa de separa\u00e7\u00e3o.<img decoding=\"async\" class=\"alignnone size-full wp-image-389\" src=\"https:\/\/beta-machine.com\/wp-content\/uploads\/2025\/10\/cap-compression-molding1.png\" alt=\"\" width=\"1831\" height=\"542\" srcset=\"https:\/\/www.beta-machine.com\/wp-content\/uploads\/2025\/10\/cap-compression-molding1.png 1831w, https:\/\/www.beta-machine.com\/wp-content\/uploads\/2025\/10\/cap-compression-molding1-600x178.png 600w, https:\/\/www.beta-machine.com\/wp-content\/uploads\/2025\/10\/cap-compression-molding1-300x89.png 300w, https:\/\/www.beta-machine.com\/wp-content\/uploads\/2025\/10\/cap-compression-molding1-1024x303.png 1024w, https:\/\/www.beta-machine.com\/wp-content\/uploads\/2025\/10\/cap-compression-molding1-768x227.png 768w, https:\/\/www.beta-machine.com\/wp-content\/uploads\/2025\/10\/cap-compression-molding1-1536x455.png 1536w\" sizes=\"(max-width: 1831px) 100vw, 1831px\" \/><\/p>\n<p><strong>Vantagens \u00danicas da M\u00e1quina<\/strong><\/p>\n<p>O material principal do molde de tampas utiliza material patenteado, com excelente resist\u00eancia ao desgaste, resist\u00eancia \u00e0 corros\u00e3o, polimento \u00f3ptico, boa usinabilidade e estabilidade \u00e0 t\u00eampera.<\/p>\n<p>Os suportes s\u00e3o de a\u00e7o ligado de alta dureza e alta resist\u00eancia ao desgaste, n\u00e3o queimam facilmente<\/p>\n<p><strong>Vantagem do revestimento<\/strong><\/p>\n<p>\u00b7 Revestimento espec\u00edfico para molde de tampa fornecido por empresa su\u00ed\u00e7a<br \/>\n\u00b7 Revestimento de espessura fina e forte ader\u00eancia<br \/>\nAlta dureza<br \/>\n\u00b7 Baixa fric\u00e7\u00e3o e redu\u00e7\u00e3o do desgaste<br \/>\n\u00b7 Pode prolongar eficazmente a vida \u00fatil dos moldes de 2 a 6 vezes<\/p>","protected":false},"excerpt":{"rendered":"<p>A m\u00e1quina moldeadora por compress\u00e3o de tampas \u00e9 usada para fabricar tampas com materiais pl\u00e1sticos extruidos pelo extrusor, cortados pela placa de separa\u00e7\u00e3o por acionamento de parafuso e distribu\u00eddos igualmente para cada cavidade.<\/p>","protected":false},"featured_media":387,"comment_status":"closed","ping_status":"closed","template":"","meta":{"_acf_changed":false},"product_brand":[],"product_cat":[34],"product_tag":[],"class_list":{"0":"post-381","1":"product","2":"type-product","3":"status-publish","4":"has-post-thumbnail","6":"product_cat-cap-compression-molding-machine-cap-compression-molding-machine","8":"first","9":"instock","10":"shipping-taxable","11":"purchasable","12":"product-type-variable"},"acf":[],"_links":{"self":[{"href":"https:\/\/www.beta-machine.com\/pt\/wp-json\/wp\/v2\/product\/381","targetHints":{"allow":["GET"]}}],"collection":[{"href":"https:\/\/www.beta-machine.com\/pt\/wp-json\/wp\/v2\/product"}],"about":[{"href":"https:\/\/www.beta-machine.com\/pt\/wp-json\/wp\/v2\/types\/product"}],"replies":[{"embeddable":true,"href":"https:\/\/www.beta-machine.com\/pt\/wp-json\/wp\/v2\/comments?post=381"}],"wp:featuredmedia":[{"embeddable":true,"href":"https:\/\/www.beta-machine.com\/pt\/wp-json\/wp\/v2\/media\/387"}],"wp:attachment":[{"href":"https:\/\/www.beta-machine.com\/pt\/wp-json\/wp\/v2\/media?parent=381"}],"wp:term":[{"taxonomy":"product_brand","embeddable":true,"href":"https:\/\/www.beta-machine.com\/pt\/wp-json\/wp\/v2\/product_brand?post=381"},{"taxonomy":"product_cat","embeddable":true,"href":"https:\/\/www.beta-machine.com\/pt\/wp-json\/wp\/v2\/product_cat?post=381"},{"taxonomy":"product_tag","embeddable":true,"href":"https:\/\/www.beta-machine.com\/pt\/wp-json\/wp\/v2\/product_tag?post=381"}],"curies":[{"name":"wp","href":"https:\/\/api.w.org\/{rel}","templated":true}]}}