{"id":404,"date":"2025-10-31T05:12:00","date_gmt":"2025-10-31T05:12:00","guid":{"rendered":"https:\/\/beta-machine.com\/?post_type=product&#038;p=404"},"modified":"2025-10-31T05:22:58","modified_gmt":"2025-10-31T05:22:58","slug":"automatic-high-speed-type-plastic-cap-compression-molding-cap-making-machine","status":"publish","type":"product","link":"https:\/\/www.beta-machine.com\/pt\/automatic-high-speed-type-plastic-cap-compression-molding-cap-making-machine-pd775057088\/","title":{"rendered":"M\u00e1quina moldadora por compress\u00e3o autom\u00e1tica de alta velocidade para tampas pl\u00e1sticas"},"content":{"rendered":"<div>\n<p><strong>M\u00e1quina moldadora por compress\u00e3o hidr\u00e1ulica de tampas pl\u00e1sticas (tipo alta velocidade)<\/strong><\/p>\n<p>\u00b7 A m\u00e1quina adota sistema hidr\u00e1ulico de tr\u00eas est\u00e1gios (alto-m\u00e9dio-baixo). Comparado com o modelo antigo de apenas bomba alta, reduz a carga do motor e economiza 50% de energia.<\/p>\n<div>\u00b7 A m\u00e1quina reduz as v\u00e1lvulas hidr\u00e1ulicas, diminuindo os acidentes de vazamento de \u00f3leo e simplificando a manuten\u00e7\u00e3o e reparo.<\/div>\n<div>\u00b7 O sistema de \u00f3leo aprimorado proporciona melhor resfriamento do \u00f3leo hidr\u00e1ulico e reduz 50% do consumo de energia.<\/div>\n<div>\u00b7 Otimizamos ainda mais a mat\u00e9ria-prima e a estrutura do molde, selecionando materiais de alta condutividade t\u00e9rmica para a base e o n\u00facleo do molde. Com essas melhorias, o resfriamento das tampas \u00e9 melhor, a produ\u00e7\u00e3o duplica, e a nova estrutura do molde \u00e9 superior e mais f\u00e1cil de trocar.<\/div>\n<\/div>\n<p><strong>Campo de aplica\u00e7\u00e3o<\/strong><\/p>\n<p><img fetchpriority=\"high\" decoding=\"async\" class=\"alignnone size-full wp-image-390\" src=\"https:\/\/beta-machine.com\/wp-content\/uploads\/2025\/10\/chemical-cap1.jpg\" alt=\"\" width=\"1985\" height=\"447\" srcset=\"https:\/\/www.beta-machine.com\/wp-content\/uploads\/2025\/10\/chemical-cap1.jpg 1985w, https:\/\/www.beta-machine.com\/wp-content\/uploads\/2025\/10\/chemical-cap1-600x135.jpg 600w, https:\/\/www.beta-machine.com\/wp-content\/uploads\/2025\/10\/chemical-cap1-300x68.jpg 300w, https:\/\/www.beta-machine.com\/wp-content\/uploads\/2025\/10\/chemical-cap1-1024x231.jpg 1024w, https:\/\/www.beta-machine.com\/wp-content\/uploads\/2025\/10\/chemical-cap1-768x173.jpg 768w, https:\/\/www.beta-machine.com\/wp-content\/uploads\/2025\/10\/chemical-cap1-1536x346.jpg 1536w\" sizes=\"(max-width: 1985px) 100vw, 1985px\" \/><\/p>\n<p><strong>Processo de fabrica\u00e7\u00e3o de tampas<\/strong><\/p>\n<p><img decoding=\"async\" class=\"alignnone size-full wp-image-388\" src=\"https:\/\/beta-machine.com\/wp-content\/uploads\/2025\/10\/cap-compression-molding.png\" alt=\"\" width=\"1860\" height=\"1602\" srcset=\"https:\/\/www.beta-machine.com\/wp-content\/uploads\/2025\/10\/cap-compression-molding.png 1860w, https:\/\/www.beta-machine.com\/wp-content\/uploads\/2025\/10\/cap-compression-molding-600x517.png 600w, https:\/\/www.beta-machine.com\/wp-content\/uploads\/2025\/10\/cap-compression-molding-300x258.png 300w, https:\/\/www.beta-machine.com\/wp-content\/uploads\/2025\/10\/cap-compression-molding-1024x882.png 1024w, https:\/\/www.beta-machine.com\/wp-content\/uploads\/2025\/10\/cap-compression-molding-768x661.png 768w, https:\/\/www.beta-machine.com\/wp-content\/uploads\/2025\/10\/cap-compression-molding-1536x1323.png 1536w\" sizes=\"(max-width: 1860px) 100vw, 1860px\" \/><\/p>\n<p>A m\u00e1quina moldeadora por compress\u00e3o de tampas \u00e9 usada para fabricar tampas com materiais pl\u00e1sticos extruidos pelo extrusor, distribu\u00eddos igualmente para cada cavidade por meio do acionamento do parafuso e da placa de separa\u00e7\u00e3o.<img decoding=\"async\" class=\"alignnone size-full wp-image-389\" src=\"https:\/\/beta-machine.com\/wp-content\/uploads\/2025\/10\/cap-compression-molding1.png\" alt=\"\" width=\"1831\" height=\"542\" srcset=\"https:\/\/www.beta-machine.com\/wp-content\/uploads\/2025\/10\/cap-compression-molding1.png 1831w, https:\/\/www.beta-machine.com\/wp-content\/uploads\/2025\/10\/cap-compression-molding1-600x178.png 600w, https:\/\/www.beta-machine.com\/wp-content\/uploads\/2025\/10\/cap-compression-molding1-300x89.png 300w, https:\/\/www.beta-machine.com\/wp-content\/uploads\/2025\/10\/cap-compression-molding1-1024x303.png 1024w, https:\/\/www.beta-machine.com\/wp-content\/uploads\/2025\/10\/cap-compression-molding1-768x227.png 768w, https:\/\/www.beta-machine.com\/wp-content\/uploads\/2025\/10\/cap-compression-molding1-1536x455.png 1536w\" sizes=\"(max-width: 1831px) 100vw, 1831px\" \/><\/p>\n<p><strong>Vantagens \u00danicas da M\u00e1quina<\/strong><\/p>\n<p>O material principal do molde de tampas utiliza material patenteado, com excelente resist\u00eancia ao desgaste, resist\u00eancia \u00e0 corros\u00e3o, polimento \u00f3ptico, boa usinabilidade e estabilidade \u00e0 t\u00eampera.<\/p>\n<p>Os suportes s\u00e3o de a\u00e7o ligado de alta dureza e alta resist\u00eancia ao desgaste, n\u00e3o queimam facilmente<\/p>\n<p><strong>Vantagem do revestimento<\/strong><\/p>\n<p>\u00b7 Revestimento espec\u00edfico para molde de tampa fornecido por empresa su\u00ed\u00e7a<br \/>\n\u00b7 Revestimento de espessura fina e forte ader\u00eancia<br \/>\nAlta dureza<br \/>\n\u00b7 Baixa fric\u00e7\u00e3o e redu\u00e7\u00e3o do desgaste<br \/>\n\u00b7 Pode prolongar eficazmente a vida \u00fatil dos moldes de 2 a 6 vezes<\/p>","protected":false},"excerpt":{"rendered":"<p>A m\u00e1quina moldeadora por compress\u00e3o de tampas \u00e9 usada para fabricar tampas com materiais pl\u00e1sticos extruidos pelo extrusor, cortados pela placa de separa\u00e7\u00e3o por acionamento de parafuso e distribu\u00eddos igualmente para cada cavidade.<\/p>","protected":false},"featured_media":406,"comment_status":"closed","ping_status":"closed","template":"","meta":{"_acf_changed":false},"product_brand":[],"product_cat":[34],"product_tag":[],"class_list":{"0":"post-404","1":"product","2":"type-product","3":"status-publish","4":"has-post-thumbnail","6":"product_cat-cap-compression-molding-machine-cap-compression-molding-machine","8":"first","9":"instock","10":"shipping-taxable","11":"purchasable","12":"product-type-variable"},"acf":[],"_links":{"self":[{"href":"https:\/\/www.beta-machine.com\/pt\/wp-json\/wp\/v2\/product\/404","targetHints":{"allow":["GET"]}}],"collection":[{"href":"https:\/\/www.beta-machine.com\/pt\/wp-json\/wp\/v2\/product"}],"about":[{"href":"https:\/\/www.beta-machine.com\/pt\/wp-json\/wp\/v2\/types\/product"}],"replies":[{"embeddable":true,"href":"https:\/\/www.beta-machine.com\/pt\/wp-json\/wp\/v2\/comments?post=404"}],"wp:featuredmedia":[{"embeddable":true,"href":"https:\/\/www.beta-machine.com\/pt\/wp-json\/wp\/v2\/media\/406"}],"wp:attachment":[{"href":"https:\/\/www.beta-machine.com\/pt\/wp-json\/wp\/v2\/media?parent=404"}],"wp:term":[{"taxonomy":"product_brand","embeddable":true,"href":"https:\/\/www.beta-machine.com\/pt\/wp-json\/wp\/v2\/product_brand?post=404"},{"taxonomy":"product_cat","embeddable":true,"href":"https:\/\/www.beta-machine.com\/pt\/wp-json\/wp\/v2\/product_cat?post=404"},{"taxonomy":"product_tag","embeddable":true,"href":"https:\/\/www.beta-machine.com\/pt\/wp-json\/wp\/v2\/product_tag?post=404"}],"curies":[{"name":"wp","href":"https:\/\/api.w.org\/{rel}","templated":true}]}}