{"id":407,"date":"2025-10-31T05:17:15","date_gmt":"2025-10-31T05:17:15","guid":{"rendered":"https:\/\/beta-machine.com\/?post_type=product&#038;p=407"},"modified":"2025-10-31T05:21:52","modified_gmt":"2025-10-31T05:21:52","slug":"middle-speed-type-automatic-plastic-cap-making-compression-molding-machine","status":"publish","type":"product","link":"https:\/\/www.beta-machine.com\/pt\/middle-speed-type-automatic-plastic-cap-making-compression-molding-machine-pd748257088\/","title":{"rendered":"M\u00e1quina moldadora por compress\u00e3o autom\u00e1tica de velocidade m\u00e9dia para tampas pl\u00e1sticas"},"content":{"rendered":"<div>\n<p><strong>M\u00e1quina moldadora por compress\u00e3o hidr\u00e1ulica de tampas pl\u00e1sticas (tipo velocidade m\u00e9dia)<\/strong><\/p>\n<p>\u00b7 Alta efici\u00eancia e baixo consumo de energia<\/p>\n<div>\u00b7 Esta m\u00e1quina \u00e9 aprimorada com base na m\u00e1quina padr\u00e3o. Em compara\u00e7\u00e3o com m\u00e1quinas de mesmo consumo de energia, aumenta a produ\u00e7\u00e3o em 25%\u201330%.<\/div>\n<div>\u00b7 A superf\u00edcie do molde possui um revestimento especial aplicado por equipamentos importados da Europa. Melhora a resist\u00eancia ao desgaste do molde e prolonga sua vida \u00fatil para uso prolongado.<\/div>\n<\/div>\n<p><strong>Campo de aplica\u00e7\u00e3o<\/strong><\/p>\n<p><img fetchpriority=\"high\" decoding=\"async\" class=\"alignnone size-full wp-image-411\" src=\"https:\/\/beta-machine.com\/wp-content\/uploads\/2025\/10\/middle-speed1.png\" alt=\"\" width=\"1624\" height=\"271\" srcset=\"https:\/\/www.beta-machine.com\/wp-content\/uploads\/2025\/10\/middle-speed1.png 1624w, https:\/\/www.beta-machine.com\/wp-content\/uploads\/2025\/10\/middle-speed1-600x100.png 600w, https:\/\/www.beta-machine.com\/wp-content\/uploads\/2025\/10\/middle-speed1-300x50.png 300w, https:\/\/www.beta-machine.com\/wp-content\/uploads\/2025\/10\/middle-speed1-1024x171.png 1024w, https:\/\/www.beta-machine.com\/wp-content\/uploads\/2025\/10\/middle-speed1-768x128.png 768w, https:\/\/www.beta-machine.com\/wp-content\/uploads\/2025\/10\/middle-speed1-1536x256.png 1536w\" sizes=\"(max-width: 1624px) 100vw, 1624px\" \/><\/p>\n<p><img decoding=\"async\" class=\"alignnone size-full wp-image-410\" src=\"https:\/\/beta-machine.com\/wp-content\/uploads\/2025\/10\/middle-speed.png\" alt=\"\" width=\"1626\" height=\"434\" srcset=\"https:\/\/www.beta-machine.com\/wp-content\/uploads\/2025\/10\/middle-speed.png 1626w, https:\/\/www.beta-machine.com\/wp-content\/uploads\/2025\/10\/middle-speed-600x160.png 600w, https:\/\/www.beta-machine.com\/wp-content\/uploads\/2025\/10\/middle-speed-300x80.png 300w, https:\/\/www.beta-machine.com\/wp-content\/uploads\/2025\/10\/middle-speed-1024x273.png 1024w, https:\/\/www.beta-machine.com\/wp-content\/uploads\/2025\/10\/middle-speed-768x205.png 768w, https:\/\/www.beta-machine.com\/wp-content\/uploads\/2025\/10\/middle-speed-1536x410.png 1536w\" sizes=\"(max-width: 1626px) 100vw, 1626px\" \/><\/p>\n<p><strong>Processo de fabrica\u00e7\u00e3o de tampas<\/strong><\/p>\n<p><img decoding=\"async\" class=\"alignnone size-full wp-image-388\" src=\"https:\/\/beta-machine.com\/wp-content\/uploads\/2025\/10\/cap-compression-molding.png\" alt=\"\" width=\"1860\" height=\"1602\" srcset=\"https:\/\/www.beta-machine.com\/wp-content\/uploads\/2025\/10\/cap-compression-molding.png 1860w, https:\/\/www.beta-machine.com\/wp-content\/uploads\/2025\/10\/cap-compression-molding-600x517.png 600w, https:\/\/www.beta-machine.com\/wp-content\/uploads\/2025\/10\/cap-compression-molding-300x258.png 300w, https:\/\/www.beta-machine.com\/wp-content\/uploads\/2025\/10\/cap-compression-molding-1024x882.png 1024w, https:\/\/www.beta-machine.com\/wp-content\/uploads\/2025\/10\/cap-compression-molding-768x661.png 768w, https:\/\/www.beta-machine.com\/wp-content\/uploads\/2025\/10\/cap-compression-molding-1536x1323.png 1536w\" sizes=\"(max-width: 1860px) 100vw, 1860px\" \/><\/p>\n<p>A m\u00e1quina moldeadora por compress\u00e3o de tampas \u00e9 usada para fabricar tampas com materiais pl\u00e1sticos extruidos pelo extrusor, distribu\u00eddos igualmente para cada cavidade por meio do acionamento do parafuso e da placa de separa\u00e7\u00e3o.<img loading=\"lazy\" decoding=\"async\" class=\"alignnone size-full wp-image-389\" src=\"https:\/\/beta-machine.com\/wp-content\/uploads\/2025\/10\/cap-compression-molding1.png\" alt=\"\" width=\"1831\" height=\"542\" srcset=\"https:\/\/www.beta-machine.com\/wp-content\/uploads\/2025\/10\/cap-compression-molding1.png 1831w, https:\/\/www.beta-machine.com\/wp-content\/uploads\/2025\/10\/cap-compression-molding1-600x178.png 600w, https:\/\/www.beta-machine.com\/wp-content\/uploads\/2025\/10\/cap-compression-molding1-300x89.png 300w, https:\/\/www.beta-machine.com\/wp-content\/uploads\/2025\/10\/cap-compression-molding1-1024x303.png 1024w, https:\/\/www.beta-machine.com\/wp-content\/uploads\/2025\/10\/cap-compression-molding1-768x227.png 768w, https:\/\/www.beta-machine.com\/wp-content\/uploads\/2025\/10\/cap-compression-molding1-1536x455.png 1536w\" sizes=\"(max-width: 1831px) 100vw, 1831px\" \/><\/p>\n<p><strong>Vantagens \u00danicas da M\u00e1quina<\/strong><\/p>\n<p>O material principal do molde de tampas utiliza material patenteado, com excelente resist\u00eancia ao desgaste, resist\u00eancia \u00e0 corros\u00e3o, polimento \u00f3ptico, boa usinabilidade e estabilidade \u00e0 t\u00eampera.<\/p>\n<p>Os suportes s\u00e3o de a\u00e7o ligado de alta dureza e alta resist\u00eancia ao desgaste, n\u00e3o queimam facilmente<\/p>\n<p><strong>Vantagem do revestimento<\/strong><\/p>\n<p>\u00b7 Revestimento espec\u00edfico para molde de tampa fornecido por empresa su\u00ed\u00e7a<br \/>\n\u00b7 Revestimento de espessura fina e forte ader\u00eancia<br \/>\nAlta dureza<br \/>\n\u00b7 Baixa fric\u00e7\u00e3o e redu\u00e7\u00e3o do desgaste<br \/>\n\u00b7 Pode prolongar eficazmente a vida \u00fatil dos moldes de 2 a 6 vezes<\/p>","protected":false},"excerpt":{"rendered":"<p>A m\u00e1quina moldadora por compress\u00e3o de tampas \u00e9 um equipamento especializado para fabrica\u00e7\u00e3o de tampas pl\u00e1sticas. As mat\u00e9rias-primas pl\u00e1sticas s\u00e3o primeiramente extrudadas por um extrusor e depois cortadas por uma placa divis\u00f3ria. Os materiais cortados s\u00e3o transportados por um mecanismo de parafuso e distribu\u00eddos uniformemente para cada cavidade do molde.<\/p>","protected":false},"featured_media":406,"comment_status":"closed","ping_status":"closed","template":"","meta":{"_acf_changed":false},"product_brand":[],"product_cat":[34],"product_tag":[],"class_list":{"0":"post-407","1":"product","2":"type-product","3":"status-publish","4":"has-post-thumbnail","6":"product_cat-cap-compression-molding-machine-cap-compression-molding-machine","8":"first","9":"instock","10":"shipping-taxable","11":"purchasable","12":"product-type-variable"},"acf":[],"_links":{"self":[{"href":"https:\/\/www.beta-machine.com\/pt\/wp-json\/wp\/v2\/product\/407","targetHints":{"allow":["GET"]}}],"collection":[{"href":"https:\/\/www.beta-machine.com\/pt\/wp-json\/wp\/v2\/product"}],"about":[{"href":"https:\/\/www.beta-machine.com\/pt\/wp-json\/wp\/v2\/types\/product"}],"replies":[{"embeddable":true,"href":"https:\/\/www.beta-machine.com\/pt\/wp-json\/wp\/v2\/comments?post=407"}],"wp:featuredmedia":[{"embeddable":true,"href":"https:\/\/www.beta-machine.com\/pt\/wp-json\/wp\/v2\/media\/406"}],"wp:attachment":[{"href":"https:\/\/www.beta-machine.com\/pt\/wp-json\/wp\/v2\/media?parent=407"}],"wp:term":[{"taxonomy":"product_brand","embeddable":true,"href":"https:\/\/www.beta-machine.com\/pt\/wp-json\/wp\/v2\/product_brand?post=407"},{"taxonomy":"product_cat","embeddable":true,"href":"https:\/\/www.beta-machine.com\/pt\/wp-json\/wp\/v2\/product_cat?post=407"},{"taxonomy":"product_tag","embeddable":true,"href":"https:\/\/www.beta-machine.com\/pt\/wp-json\/wp\/v2\/product_tag?post=407"}],"curies":[{"name":"wp","href":"https:\/\/api.w.org\/{rel}","templated":true}]}}