{"id":422,"date":"2025-10-31T05:28:02","date_gmt":"2025-10-31T05:28:02","guid":{"rendered":"https:\/\/beta-machine.com\/?post_type=product&#038;p=422"},"modified":"2025-11-05T05:24:06","modified_gmt":"2025-11-05T05:24:06","slug":"automatic-standard-type-hydraulic-plastic-cap-compression-molding-machine","status":"publish","type":"product","link":"https:\/\/www.beta-machine.com\/pt\/automatic-standard-type-hydraulic-plastic-cap-compression-molding-machine\/","title":{"rendered":"M\u00e1quina Moldadora por Compress\u00e3o Hidr\u00e1ulica Autom\u00e1tica de Tampas Pl\u00e1sticas de Tipo Padr\u00e3o"},"content":{"rendered":"<div>\n<div>\n<p><strong>M\u00e1quina Moldadora por Compress\u00e3o Hidr\u00e1ulica de Tampas Pl\u00e1sticas (Tipo Padr\u00e3o)<\/strong><\/p>\n<p>\u00b7 Esta m\u00e1quina utiliza uma bomba de \u00f3leo para fornecer press\u00e3o, que \u00e9 maior e est\u00e1vel, e aplica a mesma press\u00e3o em cada molde. Os tampas produzidas possuem apar\u00eancia mais bonita e estrutura compacta, contribuindo tamb\u00e9m para aumentar a vida \u00fatil dos moldes.<br \/>\n\u00b7 A velocidade de moldagem das tampas \u00e9 maior e a diferen\u00e7a de qualidade requerida \u00e9 menor. Al\u00e9m disso, este tipo de m\u00e1quina amplia o tipo de produtos e a faixa de di\u00e2metro das tampas para atender \u00e0s demandas personalizadas dos clientes.<br \/>\n\u00b7 Considerando o consumo de energia, consumo de materiais e prote\u00e7\u00e3o ambiental, essa m\u00e1quina de moldagem por compress\u00e3o \u00e9 a tend\u00eancia presente e futura. Oferece uma boa plataforma para a intelig\u00eancia, informatiza\u00e7\u00e3o e controle do processo produtivo.<br \/>\nVantagens: alto grau de automa\u00e7\u00e3o, alta efici\u00eancia, troca de diferentes moldes, uma m\u00e1quina com m\u00faltiplos usos.<\/p>\n<\/div>\n<p><strong>Campo de aplica\u00e7\u00e3o<\/strong><\/p>\n<p><img fetchpriority=\"high\" decoding=\"async\" class=\"alignnone size-full wp-image-424\" src=\"https:\/\/beta-machine.com\/wp-content\/uploads\/2025\/10\/standard-type1.png\" alt=\"\" width=\"1860\" height=\"509\" srcset=\"https:\/\/www.beta-machine.com\/wp-content\/uploads\/2025\/10\/standard-type1.png 1860w, https:\/\/www.beta-machine.com\/wp-content\/uploads\/2025\/10\/standard-type1-600x164.png 600w, https:\/\/www.beta-machine.com\/wp-content\/uploads\/2025\/10\/standard-type1-300x82.png 300w, https:\/\/www.beta-machine.com\/wp-content\/uploads\/2025\/10\/standard-type1-1024x280.png 1024w, https:\/\/www.beta-machine.com\/wp-content\/uploads\/2025\/10\/standard-type1-768x210.png 768w, https:\/\/www.beta-machine.com\/wp-content\/uploads\/2025\/10\/standard-type1-1536x420.png 1536w\" sizes=\"(max-width: 1860px) 100vw, 1860px\" \/><\/p>\n<p>&nbsp;<\/p>\n<\/div>\n<p><strong>Processo de fabrica\u00e7\u00e3o de tampas<\/strong><\/p>\n<p><img decoding=\"async\" class=\"alignnone size-full wp-image-388\" src=\"https:\/\/beta-machine.com\/wp-content\/uploads\/2025\/10\/cap-compression-molding.png\" alt=\"\" width=\"1860\" height=\"1602\" srcset=\"https:\/\/www.beta-machine.com\/wp-content\/uploads\/2025\/10\/cap-compression-molding.png 1860w, https:\/\/www.beta-machine.com\/wp-content\/uploads\/2025\/10\/cap-compression-molding-600x517.png 600w, https:\/\/www.beta-machine.com\/wp-content\/uploads\/2025\/10\/cap-compression-molding-300x258.png 300w, https:\/\/www.beta-machine.com\/wp-content\/uploads\/2025\/10\/cap-compression-molding-1024x882.png 1024w, https:\/\/www.beta-machine.com\/wp-content\/uploads\/2025\/10\/cap-compression-molding-768x661.png 768w, https:\/\/www.beta-machine.com\/wp-content\/uploads\/2025\/10\/cap-compression-molding-1536x1323.png 1536w\" sizes=\"(max-width: 1860px) 100vw, 1860px\" \/><\/p>\n<p>A m\u00e1quina moldeadora por compress\u00e3o de tampas \u00e9 usada para fabricar tampas com materiais pl\u00e1sticos extruidos pelo extrusor, distribu\u00eddos igualmente para cada cavidade por meio do acionamento do parafuso e da placa de separa\u00e7\u00e3o.<img decoding=\"async\" class=\"alignnone size-full wp-image-389\" src=\"https:\/\/beta-machine.com\/wp-content\/uploads\/2025\/10\/cap-compression-molding1.png\" alt=\"\" width=\"1831\" height=\"542\" srcset=\"https:\/\/www.beta-machine.com\/wp-content\/uploads\/2025\/10\/cap-compression-molding1.png 1831w, https:\/\/www.beta-machine.com\/wp-content\/uploads\/2025\/10\/cap-compression-molding1-600x178.png 600w, https:\/\/www.beta-machine.com\/wp-content\/uploads\/2025\/10\/cap-compression-molding1-300x89.png 300w, https:\/\/www.beta-machine.com\/wp-content\/uploads\/2025\/10\/cap-compression-molding1-1024x303.png 1024w, https:\/\/www.beta-machine.com\/wp-content\/uploads\/2025\/10\/cap-compression-molding1-768x227.png 768w, https:\/\/www.beta-machine.com\/wp-content\/uploads\/2025\/10\/cap-compression-molding1-1536x455.png 1536w\" sizes=\"(max-width: 1831px) 100vw, 1831px\" \/><\/p>\n<p><strong>Vantagens \u00danicas da M\u00e1quina<\/strong><\/p>\n<p>O material principal do molde de tampas utiliza material patenteado, com excelente resist\u00eancia ao desgaste, resist\u00eancia \u00e0 corros\u00e3o, polimento \u00f3ptico, boa usinabilidade e estabilidade \u00e0 t\u00eampera.<\/p>\n<p>Os suportes s\u00e3o de a\u00e7o ligado de alta dureza e alta resist\u00eancia ao desgaste, n\u00e3o queimam facilmente<\/p>\n<p><strong>Vantagem do revestimento<\/strong><\/p>\n<p>\u00b7 Revestimento espec\u00edfico para molde de tampa fornecido por empresa su\u00ed\u00e7a<br \/>\n\u00b7 Revestimento de espessura fina e forte ader\u00eancia<br \/>\nAlta dureza<br \/>\n\u00b7 Baixa fric\u00e7\u00e3o e redu\u00e7\u00e3o do desgaste<br \/>\n\u00b7 Pode prolongar eficazmente a vida \u00fatil dos moldes de 2 a 6 vezes<\/p>","protected":false},"excerpt":{"rendered":"<p>A m\u00e1quina moldeadora por compress\u00e3o de tampas \u00e9 usada para fabricar tampas com materiais pl\u00e1sticos extruidos pelo extrusor, cortados pela placa de separa\u00e7\u00e3o por acionamento de parafuso e distribu\u00eddos igualmente para cada cavidade.<\/p>","protected":false},"featured_media":425,"comment_status":"closed","ping_status":"closed","template":"","meta":{"_acf_changed":false},"product_brand":[],"product_cat":[34],"product_tag":[],"class_list":{"0":"post-422","1":"product","2":"type-product","3":"status-publish","4":"has-post-thumbnail","6":"product_cat-cap-compression-molding-machine-cap-compression-molding-machine","8":"first","9":"instock","10":"shipping-taxable","11":"purchasable","12":"product-type-variable"},"acf":[],"_links":{"self":[{"href":"https:\/\/www.beta-machine.com\/pt\/wp-json\/wp\/v2\/product\/422","targetHints":{"allow":["GET"]}}],"collection":[{"href":"https:\/\/www.beta-machine.com\/pt\/wp-json\/wp\/v2\/product"}],"about":[{"href":"https:\/\/www.beta-machine.com\/pt\/wp-json\/wp\/v2\/types\/product"}],"replies":[{"embeddable":true,"href":"https:\/\/www.beta-machine.com\/pt\/wp-json\/wp\/v2\/comments?post=422"}],"wp:featuredmedia":[{"embeddable":true,"href":"https:\/\/www.beta-machine.com\/pt\/wp-json\/wp\/v2\/media\/425"}],"wp:attachment":[{"href":"https:\/\/www.beta-machine.com\/pt\/wp-json\/wp\/v2\/media?parent=422"}],"wp:term":[{"taxonomy":"product_brand","embeddable":true,"href":"https:\/\/www.beta-machine.com\/pt\/wp-json\/wp\/v2\/product_brand?post=422"},{"taxonomy":"product_cat","embeddable":true,"href":"https:\/\/www.beta-machine.com\/pt\/wp-json\/wp\/v2\/product_cat?post=422"},{"taxonomy":"product_tag","embeddable":true,"href":"https:\/\/www.beta-machine.com\/pt\/wp-json\/wp\/v2\/product_tag?post=422"}],"curies":[{"name":"wp","href":"https:\/\/api.w.org\/{rel}","templated":true}]}}