{"id":434,"date":"2025-10-31T05:37:45","date_gmt":"2025-10-31T05:37:45","guid":{"rendered":"https:\/\/beta-machine.com\/?post_type=product&#038;p=434"},"modified":"2025-11-05T05:34:35","modified_gmt":"2025-11-05T05:34:35","slug":"automatic-plastic-toothpaste-cap-compression-molding-machine","status":"publish","type":"product","link":"https:\/\/www.beta-machine.com\/pt\/automatic-plastic-toothpaste-cap-compression-molding-machine\/","title":{"rendered":"M\u00e1quina moldeadora por compress\u00e3o autom\u00e1tica de tampas pl\u00e1sticas para pasta de dente"},"content":{"rendered":"<div>\n<div><strong>M\u00e1quina moldeadora por compress\u00e3o de tampas pl\u00e1sticas (Tampa para pasta de dente)<\/strong><\/div>\n<p>A m\u00e1quina moldeadora por compress\u00e3o de tampas para pasta de dente modelo TP-30B \u00e9 a renova\u00e7\u00e3o da t\u00e9cnica de desmoldagem por rosqueamento de segunda gera\u00e7\u00e3o. Os produtos fabricados com o desmoldagem por rosqueamento possuem um aspecto mais bonito e cheio. Em compara\u00e7\u00e3o com a m\u00e1quina de moldeo por inje\u00e7\u00e3o, a m\u00e1quina moldeadora por compress\u00e3o de tampas para pasta de dente TP-30B tem uma utiliza\u00e7\u00e3o de material de at\u00e9 99%. Al\u00e9m disso, nossa m\u00e1quina consegue economizar uma grande quantidade de energia, com um consumo de energia de 1\/5 em compara\u00e7\u00e3o com a m\u00e1quina de moldeo por inje\u00e7\u00e3o.<\/p>\n<p>A m\u00e1quina moldeadora por compress\u00e3o de tampas para pasta de dente modelo TP-30B possui patente nacional de inven\u00e7\u00e3o e patente de modelo de utilidade.<\/p>\n<\/div>\n<p>&nbsp;<\/p>\n<p><strong>Campo de aplica\u00e7\u00e3o<\/strong><\/p>\n<p><img fetchpriority=\"high\" decoding=\"async\" class=\"alignnone size-full wp-image-438\" src=\"https:\/\/beta-machine.com\/wp-content\/uploads\/2025\/10\/toothpaste-cap.jpg\" alt=\"\" width=\"1984\" height=\"496\" srcset=\"https:\/\/www.beta-machine.com\/wp-content\/uploads\/2025\/10\/toothpaste-cap.jpg 1984w, https:\/\/www.beta-machine.com\/wp-content\/uploads\/2025\/10\/toothpaste-cap-600x150.jpg 600w, https:\/\/www.beta-machine.com\/wp-content\/uploads\/2025\/10\/toothpaste-cap-300x75.jpg 300w, https:\/\/www.beta-machine.com\/wp-content\/uploads\/2025\/10\/toothpaste-cap-1024x256.jpg 1024w, https:\/\/www.beta-machine.com\/wp-content\/uploads\/2025\/10\/toothpaste-cap-768x192.jpg 768w, https:\/\/www.beta-machine.com\/wp-content\/uploads\/2025\/10\/toothpaste-cap-1536x384.jpg 1536w\" sizes=\"(max-width: 1984px) 100vw, 1984px\" \/><\/p>\n<p><strong>Processo de fabrica\u00e7\u00e3o de tampas<\/strong><\/p>\n<p><img decoding=\"async\" class=\"alignnone size-full wp-image-388\" src=\"https:\/\/beta-machine.com\/wp-content\/uploads\/2025\/10\/cap-compression-molding.png\" alt=\"\" width=\"1860\" height=\"1602\" srcset=\"https:\/\/www.beta-machine.com\/wp-content\/uploads\/2025\/10\/cap-compression-molding.png 1860w, https:\/\/www.beta-machine.com\/wp-content\/uploads\/2025\/10\/cap-compression-molding-600x517.png 600w, https:\/\/www.beta-machine.com\/wp-content\/uploads\/2025\/10\/cap-compression-molding-300x258.png 300w, https:\/\/www.beta-machine.com\/wp-content\/uploads\/2025\/10\/cap-compression-molding-1024x882.png 1024w, https:\/\/www.beta-machine.com\/wp-content\/uploads\/2025\/10\/cap-compression-molding-768x661.png 768w, https:\/\/www.beta-machine.com\/wp-content\/uploads\/2025\/10\/cap-compression-molding-1536x1323.png 1536w\" sizes=\"(max-width: 1860px) 100vw, 1860px\" \/><\/p>\n<p>A m\u00e1quina moldeadora por compress\u00e3o de tampas \u00e9 usada para fabricar tampas com materiais pl\u00e1sticos extruidos pelo extrusor, distribu\u00eddos igualmente para cada cavidade por meio do acionamento do parafuso e da placa de separa\u00e7\u00e3o.<img decoding=\"async\" class=\"alignnone size-full wp-image-389\" src=\"https:\/\/beta-machine.com\/wp-content\/uploads\/2025\/10\/cap-compression-molding1.png\" alt=\"\" width=\"1831\" height=\"542\" srcset=\"https:\/\/www.beta-machine.com\/wp-content\/uploads\/2025\/10\/cap-compression-molding1.png 1831w, https:\/\/www.beta-machine.com\/wp-content\/uploads\/2025\/10\/cap-compression-molding1-600x178.png 600w, https:\/\/www.beta-machine.com\/wp-content\/uploads\/2025\/10\/cap-compression-molding1-300x89.png 300w, https:\/\/www.beta-machine.com\/wp-content\/uploads\/2025\/10\/cap-compression-molding1-1024x303.png 1024w, https:\/\/www.beta-machine.com\/wp-content\/uploads\/2025\/10\/cap-compression-molding1-768x227.png 768w, https:\/\/www.beta-machine.com\/wp-content\/uploads\/2025\/10\/cap-compression-molding1-1536x455.png 1536w\" sizes=\"(max-width: 1831px) 100vw, 1831px\" \/><\/p>\n<p><strong>Vantagens \u00danicas da M\u00e1quina<\/strong><\/p>\n<p>O material principal do molde de tampas utiliza material patenteado, com excelente resist\u00eancia ao desgaste, resist\u00eancia \u00e0 corros\u00e3o, polimento \u00f3ptico, boa usinabilidade e estabilidade \u00e0 t\u00eampera.<\/p>\n<p>Os suportes s\u00e3o de a\u00e7o ligado de alta dureza e alta resist\u00eancia ao desgaste, n\u00e3o queimam facilmente<\/p>\n<p><strong>Vantagem do revestimento<\/strong><\/p>\n<p>\u00b7 Revestimento espec\u00edfico para molde de tampa fornecido por empresa su\u00ed\u00e7a<br \/>\n\u00b7 Revestimento de espessura fina e forte ader\u00eancia<br \/>\nAlta dureza<br \/>\n\u00b7 Baixa fric\u00e7\u00e3o e redu\u00e7\u00e3o do desgaste<br \/>\n\u00b7 Pode prolongar eficazmente a vida \u00fatil dos moldes de 2 a 6 vezes<\/p>","protected":false},"excerpt":{"rendered":"<p>A m\u00e1quina moldeadora por compress\u00e3o de tampas \u00e9 usada para fabricar tampas com materiais pl\u00e1sticos extruidos pelo extrusor, cortados pela placa de separa\u00e7\u00e3o por acionamento de parafuso e distribu\u00eddos igualmente para cada cavidade.<\/p>","protected":false},"featured_media":437,"comment_status":"closed","ping_status":"closed","template":"","meta":{"_acf_changed":false},"product_brand":[],"product_cat":[34],"product_tag":[],"class_list":{"0":"post-434","1":"product","2":"type-product","3":"status-publish","4":"has-post-thumbnail","6":"product_cat-cap-compression-molding-machine-cap-compression-molding-machine","8":"first","9":"instock","10":"shipping-taxable","11":"purchasable","12":"product-type-variable"},"acf":[],"_links":{"self":[{"href":"https:\/\/www.beta-machine.com\/pt\/wp-json\/wp\/v2\/product\/434","targetHints":{"allow":["GET"]}}],"collection":[{"href":"https:\/\/www.beta-machine.com\/pt\/wp-json\/wp\/v2\/product"}],"about":[{"href":"https:\/\/www.beta-machine.com\/pt\/wp-json\/wp\/v2\/types\/product"}],"replies":[{"embeddable":true,"href":"https:\/\/www.beta-machine.com\/pt\/wp-json\/wp\/v2\/comments?post=434"}],"wp:featuredmedia":[{"embeddable":true,"href":"https:\/\/www.beta-machine.com\/pt\/wp-json\/wp\/v2\/media\/437"}],"wp:attachment":[{"href":"https:\/\/www.beta-machine.com\/pt\/wp-json\/wp\/v2\/media?parent=434"}],"wp:term":[{"taxonomy":"product_brand","embeddable":true,"href":"https:\/\/www.beta-machine.com\/pt\/wp-json\/wp\/v2\/product_brand?post=434"},{"taxonomy":"product_cat","embeddable":true,"href":"https:\/\/www.beta-machine.com\/pt\/wp-json\/wp\/v2\/product_cat?post=434"},{"taxonomy":"product_tag","embeddable":true,"href":"https:\/\/www.beta-machine.com\/pt\/wp-json\/wp\/v2\/product_tag?post=434"}],"curies":[{"name":"wp","href":"https:\/\/api.w.org\/{rel}","templated":true}]}}