{"id":439,"date":"2025-10-31T05:42:10","date_gmt":"2025-10-31T05:42:10","guid":{"rendered":"https:\/\/beta-machine.com\/?post_type=product&#038;p=439"},"modified":"2026-03-12T08:39:09","modified_gmt":"2026-03-12T08:39:09","slug":"hydraulic-plastic-cap-compression-molding-machinespecial-cap","status":"publish","type":"product","link":"https:\/\/www.beta-machine.com\/pt\/hydraulic-plastic-cap-compression-molding-machine-special-cap-pd781034388\/","title":{"rendered":"M\u00e1quina hidr\u00e1ulica de moldagem por compress\u00e3o para tampas pl\u00e1sticas (tampa especial)"},"content":{"rendered":"<h2>Descri\u00e7\u00e3o do produto<\/h2>\n<h2>M\u00e1quina hidr\u00e1ulica de moldagem por compress\u00e3o para tampas pl\u00e1sticas (tampa especial)<\/h2>\n<p><strong>Vantagens \u00danicas da M\u00e1quina<\/strong><\/p>\n<p>O material principal do molde de tampas utiliza material patenteado, com excelente resist\u00eancia ao desgaste, resist\u00eancia \u00e0 corros\u00e3o, polimento \u00f3ptico, boa usinabilidade e estabilidade \u00e0 t\u00eampera.<\/p>\n<p>Os suportes s\u00e3o de a\u00e7o ligado de alta dureza e alta resist\u00eancia ao desgaste, n\u00e3o queimam facilmente<\/p>\n<p><strong>Vantagens do revestimento<\/strong><\/p>\n<ol class=\"list-paddingleft-2\">\n<li>Revestimento especificado por empresa su\u00ed\u00e7a para molde de tampas<\/li>\n<li>O revestimento \u00e9 de pouca espessura e com forte ader\u00eancia.<\/li>\n<li>Alta dureza<\/li>\n<li>Menor fric\u00e7\u00e3o e redu\u00e7\u00e3o do desgaste<\/li>\n<li>Pode estender eficazmente a vida \u00fatil dos moldes de 2 a 6 vezes<\/li>\n<\/ol>\n<p><strong>M\u00e1quina hidr\u00e1ulica de moldagem por compress\u00e3o para tampas pl\u00e1sticas (tampa especial)<\/strong><\/p>\n<p>Esta m\u00e1quina \u00e9 projetada especialmente para tampas complexas e de maior tamanho, como tampas cosm\u00e9ticas, tampas de balde, copos dosificadores, recipientes pl\u00e1sticos, tampas de \u00f3leo de motor e tampas de produtos agroqu\u00edmicos, para atender \u00e0s demandas de mais clientes.<\/p>\n<h2>Aplica\u00e7\u00f5es<\/h2>\n<div>A M\u00e1quina Hidr\u00e1ulica de Moldagem por Compress\u00e3o para Tampas Pl\u00e1sticas \u00e9 ideal para:<\/div>\n<ul class=\"list-paddingleft-2\">\n<li>\n<div><strong>Ind\u00fastria cosm\u00e9tica<\/strong>: Produ\u00e7\u00e3o de tampas e recipientes cosm\u00e9ticos de alta qualidade<\/div>\n<\/li>\n<li>\n<div><strong>Ind\u00fastria de embalagens<\/strong>: Fabrico de tampas de balde, copos dosificadores e tampas de recipientes pl\u00e1sticos<\/div>\n<\/li>\n<li>\n<div><strong>Automotivo e industrial<\/strong>: Produ\u00e7\u00e3o de tampas para \u00f3leo de motor e outras tampas especializadas<\/div>\n<\/li>\n<li>\n<div><strong>Produtos agroqu\u00edmicos<\/strong>: Tampas para recipientes qu\u00edmicos que necessitam de durabilidade e resist\u00eancia a produtos qu\u00edmicos<\/div>\n<\/li>\n<\/ul>\n<h2>Perguntas frequentes<\/h2>\n<div><strong>P1: Qual \u00e9 o per\u00edodo de garantia da M\u00e1quina Hidr\u00e1ulica de Moldagem por Compress\u00e3o para Tampas Pl\u00e1sticas?<\/strong><br \/>\nR1: A m\u00e1quina possui garantia de um ano a partir da data de entrega.<\/div>\n<div><\/div>\n<div><strong>P2: Voc\u00eas podem fornecer o sistema completo, incluindo tampas e equipamentos auxiliares como compressores de ar?<\/strong><br \/>\nR2: Sim, oferecemos sistemas completos, incluindo tampas e compressores de ar. Tamb\u00e9m podemos personalizar o sistema de acordo com suas necessidades espec\u00edficas.<\/div>\n<div><\/div>\n<div><strong>P3: Quais s\u00e3o os principais benef\u00edcios de usar o revestimento especializado nos moldes?<\/strong><br \/>\nR3: O revestimento especializado de uma empresa su\u00ed\u00e7a proporciona alta dureza, menor fric\u00e7\u00e3o e desgaste, e forte ader\u00eancia. Pode estender eficazmente a vida \u00fatil do molde de 2 a 6 vezes.<\/div>\n<div><\/div>\n<div><strong>P4: Como posso garantir que a m\u00e1quina seja adequada para minhas necessidades espec\u00edficas de produ\u00e7\u00e3o de tampas?<\/strong><br \/>\nR4: Antes do envio, convidamos os clientes a inspecionar a m\u00e1quina e realizar um teste com seus moldes espec\u00edficos. Isso garante que a m\u00e1quina atenda aos seus requisitos de produ\u00e7\u00e3o.<\/div>","protected":false},"excerpt":{"rendered":"<p>O Fornecedor de M\u00e1quinas de Moldagem da China tem o prazer de apresentar a M\u00e1quina Hidr\u00e1ulica de Moldagem por Compress\u00e3o para Tampas Pl\u00e1sticas, projetada especificamente para produzir tampas complexas e de grande porte, como tampas cosm\u00e9ticas, tampas de baldes, copos dosadores, recipientes pl\u00e1sticos, tampas de \u00f3leo de motor e tampas de produtos agroqu\u00edmicos. Esta m\u00e1quina atende \u00e0s diversas demandas dos clientes ao oferecer alta precis\u00e3o, versatilidade e confiabilidade na produ\u00e7\u00e3o de tampas.<\/p>","protected":false},"featured_media":373,"comment_status":"closed","ping_status":"closed","template":"","meta":{"_acf_changed":false},"product_brand":[],"product_cat":[34],"product_tag":[],"class_list":{"0":"post-439","1":"product","2":"type-product","3":"status-publish","4":"has-post-thumbnail","6":"product_cat-cap-compression-molding-machine-cap-compression-molding-machine","8":"first","9":"instock","10":"shipping-taxable","11":"purchasable","12":"product-type-simple"},"acf":[],"_links":{"self":[{"href":"https:\/\/www.beta-machine.com\/pt\/wp-json\/wp\/v2\/product\/439","targetHints":{"allow":["GET"]}}],"collection":[{"href":"https:\/\/www.beta-machine.com\/pt\/wp-json\/wp\/v2\/product"}],"about":[{"href":"https:\/\/www.beta-machine.com\/pt\/wp-json\/wp\/v2\/types\/product"}],"replies":[{"embeddable":true,"href":"https:\/\/www.beta-machine.com\/pt\/wp-json\/wp\/v2\/comments?post=439"}],"wp:featuredmedia":[{"embeddable":true,"href":"https:\/\/www.beta-machine.com\/pt\/wp-json\/wp\/v2\/media\/373"}],"wp:attachment":[{"href":"https:\/\/www.beta-machine.com\/pt\/wp-json\/wp\/v2\/media?parent=439"}],"wp:term":[{"taxonomy":"product_brand","embeddable":true,"href":"https:\/\/www.beta-machine.com\/pt\/wp-json\/wp\/v2\/product_brand?post=439"},{"taxonomy":"product_cat","embeddable":true,"href":"https:\/\/www.beta-machine.com\/pt\/wp-json\/wp\/v2\/product_cat?post=439"},{"taxonomy":"product_tag","embeddable":true,"href":"https:\/\/www.beta-machine.com\/pt\/wp-json\/wp\/v2\/product_tag?post=439"}],"curies":[{"name":"wp","href":"https:\/\/api.w.org\/{rel}","templated":true}]}}