{"id":445,"date":"2025-10-31T06:23:54","date_gmt":"2025-10-31T06:23:54","guid":{"rendered":"https:\/\/beta-machine.com\/?post_type=product&#038;p=445"},"modified":"2026-03-12T07:52:22","modified_gmt":"2026-03-12T07:52:22","slug":"automatic-one-step-three-position-injection-blow-hollow-molding-machine-pe-pp-small-bottle-making-machine","status":"publish","type":"product","link":"https:\/\/www.beta-machine.com\/pt\/automatic-one-step-three-position-injection-blow-hollow-molding-machine-pe-pp-small-bottle-making-machine-pd733857088\/","title":{"rendered":"M\u00e1quina moldadora oca por inje\u00e7\u00e3o-soplado autom\u00e1tica de um est\u00e1gio e tr\u00eas esta\u00e7\u00f5es para fabrica\u00e7\u00e3o de garrafas pequenas de PE e PP"},"content":{"rendered":"<div>\n<p><strong>M\u00e1quina moldadora oca por inje\u00e7\u00e3o-soplado autom\u00e1tica de um est\u00e1gio e tr\u00eas esta\u00e7\u00f5es para fabrica\u00e7\u00e3o de garrafas pequenas de PE e PP<\/strong><\/p>\n<p><strong>Diagrama de Fluxo Produtivo do Equipamento<\/strong><\/p>\n<\/div>\n<div>\n<div>\n<figure id=\"attachment_447\" aria-describedby=\"caption-attachment-447\" style=\"width: 537px\" class=\"wp-caption alignnone\"><img fetchpriority=\"high\" decoding=\"async\" class=\"wp-image-447 size-full\" src=\"https:\/\/www.beta-machine.com\/wp-content\/uploads\/2025\/10\/H38cf7b7f4681451682925e0315b7a481y.png\" alt=\"\" width=\"537\" height=\"314\" srcset=\"https:\/\/www.beta-machine.com\/wp-content\/uploads\/2025\/10\/H38cf7b7f4681451682925e0315b7a481y.png 537w, https:\/\/www.beta-machine.com\/wp-content\/uploads\/2025\/10\/H38cf7b7f4681451682925e0315b7a481y-300x175.png 300w\" sizes=\"(max-width: 537px) 100vw, 537px\" \/><figcaption id=\"caption-attachment-447\" class=\"wp-caption-text\">1.Prepara\u00e7\u00e3o de mat\u00e9ria-prima e dispositivo de inje\u00e7\u00e3o 2.Canal de fluxo quente 3.Barra completa 4.Pr\u00e9-forma de garrafa 5.Molde de inje\u00e7\u00e3o 6.Esta\u00e7\u00e3o de inje\u00e7\u00e3o 7.Esta\u00e7\u00e3o de sopro 8.Moldagem por sopro 9.Esta\u00e7\u00e3o de desmoldagem<\/figcaption><\/figure>\n<\/div>\n<div>\n<div>\n<div><\/div>\n<\/div>\n<\/div>\n<\/div>\n<div><strong>Vantagens e Aplica\u00e7\u00f5es<\/strong><\/div>\n<div>Esta m\u00e1quina adopta a tecnologia de inje\u00e7\u00e3o-soplado europeia e as vantagens do inje\u00e7\u00e3o-soplado nacional.<br \/>\nVantagens<\/div>\n<ol>\n<li>O cilindro de fechamento inferior garante a limpeza do produto; a for\u00e7a de fechamento do molde \u00e9 mantida equilibrada e uniforme.<\/li>\n<li>\n<div>\u00a0A diminui\u00e7\u00e3o da altura da m\u00e1quina facilita a opera\u00e7\u00e3o de instala\u00e7\u00e3o de moldes.<\/div>\n<div><\/div>\n<\/li>\n<li>\n<div>Sistema servo hidr\u00e1ulico espec\u00edfico e layout racional de tubagens garantem o funcionamento eficiente e econ\u00f4mico da m\u00e1quina.<\/div>\n<\/li>\n<li>\n<div>Estrutura especial de fechamento por press\u00e3o aumenta a for\u00e7a de fechamento e reduz o consumo de energia do sistema.<\/div>\n<\/li>\n<li>\n<div>O sistema de rota\u00e7\u00e3o servo ou o dispositivo de indexa\u00e7\u00e3o de alta precis\u00e3o aumentam significativamente a precis\u00e3o de rota\u00e7\u00e3o e reduzem o tempo de ciclo.<\/div>\n<\/li>\n<li>\n<div>O sistema de inje\u00e7\u00e3o sobreposto de placa valvular horizontal com duplo cilindro especial n\u00e3o s\u00f3 torna a inje\u00e7\u00e3o e o carregamento mais est\u00e1veis e r\u00e1pidos, como tamb\u00e9m garante um bom acabamento superficial. Os componentes de plastifica\u00e7\u00e3o especiais atendem aos requisitos de inje\u00e7\u00e3o e pressuriza\u00e7\u00e3o multin\u00edvel para diferentes produtos.<\/div>\n<\/li>\n<li>\n<div>A otimiza\u00e7\u00e3o da disposi\u00e7\u00e3o interna do chassi facilita a manuten\u00e7\u00e3o.<\/div>\n<div><\/div>\n<\/li>\n<li>\n<div>A desmoldagem utiliza detec\u00e7\u00e3o por sensor digital e disp\u00f5e de fun\u00e7\u00e3o de detec\u00e7\u00e3o de rota\u00e7\u00e3o do mandril, realizando o funcionamento totalmente autom\u00e1tico.<\/div>\n<div><\/div>\n<\/li>\n<li>\n<div>Possui fun\u00e7\u00e3o de detec\u00e7\u00e3o de press\u00e3o de ar. Quando a press\u00e3o de sopro est\u00e1 abaixo da configurada, o equipamento alerta e para automaticamente, reduzindo a taxa de rejei\u00e7\u00e3o na produ\u00e7\u00e3o autom\u00e1tica.<\/div>\n<div><\/div>\n<\/li>\n<li>\n<div>Possui fun\u00e7\u00e3o de detec\u00e7\u00e3o de press\u00e3o e temperatura da \u00e1gua de refrigera\u00e7\u00e3o. Quando a press\u00e3o e a temperatura da \u00e1gua de refrigera\u00e7\u00e3o forem anormais, o equipamento alerta e para automaticamente, reduzindo a taxa de rejei\u00e7\u00e3o na produ\u00e7\u00e3o autom\u00e1tica.<\/div>\n<div><\/div>\n<\/li>\n<li>\n<div>Possui fun\u00e7\u00e3o de alarme auxiliar e comunica\u00e7\u00e3o com o equipamento principal. Quando o equipamento principal detecta alarme auxiliar, para automaticamente.<\/div>\n<div><\/div>\n<\/li>\n<li>\n<div>Fun\u00e7\u00e3o opcional de ar condicionado para mandril que reduz o tempo de ciclo de refrigera\u00e7\u00e3o e evita a ades\u00e3o entre mandril e material.<\/div>\n<div><\/div>\n<\/li>\n<li>\n<div>O suporte da cinta transportadora pode ser conectado com equipamentos de inspe\u00e7\u00e3o visual para detectar corpos estranhos, falta de material, irregularidades, etc., no corpo da garrafa, realizando o funcionamento autom\u00e1tico.<\/div>\n<div><\/div>\n<\/li>\n<li>\n<div>A cinta transportadora pode ser conectada com equipamentos de inspe\u00e7\u00e3o visual, testador de fugas e etiquetadora, etc.<\/div>\n<\/li>\n<\/ol>\n<div>Este processo \u00e9 ideal para produzir grandes quantidades de pequenos recipientes pl\u00e1sticos refinados de 5ml a 1L, al\u00e9m de recipientes de boca larga usados para cosm\u00e9ticos, artigos de uso di\u00e1rio, medicamentos e garrafas de embalagem de alimentos.<\/div>","protected":false},"excerpt":{"rendered":"<p>M\u00e1quina de inje\u00e7\u00e3o-soplado autom\u00e1tica de um est\u00e1gio e tr\u00eas esta\u00e7\u00f5es para garrafas pequenas de PE\/PP, com tecnologia europeia, sistema servo de economia de energia, fechamento est\u00e1vel, detec\u00e7\u00e3o totalmente autom\u00e1tica e baixa taxa de rejei\u00e7\u00e3o, ideal para embalagens de 5ml\u20131L.<\/p>","protected":false},"featured_media":448,"comment_status":"closed","ping_status":"closed","template":"","meta":{"_acf_changed":false},"product_brand":[],"product_cat":[23],"product_tag":[],"class_list":{"0":"post-445","1":"product","2":"type-product","3":"status-publish","4":"has-post-thumbnail","6":"product_cat-injection-blow-molding-machine","8":"first","9":"instock","10":"shipping-taxable","11":"purchasable","12":"product-type-simple"},"acf":[],"_links":{"self":[{"href":"https:\/\/www.beta-machine.com\/pt\/wp-json\/wp\/v2\/product\/445","targetHints":{"allow":["GET"]}}],"collection":[{"href":"https:\/\/www.beta-machine.com\/pt\/wp-json\/wp\/v2\/product"}],"about":[{"href":"https:\/\/www.beta-machine.com\/pt\/wp-json\/wp\/v2\/types\/product"}],"replies":[{"embeddable":true,"href":"https:\/\/www.beta-machine.com\/pt\/wp-json\/wp\/v2\/comments?post=445"}],"wp:featuredmedia":[{"embeddable":true,"href":"https:\/\/www.beta-machine.com\/pt\/wp-json\/wp\/v2\/media\/448"}],"wp:attachment":[{"href":"https:\/\/www.beta-machine.com\/pt\/wp-json\/wp\/v2\/media?parent=445"}],"wp:term":[{"taxonomy":"product_brand","embeddable":true,"href":"https:\/\/www.beta-machine.com\/pt\/wp-json\/wp\/v2\/product_brand?post=445"},{"taxonomy":"product_cat","embeddable":true,"href":"https:\/\/www.beta-machine.com\/pt\/wp-json\/wp\/v2\/product_cat?post=445"},{"taxonomy":"product_tag","embeddable":true,"href":"https:\/\/www.beta-machine.com\/pt\/wp-json\/wp\/v2\/product_tag?post=445"}],"curies":[{"name":"wp","href":"https:\/\/api.w.org\/{rel}","templated":true}]}}