{"id":457,"date":"2025-10-31T06:42:22","date_gmt":"2025-10-31T06:42:22","guid":{"rendered":"https:\/\/beta-machine.com\/?post_type=product&#038;p=457"},"modified":"2026-03-12T07:33:21","modified_gmt":"2026-03-12T07:33:21","slug":"high-speed-servo-energy-saving-injection-molding-machine-for-plastic-products","status":"publish","type":"product","link":"https:\/\/www.beta-machine.com\/pt\/high-speed-servo-energy-saving-injection-molding-machine-for-plastic-products-pd706818088\/","title":{"rendered":"M\u00e1quina de moldagem por inje\u00e7\u00e3o de alta velocidade, servosistema e economia de energia para produtos pl\u00e1sticos"},"content":{"rendered":"<p><strong>M\u00e1quina de moldagem por inje\u00e7\u00e3o de alta velocidade, servosistema e economia de energia para produtos pl\u00e1sticos<\/strong><\/p>\n<p>O visor LCD da m\u00e1quina tem alta clareza e suporta os idiomas chin\u00eas e ingl\u00eas para facilitar a opera\u00e7\u00e3o. A m\u00e1quina tamb\u00e9m disp\u00f5e de um sistema de controle de temperatura PID em malha fechada, que oferece controle de temperatura de alta precis\u00e3o.<\/p>\n<div style=\"width: 800px;\" class=\"wp-video\"><video class=\"wp-video-shortcode\" id=\"video-457-1\" width=\"800\" height=\"450\" preload=\"metadata\" controls=\"controls\"><source type=\"video\/mp4\" src=\"https:\/\/beta-machine.com\/wp-content\/uploads\/2025\/10\/jiBklKnijmi-jmipKBilmnRjiSrqiloqpqjmrqr-e8827dfed2a54f0abe0242dbf5234ebf.mp4?_=1\" \/><a href=\"https:\/\/beta-machine.com\/wp-content\/uploads\/2025\/10\/jiBklKnijmi-jmipKBilmnRjiSrqiloqpqjmrqr-e8827dfed2a54f0abe0242dbf5234ebf.mp4\">https:\/\/beta-machine.com\/wp-content\/uploads\/2025\/10\/jiBklKnijmi-jmipKBilmnRjiSrqiloqpqjmrqr-e8827dfed2a54f0abe0242dbf5234ebf.mp4<\/a><\/video><\/div>\n<p>A mesa de opera\u00e7\u00e3o da m\u00e1quina injetora est\u00e1 equipada com duas medidas de seguran\u00e7a.<\/p>\n<div>A primeira \u00e9 a seguran\u00e7a mec\u00e2nica, que garante a seguran\u00e7a geral da m\u00e1quina durante a opera\u00e7\u00e3o. A segunda \u00e9 a seguran\u00e7a el\u00e9trica, que protege os operadores de quaisquer perigos el\u00e9tricos potenciais. Essas medidas de seguran\u00e7a visam priorizar a seguran\u00e7a dos operadores.<\/div>\n<div><img fetchpriority=\"high\" decoding=\"async\" class=\"alignnone size-full wp-image-466\" src=\"https:\/\/beta-machine.com\/wp-content\/uploads\/2025\/10\/UN230.jpg\" alt=\"Clamping unit.\" width=\"2176\" height=\"1409\" srcset=\"https:\/\/www.beta-machine.com\/wp-content\/uploads\/2025\/10\/UN230.jpg 2176w, https:\/\/www.beta-machine.com\/wp-content\/uploads\/2025\/10\/UN230-600x389.jpg 600w, https:\/\/www.beta-machine.com\/wp-content\/uploads\/2025\/10\/UN230-300x194.jpg 300w, https:\/\/www.beta-machine.com\/wp-content\/uploads\/2025\/10\/UN230-1024x663.jpg 1024w, https:\/\/www.beta-machine.com\/wp-content\/uploads\/2025\/10\/UN230-768x497.jpg 768w, https:\/\/www.beta-machine.com\/wp-content\/uploads\/2025\/10\/UN230-1536x995.jpg 1536w, https:\/\/www.beta-machine.com\/wp-content\/uploads\/2025\/10\/UN230-2048x1326.jpg 2048w\" sizes=\"(max-width: 2176px) 100vw, 2176px\" \/><\/div>\n<div>\n<p><strong>1. Unidade de fechamento<\/strong><\/p>\n<p>* A s\u00e9rie Universe possui unidade de fechamento com ranha em T, facilitando uma troca de moldes mais r\u00e1pida.<\/p>\n<p>* Par\u00e2metros mec\u00e2nicos super grandes, compat\u00edveis com mais tamanhos de moldes.<\/p>\n<div>* Estrutura de eje\u00e7\u00e3o europeia, f\u00e1cil manuten\u00e7\u00e3o do pino de eje\u00e7\u00e3o.<\/div>\n<div>* Guia de fechamento estendida e alargada garante o funcionamento suave da m\u00e1quina.<\/div>\n<p><strong><img decoding=\"async\" class=\"alignnone size-full wp-image-465\" src=\"https:\/\/beta-machine.com\/wp-content\/uploads\/2025\/10\/UN230-4.jpg\" alt=\"Injection unit\" width=\"749\" height=\"405\" srcset=\"https:\/\/www.beta-machine.com\/wp-content\/uploads\/2025\/10\/UN230-4.jpg 749w, https:\/\/www.beta-machine.com\/wp-content\/uploads\/2025\/10\/UN230-4-600x324.jpg 600w, https:\/\/www.beta-machine.com\/wp-content\/uploads\/2025\/10\/UN230-4-300x162.jpg 300w\" sizes=\"(max-width: 749px) 100vw, 749px\" \/><\/strong><\/p>\n<p>&nbsp;<\/p>\n<p><strong>2. Unidade de inje\u00e7\u00e3o<\/strong><\/p>\n<p>* A unidade de inje\u00e7\u00e3o da s\u00e9rie Universe adota uma confi\u00e1vel estrutura de inje\u00e7\u00e3o de dupla camada com duas varillas guia do cilindro de inje\u00e7\u00e3o, utilizada em m\u00e1quinas de alta velocidade. Esse sistema aprimora significativamente a precis\u00e3o de inje\u00e7\u00e3o e a estabilidade de carregamento.<\/p>\n<div>* A estrutura de movimento da unidade de inje\u00e7\u00e3o adota varillas guia de alta rigidez e duplo cilindro para o movimento da carruagem. Essa estrutura evita o vazamento de material durante a inje\u00e7\u00e3o em alta velocidade e press\u00e3o, bem como durante a carga com alta contrapress\u00e3o.<\/div>\n<p><strong><img decoding=\"async\" class=\"alignnone size-full wp-image-463\" src=\"https:\/\/beta-machine.com\/wp-content\/uploads\/2025\/10\/UN230-1.jpg\" alt=\"Hydraulic System\" width=\"2202\" height=\"972\" srcset=\"https:\/\/www.beta-machine.com\/wp-content\/uploads\/2025\/10\/UN230-1.jpg 2202w, https:\/\/www.beta-machine.com\/wp-content\/uploads\/2025\/10\/UN230-1-600x265.jpg 600w, https:\/\/www.beta-machine.com\/wp-content\/uploads\/2025\/10\/UN230-1-300x132.jpg 300w, https:\/\/www.beta-machine.com\/wp-content\/uploads\/2025\/10\/UN230-1-1024x452.jpg 1024w, https:\/\/www.beta-machine.com\/wp-content\/uploads\/2025\/10\/UN230-1-768x339.jpg 768w, https:\/\/www.beta-machine.com\/wp-content\/uploads\/2025\/10\/UN230-1-1536x678.jpg 1536w, https:\/\/www.beta-machine.com\/wp-content\/uploads\/2025\/10\/UN230-1-2048x904.jpg 2048w\" sizes=\"(max-width: 2202px) 100vw, 2202px\" \/><\/strong><\/p>\n<p><strong>3. Sistema hidr\u00e1ulico<\/strong><\/p>\n<p>* Tecnologia de acionamento de alta efici\u00eancia<\/p>\n<div>* O design modular da placa de v\u00e1lvulas hidr\u00e1ulicas e o layout hidr\u00e1ulico otimizado podem reduzir efetivamente a perda de press\u00e3o e melhorar a capacidade de resposta.<\/div>\n<div>* Prote\u00e7\u00e3o ambiental<\/div>\n<p><img loading=\"lazy\" decoding=\"async\" class=\"alignnone size-full wp-image-464\" src=\"https:\/\/beta-machine.com\/wp-content\/uploads\/2025\/10\/UN230-3.jpg\" alt=\"Control system\" width=\"922\" height=\"628\" srcset=\"https:\/\/www.beta-machine.com\/wp-content\/uploads\/2025\/10\/UN230-3.jpg 922w, https:\/\/www.beta-machine.com\/wp-content\/uploads\/2025\/10\/UN230-3-600x409.jpg 600w, https:\/\/www.beta-machine.com\/wp-content\/uploads\/2025\/10\/UN230-3-300x204.jpg 300w, https:\/\/www.beta-machine.com\/wp-content\/uploads\/2025\/10\/UN230-3-768x523.jpg 768w\" sizes=\"(max-width: 922px) 100vw, 922px\" \/><\/p>\n<p><strong>4. Sistema de controle<\/strong><\/p>\n<p>* O sistema de controle confi\u00e1vel e inteligente torna f\u00e1cil a moldagem r\u00e1pida de alta precis\u00e3o.<\/p>\n<div>* A potente fun\u00e7\u00e3o de controle por software possibilita a realiza\u00e7\u00e3o do complexo processo de inje\u00e7\u00e3o com opera\u00e7\u00e3o simples.<\/div>\n<\/div>","protected":false},"excerpt":{"rendered":"<p>A m\u00e1quina de moldagem por inje\u00e7\u00e3o de alta efici\u00eancia e economia de energia utiliza controle proporcional de press\u00e3o e vaz\u00e3o, permitindo ajustar a press\u00e3o e a velocidade. Isso resulta em uma curva de movimento est\u00e1vel e choque suave durante a opera\u00e7\u00e3o. O computador utilizado na m\u00e1quina \u00e9 importado da linha industrial, garantindo alta qualidade e confiabilidade.<\/p>","protected":false},"featured_media":473,"comment_status":"closed","ping_status":"closed","template":"","meta":{"_acf_changed":false},"product_brand":[],"product_cat":[33],"product_tag":[],"class_list":{"0":"post-457","1":"product","2":"type-product","3":"status-publish","4":"has-post-thumbnail","6":"product_cat-servo-energy-saving-injection-molding-machine","8":"first","9":"instock","10":"shipping-taxable","11":"purchasable","12":"product-type-variable"},"acf":[],"_links":{"self":[{"href":"https:\/\/www.beta-machine.com\/pt\/wp-json\/wp\/v2\/product\/457","targetHints":{"allow":["GET"]}}],"collection":[{"href":"https:\/\/www.beta-machine.com\/pt\/wp-json\/wp\/v2\/product"}],"about":[{"href":"https:\/\/www.beta-machine.com\/pt\/wp-json\/wp\/v2\/types\/product"}],"replies":[{"embeddable":true,"href":"https:\/\/www.beta-machine.com\/pt\/wp-json\/wp\/v2\/comments?post=457"}],"wp:featuredmedia":[{"embeddable":true,"href":"https:\/\/www.beta-machine.com\/pt\/wp-json\/wp\/v2\/media\/473"}],"wp:attachment":[{"href":"https:\/\/www.beta-machine.com\/pt\/wp-json\/wp\/v2\/media?parent=457"}],"wp:term":[{"taxonomy":"product_brand","embeddable":true,"href":"https:\/\/www.beta-machine.com\/pt\/wp-json\/wp\/v2\/product_brand?post=457"},{"taxonomy":"product_cat","embeddable":true,"href":"https:\/\/www.beta-machine.com\/pt\/wp-json\/wp\/v2\/product_cat?post=457"},{"taxonomy":"product_tag","embeddable":true,"href":"https:\/\/www.beta-machine.com\/pt\/wp-json\/wp\/v2\/product_tag?post=457"}],"curies":[{"name":"wp","href":"https:\/\/api.w.org\/{rel}","templated":true}]}}