{"id":485,"date":"2025-10-31T07:25:19","date_gmt":"2025-10-31T07:25:19","guid":{"rendered":"https:\/\/beta-machine.com\/?post_type=product&#038;p=485"},"modified":"2026-03-12T07:31:42","modified_gmt":"2026-03-12T07:31:42","slug":"automatic-servo-type-plastic-beverage-drink-bottle-tube-pet-preform-making-injection-molding-machine","status":"publish","type":"product","link":"https:\/\/www.beta-machine.com\/pt\/automatic-servo-type-plastic-beverage-drink-bottle-tube-pet-preform-making-injection-molding-machine-pd770346088\/","title":{"rendered":"M\u00e1quina injetora autom\u00e1tica tipo servo para fabrica\u00e7\u00e3o de preformas de PET para garrafas e tubos de bebidas pl\u00e1sticas"},"content":{"rendered":"<p><strong>M\u00e1quina injetora autom\u00e1tica tipo servo para fabrica\u00e7\u00e3o de preformas de PET para garrafas e tubos de bebidas pl\u00e1sticas<\/strong><\/p>\n<div style=\"width: 800px;\" class=\"wp-video\"><video class=\"wp-video-shortcode\" id=\"video-485-1\" width=\"800\" height=\"450\" preload=\"metadata\" controls=\"controls\"><source type=\"video\/mp4\" src=\"https:\/\/beta-machine.com\/wp-content\/uploads\/2025\/10\/jiBklKnijmi-jmipKBilmnRjiSrqiloqpqjmrqr-e8827dfed2a54f0abe0242dbf5234ebf.mp4?_=1\" \/><a href=\"https:\/\/beta-machine.com\/wp-content\/uploads\/2025\/10\/jiBklKnijmi-jmipKBilmnRjiSrqiloqpqjmrqr-e8827dfed2a54f0abe0242dbf5234ebf.mp4\">https:\/\/beta-machine.com\/wp-content\/uploads\/2025\/10\/jiBklKnijmi-jmipKBilmnRjiSrqiloqpqjmrqr-e8827dfed2a54f0abe0242dbf5234ebf.mp4<\/a><\/video><\/div>\n<p>A m\u00e1quina de moldagem por inje\u00e7\u00e3o \u00e9 equipada com uma tela LCD de alta defini\u00e7\u00e3o que fornece imagens n\u00edtidas e suporta os idiomas chin\u00eas e ingl\u00eas, tornando o uso f\u00e1cil. Al\u00e9m disso, a m\u00e1quina possui um sistema de controle de temperatura PID em malha fechada que permite regulagem precisa da temperatura.<\/p>\n<p>Em mat\u00e9ria de seguran\u00e7a, a mesa de opera\u00e7\u00e3o da m\u00e1quina est\u00e1 equipada com duas medidas de prote\u00e7\u00e3o. A primeira garante a seguran\u00e7a geral da m\u00e1quina durante o funcionamento, enquanto a segunda foca na seguran\u00e7a el\u00e9trica para proteger os operadores de riscos el\u00e9tricos potenciais. Essas medidas de seguran\u00e7a s\u00e3o adotadas para priorizar o bem-estar e a seguran\u00e7a dos operadores.<\/p>\n<p><b>Apresenta\u00e7\u00e3o do produto<\/b><\/p>\n<div><img fetchpriority=\"high\" decoding=\"async\" class=\"alignnone size-full wp-image-466\" src=\"https:\/\/beta-machine.com\/wp-content\/uploads\/2025\/10\/UN230.jpg\" alt=\"Clamping unit.\" width=\"2176\" height=\"1409\" srcset=\"https:\/\/www.beta-machine.com\/wp-content\/uploads\/2025\/10\/UN230.jpg 2176w, https:\/\/www.beta-machine.com\/wp-content\/uploads\/2025\/10\/UN230-600x389.jpg 600w, https:\/\/www.beta-machine.com\/wp-content\/uploads\/2025\/10\/UN230-300x194.jpg 300w, https:\/\/www.beta-machine.com\/wp-content\/uploads\/2025\/10\/UN230-1024x663.jpg 1024w, https:\/\/www.beta-machine.com\/wp-content\/uploads\/2025\/10\/UN230-768x497.jpg 768w, https:\/\/www.beta-machine.com\/wp-content\/uploads\/2025\/10\/UN230-1536x995.jpg 1536w, https:\/\/www.beta-machine.com\/wp-content\/uploads\/2025\/10\/UN230-2048x1326.jpg 2048w\" sizes=\"(max-width: 2176px) 100vw, 2176px\" \/><\/div>\n<div>\n<p><strong>1. Unidade de fechamento<\/strong><\/p>\n<p>* A s\u00e9rie Universe \u00e9 equipada com uma unidade de fechamento com ranhura em T, possibilitando trocas de molde mais r\u00e1pidas e eficientes.<\/p>\n<p>* Com seus excelentes par\u00e2metros mec\u00e2nicos, a s\u00e9rie Universe pode acomodar uma gama mais ampla de tamanhos de moldes.<\/p>\n<p>* Possui estrutura de eje\u00e7\u00e3o europeia, o pino de eje\u00e7\u00e3o da m\u00e1quina \u00e9 f\u00e1cil de manter.<\/p>\n<p>* A guia de fechamento estendida e alargada garante o funcionamento suave da m\u00e1quina.<\/p>\n<p>&nbsp;<\/p>\n<p><img decoding=\"async\" class=\"alignnone size-full wp-image-495\" src=\"https:\/\/beta-machine.com\/wp-content\/uploads\/2025\/10\/160A3738.jpg\" alt=\"\" width=\"800\" height=\"800\" srcset=\"https:\/\/www.beta-machine.com\/wp-content\/uploads\/2025\/10\/160A3738.jpg 800w, https:\/\/www.beta-machine.com\/wp-content\/uploads\/2025\/10\/160A3738-300x300.jpg 300w, https:\/\/www.beta-machine.com\/wp-content\/uploads\/2025\/10\/160A3738-100x100.jpg 100w, https:\/\/www.beta-machine.com\/wp-content\/uploads\/2025\/10\/160A3738-600x600.jpg 600w, https:\/\/www.beta-machine.com\/wp-content\/uploads\/2025\/10\/160A3738-150x150.jpg 150w, https:\/\/www.beta-machine.com\/wp-content\/uploads\/2025\/10\/160A3738-768x768.jpg 768w\" sizes=\"(max-width: 800px) 100vw, 800px\" \/><\/p>\n<p><strong>2. Unidade de inje\u00e7\u00e3o<\/strong><\/p>\n<p>A m\u00e1quina de moldagem por inje\u00e7\u00e3o da s\u00e9rie Universe \u00e9 equipada com uma confi\u00e1vel estrutura de inje\u00e7\u00e3o de dupla camada em sua unidade de inje\u00e7\u00e3o. Essa estrutura incorpora duas varillas guia do cilindro de inje\u00e7\u00e3o, normalmente utilizadas em m\u00e1quinas de alta velocidade. Com a utiliza\u00e7\u00e3o desse sistema, a precis\u00e3o de inje\u00e7\u00e3o e a estabilidade de carregamento s\u00e3o significativamente aprimoradas.<\/p>\n<p>Para garantir um funcionamento cont\u00ednuo, a estrutura de movimento da unidade de inje\u00e7\u00e3o apresenta um projeto de varilla guia de alta rigidez, juntamente com uma estrutura de duplo cilindro para o movimento da carruagem. Essa estrutura evita eficazmente o vazamento de material durante a inje\u00e7\u00e3o em alta velocidade e alta press\u00e3o, bem como durante a carga sob condi\u00e7\u00f5es de alta contrapress\u00e3o.<\/p>\n<p><strong><img decoding=\"async\" class=\"alignnone size-full wp-image-463\" src=\"https:\/\/beta-machine.com\/wp-content\/uploads\/2025\/10\/UN230-1.jpg\" alt=\"Hydraulic System\" width=\"2202\" height=\"972\" srcset=\"https:\/\/www.beta-machine.com\/wp-content\/uploads\/2025\/10\/UN230-1.jpg 2202w, https:\/\/www.beta-machine.com\/wp-content\/uploads\/2025\/10\/UN230-1-600x265.jpg 600w, https:\/\/www.beta-machine.com\/wp-content\/uploads\/2025\/10\/UN230-1-300x132.jpg 300w, https:\/\/www.beta-machine.com\/wp-content\/uploads\/2025\/10\/UN230-1-1024x452.jpg 1024w, https:\/\/www.beta-machine.com\/wp-content\/uploads\/2025\/10\/UN230-1-768x339.jpg 768w, https:\/\/www.beta-machine.com\/wp-content\/uploads\/2025\/10\/UN230-1-1536x678.jpg 1536w, https:\/\/www.beta-machine.com\/wp-content\/uploads\/2025\/10\/UN230-1-2048x904.jpg 2048w\" sizes=\"(max-width: 2202px) 100vw, 2202px\" \/><\/strong><\/p>\n<p><strong>3. Sistema hidr\u00e1ulico<\/strong><\/p>\n<p>A m\u00e1quina de moldagem por inje\u00e7\u00e3o da s\u00e9rie Universe \u00e9 equipada com tecnologia de acionamento avan\u00e7ada, que aumenta consideravelmente sua efici\u00eancia. Essa tecnologia n\u00e3o s\u00f3 reduz o consumo de energia, como tamb\u00e9m minimiza os res\u00edduos, tornando-a uma op\u00e7\u00e3o mais ecologicamente correta.<\/p>\n<p>Al\u00e9m disso, o painel de v\u00e1lvulas hidr\u00e1ulicas da m\u00e1quina possui um design modular e o layout hidr\u00e1ulico \u00e9 otimizado. Essas caracter\u00edsticas ajudam a reduzir a perda de press\u00e3o e melhorar a capacidade de resposta da m\u00e1quina. Como resultado, os processos de moldagem por inje\u00e7\u00e3o tornam-se mais r\u00e1pidos e precisos, levando ao aumento da produtividade e \u00e0 redu\u00e7\u00e3o do desperd\u00edcio de material.<\/p>\n<p>Al\u00e9m de sua efici\u00eancia, a m\u00e1quina tamb\u00e9m \u00e9 projetada levando em considera\u00e7\u00e3o a prote\u00e7\u00e3o ambiental. Ela incorpora diversas caracter\u00edsticas e tecnologias de economia de energia que reduzem significativamente o consumo de energia e as emiss\u00f5es de carbono. Isso n\u00e3o s\u00f3 beneficia o meio ambiente, como tamb\u00e9m ajuda a reduzir os custos operacionais para o usu\u00e1rio.<\/p>\n<p><img loading=\"lazy\" decoding=\"async\" class=\"alignnone size-full wp-image-464\" src=\"https:\/\/beta-machine.com\/wp-content\/uploads\/2025\/10\/UN230-3.jpg\" alt=\"Control system\" width=\"922\" height=\"628\" srcset=\"https:\/\/www.beta-machine.com\/wp-content\/uploads\/2025\/10\/UN230-3.jpg 922w, https:\/\/www.beta-machine.com\/wp-content\/uploads\/2025\/10\/UN230-3-600x409.jpg 600w, https:\/\/www.beta-machine.com\/wp-content\/uploads\/2025\/10\/UN230-3-300x204.jpg 300w, https:\/\/www.beta-machine.com\/wp-content\/uploads\/2025\/10\/UN230-3-768x523.jpg 768w\" sizes=\"(max-width: 922px) 100vw, 922px\" \/><\/p>\n<p><strong>4. Sistema de controle<\/strong><\/p>\n<p>* Com um sistema de controle confi\u00e1vel e inteligente, obter moldagem r\u00e1pida de alta precis\u00e3o \u00e9 f\u00e1cil.<\/p>\n<p>* Possui uma fun\u00e7\u00e3o de controle por software avan\u00e7ada que simplifica o complexo processo de moldagem por inje\u00e7\u00e3o, possibilitando sua execu\u00e7\u00e3o com opera\u00e7\u00f5es simples.<\/p>\n<p>&nbsp;<\/p>\n<p><strong>5. Produtos finais<\/strong><\/p>\n<p><img loading=\"lazy\" decoding=\"async\" class=\"alignnone size-full wp-image-317\" src=\"https:\/\/www.beta-machine.com\/wp-content\/uploads\/2025\/10\/Bottle-Mould-Models.jpg\" alt=\"\" width=\"984\" height=\"671\" srcset=\"https:\/\/www.beta-machine.com\/wp-content\/uploads\/2025\/10\/Bottle-Mould-Models.jpg 984w, https:\/\/www.beta-machine.com\/wp-content\/uploads\/2025\/10\/Bottle-Mould-Models-600x409.jpg 600w, https:\/\/www.beta-machine.com\/wp-content\/uploads\/2025\/10\/Bottle-Mould-Models-300x205.jpg 300w, https:\/\/www.beta-machine.com\/wp-content\/uploads\/2025\/10\/Bottle-Mould-Models-768x524.jpg 768w\" sizes=\"(max-width: 984px) 100vw, 984px\" \/><\/p>\n<\/div>","protected":false},"excerpt":{"rendered":"<p>A m\u00e1quina injetora de alta efici\u00eancia e economia de energia \u00e9 projetada especificamente para otimizar o consumo de energia e minimizar o desperd\u00edcio. Isso \u00e9 alcan\u00e7ado por meio da tecnologia de controle proporcional de press\u00e3o e vaz\u00e3o, que permite ajustar a press\u00e3o e a velocidade durante a opera\u00e7\u00e3o. Ao controlar esses fatores com precis\u00e3o, a m\u00e1quina consegue a efici\u00eancia ideal e reduz o consumo desnecess\u00e1rio de energia, resultando em uma significativa economia de energia e redu\u00e7\u00e3o de desperd\u00edcio.<\/p>","protected":false},"featured_media":493,"comment_status":"closed","ping_status":"closed","template":"","meta":{"_acf_changed":false},"product_brand":[],"product_cat":[33],"product_tag":[],"class_list":{"0":"post-485","1":"product","2":"type-product","3":"status-publish","4":"has-post-thumbnail","6":"product_cat-servo-energy-saving-injection-molding-machine","8":"first","9":"instock","10":"shipping-taxable","11":"purchasable","12":"product-type-variable"},"acf":[],"_links":{"self":[{"href":"https:\/\/www.beta-machine.com\/pt\/wp-json\/wp\/v2\/product\/485","targetHints":{"allow":["GET"]}}],"collection":[{"href":"https:\/\/www.beta-machine.com\/pt\/wp-json\/wp\/v2\/product"}],"about":[{"href":"https:\/\/www.beta-machine.com\/pt\/wp-json\/wp\/v2\/types\/product"}],"replies":[{"embeddable":true,"href":"https:\/\/www.beta-machine.com\/pt\/wp-json\/wp\/v2\/comments?post=485"}],"wp:featuredmedia":[{"embeddable":true,"href":"https:\/\/www.beta-machine.com\/pt\/wp-json\/wp\/v2\/media\/493"}],"wp:attachment":[{"href":"https:\/\/www.beta-machine.com\/pt\/wp-json\/wp\/v2\/media?parent=485"}],"wp:term":[{"taxonomy":"product_brand","embeddable":true,"href":"https:\/\/www.beta-machine.com\/pt\/wp-json\/wp\/v2\/product_brand?post=485"},{"taxonomy":"product_cat","embeddable":true,"href":"https:\/\/www.beta-machine.com\/pt\/wp-json\/wp\/v2\/product_cat?post=485"},{"taxonomy":"product_tag","embeddable":true,"href":"https:\/\/www.beta-machine.com\/pt\/wp-json\/wp\/v2\/product_tag?post=485"}],"curies":[{"name":"wp","href":"https:\/\/api.w.org\/{rel}","templated":true}]}}