{"id":497,"date":"2025-10-31T07:35:30","date_gmt":"2025-10-31T07:35:30","guid":{"rendered":"https:\/\/beta-machine.com\/?post_type=product&#038;p=497"},"modified":"2026-03-12T07:02:48","modified_gmt":"2026-03-12T07:02:48","slug":"factory-direct-servo-type-pet-preform-small-bottle-capsule-plastic-injection-molding-machines","status":"publish","type":"product","link":"https:\/\/www.beta-machine.com\/pt\/factory-direct-servo-type-pet-preform-small-bottle-capsule-plastic-injection-molding-machines-pd706146088\/","title":{"rendered":"M\u00e1quinas injetoras pl\u00e1sticas servo para pr\u00e9-formas PET, tampas pequenas e c\u00e1psulas, fornecimento direto da f\u00e1brica"},"content":{"rendered":"<p><strong>M\u00e1quinas injetoras pl\u00e1sticas servo para pr\u00e9-formas PET, tampas pequenas e c\u00e1psulas, fornecimento direto da f\u00e1brica<\/strong><\/p>\n<div style=\"width: 800px;\" class=\"wp-video\"><video class=\"wp-video-shortcode\" id=\"video-497-1\" width=\"800\" height=\"450\" preload=\"metadata\" controls=\"controls\"><source type=\"video\/mp4\" src=\"https:\/\/beta-machine.com\/wp-content\/uploads\/2025\/10\/jiBklKnijmi-jmipKBilmnRjiSrqiloqpqjmrqr-e8827dfed2a54f0abe0242dbf5234ebf.mp4?_=1\" \/><a href=\"https:\/\/beta-machine.com\/wp-content\/uploads\/2025\/10\/jiBklKnijmi-jmipKBilmnRjiSrqiloqpqjmrqr-e8827dfed2a54f0abe0242dbf5234ebf.mp4\">https:\/\/beta-machine.com\/wp-content\/uploads\/2025\/10\/jiBklKnijmi-jmipKBilmnRjiSrqiloqpqjmrqr-e8827dfed2a54f0abe0242dbf5234ebf.mp4<\/a><\/video><\/div>\n<p>A m\u00e1quina injetora possui uma tela LCD de alta defini\u00e7\u00e3o com imagens claras, suportando os idiomas chin\u00eas e ingl\u00eas, aumentando a facilidade de opera\u00e7\u00e3o. Ela tamb\u00e9m \u00e9 equipada com um sistema de controle de temperatura PID em malha fechada, permitindo regula\u00e7\u00e3o precisa da temperatura.<\/p>\n<p>Para garantir a seguran\u00e7a, a mesa de opera\u00e7\u00e3o da m\u00e1quina incorpora duas medidas de prote\u00e7\u00e3o. A primeira foca na seguran\u00e7a mec\u00e2nica, assegurando a seguran\u00e7a geral durante a opera\u00e7\u00e3o. A segunda prioriza a seguran\u00e7a el\u00e9trica, protegendo os operadores de poss\u00edveis riscos el\u00e9tricos. Essas medidas de seguran\u00e7a s\u00e3o implementadas para priorizar o bem-estar e a prote\u00e7\u00e3o dos operadores.<\/p>\n<div><strong>Descri\u00e7\u00e3o da produ\u00e7\u00e3o<\/strong><\/div>\n<div><strong><img fetchpriority=\"high\" decoding=\"async\" class=\"alignnone size-full wp-image-465\" src=\"https:\/\/beta-machine.com\/wp-content\/uploads\/2025\/10\/UN230-4.jpg\" alt=\"Injection unit\" width=\"749\" height=\"405\" srcset=\"https:\/\/www.beta-machine.com\/wp-content\/uploads\/2025\/10\/UN230-4.jpg 749w, https:\/\/www.beta-machine.com\/wp-content\/uploads\/2025\/10\/UN230-4-600x324.jpg 600w, https:\/\/www.beta-machine.com\/wp-content\/uploads\/2025\/10\/UN230-4-300x162.jpg 300w\" sizes=\"(max-width: 749px) 100vw, 749px\" \/><\/strong><\/div>\n<div>\n<p><strong>1. Unidade de inje\u00e7\u00e3o<\/strong><\/p>\n<p>1- A m\u00e1quina injetora da s\u00e9rie UNiverse utiliza uma estrutura de inje\u00e7\u00e3o de dupla camada em sua unidade de inje\u00e7\u00e3o, com cilindro de inje\u00e7\u00e3o de duplo haste saliente.<\/p>\n<p>2- Esse design \u00e9 comumente utilizado em m\u00e1quinas de alta velocidade e melhora consideravelmente a precis\u00e3o de inje\u00e7\u00e3o e a estabilidade de carregamento.<\/p>\n<p>3- A estrutura de movimento da unidade de inje\u00e7\u00e3o \u00e9 constru\u00edda com varas guia de alta rigidez e estrutura de duplo cilindro para o movimento da plataforma.<\/p>\n<p>4- Esse design previne eficazmente o vazamento de material durante a inje\u00e7\u00e3o em alta velocidade e alta press\u00e3o, bem como o carregamento sob alta contrapress\u00e3o.<\/p>\n<p><img decoding=\"async\" class=\"alignnone size-full wp-image-506\" src=\"https:\/\/beta-machine.com\/wp-content\/uploads\/2025\/10\/160A3657.jpg\" alt=\"\" width=\"1000\" height=\"1000\" srcset=\"https:\/\/www.beta-machine.com\/wp-content\/uploads\/2025\/10\/160A3657.jpg 1000w, https:\/\/www.beta-machine.com\/wp-content\/uploads\/2025\/10\/160A3657-300x300.jpg 300w, https:\/\/www.beta-machine.com\/wp-content\/uploads\/2025\/10\/160A3657-100x100.jpg 100w, https:\/\/www.beta-machine.com\/wp-content\/uploads\/2025\/10\/160A3657-600x600.jpg 600w, https:\/\/www.beta-machine.com\/wp-content\/uploads\/2025\/10\/160A3657-150x150.jpg 150w, https:\/\/www.beta-machine.com\/wp-content\/uploads\/2025\/10\/160A3657-768x768.jpg 768w\" sizes=\"(max-width: 1000px) 100vw, 1000px\" \/><\/p>\n<p><strong>2. Unidade de fecho<\/strong><\/p>\n<div>\n<div>\n<p>1- A m\u00e1quina injetora da s\u00e9rie UNiverse possui uma unidade de fecho com ranhura em T, possibilitando mudan\u00e7as de molde r\u00e1pidas e eficientes.<\/p>\n<p>2- Com seus impressionantes par\u00e2metros mec\u00e2nicos, a s\u00e9rie UNiverse pode acomodar v\u00e1rios tamanhos de molde, oferecendo versatilidade e adaptabilidade na fabrica\u00e7\u00e3o.<\/p>\n<p>3- A m\u00e1quina incorpora uma estrutura de eje\u00e7\u00e3o europeia, simplificando a manuten\u00e7\u00e3o do pino ejetor para uma conserva\u00e7\u00e3o f\u00e1cil.<\/p>\n<p>4- Al\u00e9m disso, a s\u00e9rie UNiverse possui uma guia de fecho prolongada e alargada, garantindo um funcionamento suave e fi\u00e1vel da m\u00e1quina durante todo o processo de moldagem.<\/p>\n<\/div>\n<\/div>\n<p><img decoding=\"async\" class=\"alignnone size-full wp-image-463\" src=\"https:\/\/beta-machine.com\/wp-content\/uploads\/2025\/10\/UN230-1.jpg\" alt=\"Hydraulic System\" width=\"2202\" height=\"972\" srcset=\"https:\/\/www.beta-machine.com\/wp-content\/uploads\/2025\/10\/UN230-1.jpg 2202w, https:\/\/www.beta-machine.com\/wp-content\/uploads\/2025\/10\/UN230-1-600x265.jpg 600w, https:\/\/www.beta-machine.com\/wp-content\/uploads\/2025\/10\/UN230-1-300x132.jpg 300w, https:\/\/www.beta-machine.com\/wp-content\/uploads\/2025\/10\/UN230-1-1024x452.jpg 1024w, https:\/\/www.beta-machine.com\/wp-content\/uploads\/2025\/10\/UN230-1-768x339.jpg 768w, https:\/\/www.beta-machine.com\/wp-content\/uploads\/2025\/10\/UN230-1-1536x678.jpg 1536w, https:\/\/www.beta-machine.com\/wp-content\/uploads\/2025\/10\/UN230-1-2048x904.jpg 2048w\" sizes=\"(max-width: 2202px) 100vw, 2202px\" \/><\/p>\n<p><strong>3. Sistema hidr\u00e1ulico<\/strong><\/p>\n<div>\n<p>1- A m\u00e1quina injetora incorpora ainda tecnologia de accionamento avan\u00e7ada, melhorando a sua efici\u00eancia global. Essa tecnologia reduz eficazmente o consumo de energia e minimiza os desperd\u00edcios, tornando-a uma op\u00e7\u00e3o mais amiga do ambiente.<\/p>\n<p>2- Al\u00e9m disso, a placa de v\u00e1lvulas hidr\u00e1ulicas da m\u00e1quina possui um design modular, juntamente com uma disposi\u00e7\u00e3o hidr\u00e1ulica otimizada. Esse design ajuda a minimizar a perda de press\u00e3o e melhora a capacidade de resposta durante o processo de moldagem por inje\u00e7\u00e3o. Como resultado, a m\u00e1quina consegue uma moldagem mais r\u00e1pida e precisa, aumentando a produtividade e reduzindo o desperd\u00edcio de material.<\/p>\n<p>3- Al\u00e9m disso, a m\u00e1quina prioriza a prote\u00e7\u00e3o ambiental ao integrar recursos e tecnologias de economia de energia. Essas medidas minimizam eficazmente o consumo de energia e reduzem as emiss\u00f5es de carbono. Isso n\u00e3o s\u00f3 beneficia o meio ambiente, mas tamb\u00e9m ajuda a reduzir os custos operacionais para o usu\u00e1rio.<\/p>\n<p><img loading=\"lazy\" decoding=\"async\" class=\"alignnone size-full wp-image-507\" src=\"https:\/\/beta-machine.com\/wp-content\/uploads\/2025\/10\/2.jpg\" alt=\"\" width=\"2034\" height=\"584\" srcset=\"https:\/\/www.beta-machine.com\/wp-content\/uploads\/2025\/10\/2.jpg 2034w, https:\/\/www.beta-machine.com\/wp-content\/uploads\/2025\/10\/2-600x172.jpg 600w, https:\/\/www.beta-machine.com\/wp-content\/uploads\/2025\/10\/2-300x86.jpg 300w, https:\/\/www.beta-machine.com\/wp-content\/uploads\/2025\/10\/2-1024x294.jpg 1024w, https:\/\/www.beta-machine.com\/wp-content\/uploads\/2025\/10\/2-768x221.jpg 768w, https:\/\/www.beta-machine.com\/wp-content\/uploads\/2025\/10\/2-1536x441.jpg 1536w\" sizes=\"(max-width: 2034px) 100vw, 2034px\" \/> <img loading=\"lazy\" decoding=\"async\" class=\"alignnone size-full wp-image-508\" src=\"https:\/\/beta-machine.com\/wp-content\/uploads\/2025\/10\/samples.jpg\" alt=\"\" width=\"750\" height=\"188\" srcset=\"https:\/\/www.beta-machine.com\/wp-content\/uploads\/2025\/10\/samples.jpg 750w, https:\/\/www.beta-machine.com\/wp-content\/uploads\/2025\/10\/samples-600x150.jpg 600w, https:\/\/www.beta-machine.com\/wp-content\/uploads\/2025\/10\/samples-300x75.jpg 300w\" sizes=\"(max-width: 750px) 100vw, 750px\" \/><\/p>\n<p><strong>4. Produtos finais<\/strong><\/p>\n<\/div>\n<\/div>","protected":false},"excerpt":{"rendered":"<p>A m\u00e1quina injetora de alta efici\u00eancia e economia de energia est\u00e1 equipada com controle proporcional de press\u00e3o e fluxo, permitindo ajustar a press\u00e3o e a velocidade durante a opera\u00e7\u00e3o. Essa caracter\u00edstica garante uma curva de movimento est\u00e1vel e minimiza o choque, resultando em processos de moldagem mais suaves e precisos.<\/p>","protected":false},"featured_media":509,"comment_status":"closed","ping_status":"closed","template":"","meta":{"_acf_changed":false},"product_brand":[],"product_cat":[33],"product_tag":[],"class_list":{"0":"post-497","1":"product","2":"type-product","3":"status-publish","4":"has-post-thumbnail","6":"product_cat-servo-energy-saving-injection-molding-machine","8":"first","9":"instock","10":"shipping-taxable","11":"purchasable","12":"product-type-variable"},"acf":[],"_links":{"self":[{"href":"https:\/\/www.beta-machine.com\/pt\/wp-json\/wp\/v2\/product\/497","targetHints":{"allow":["GET"]}}],"collection":[{"href":"https:\/\/www.beta-machine.com\/pt\/wp-json\/wp\/v2\/product"}],"about":[{"href":"https:\/\/www.beta-machine.com\/pt\/wp-json\/wp\/v2\/types\/product"}],"replies":[{"embeddable":true,"href":"https:\/\/www.beta-machine.com\/pt\/wp-json\/wp\/v2\/comments?post=497"}],"wp:featuredmedia":[{"embeddable":true,"href":"https:\/\/www.beta-machine.com\/pt\/wp-json\/wp\/v2\/media\/509"}],"wp:attachment":[{"href":"https:\/\/www.beta-machine.com\/pt\/wp-json\/wp\/v2\/media?parent=497"}],"wp:term":[{"taxonomy":"product_brand","embeddable":true,"href":"https:\/\/www.beta-machine.com\/pt\/wp-json\/wp\/v2\/product_brand?post=497"},{"taxonomy":"product_cat","embeddable":true,"href":"https:\/\/www.beta-machine.com\/pt\/wp-json\/wp\/v2\/product_cat?post=497"},{"taxonomy":"product_tag","embeddable":true,"href":"https:\/\/www.beta-machine.com\/pt\/wp-json\/wp\/v2\/product_tag?post=497"}],"curies":[{"name":"wp","href":"https:\/\/api.w.org\/{rel}","templated":true}]}}