{"id":514,"date":"2025-10-31T08:00:42","date_gmt":"2025-10-31T08:00:42","guid":{"rendered":"https:\/\/beta-machine.com\/?post_type=product&#038;p=514"},"modified":"2025-10-31T08:00:53","modified_gmt":"2025-10-31T08:00:53","slug":"automatic-standard-injection-molding-machine-for-plastic-products","status":"publish","type":"product","link":"https:\/\/www.beta-machine.com\/pt\/automatic-standard-injection-molding-machine-for-plastic-products-pd789607088\/","title":{"rendered":"M\u00e1quina injetora padr\u00e3o autom\u00e1tica para produtos pl\u00e1sticos"},"content":{"rendered":"<p><strong>M\u00e1quina injetora padr\u00e3o autom\u00e1tica para produtos pl\u00e1sticos<\/strong><\/p>\n<div style=\"width: 800px;\" class=\"wp-video\"><video class=\"wp-video-shortcode\" id=\"video-514-1\" width=\"800\" height=\"1422\" preload=\"metadata\" controls=\"controls\"><source type=\"video\/mp4\" src=\"https:\/\/beta-machine.com\/wp-content\/uploads\/2025\/10\/jiBklKnijmi-jpipKBilmnRjiSrqpkjipnnpimr-1cb46752397646f68e2cf4f34ffcb28c.mp4?_=1\" \/><a href=\"https:\/\/beta-machine.com\/wp-content\/uploads\/2025\/10\/jiBklKnijmi-jpipKBilmnRjiSrqpkjipnnpimr-1cb46752397646f68e2cf4f34ffcb28c.mp4\">https:\/\/beta-machine.com\/wp-content\/uploads\/2025\/10\/jiBklKnijmi-jpipKBilmnRjiSrqpkjipnnpimr-1cb46752397646f68e2cf4f34ffcb28c.mp4<\/a><\/video><\/div>\n<p><strong>Imagem detalhada<\/strong><\/p>\n<p><img fetchpriority=\"high\" decoding=\"async\" class=\"alignnone size-full wp-image-477\" src=\"https:\/\/beta-machine.com\/wp-content\/uploads\/2025\/10\/3-4-1.jpg\" alt=\"Injection Molding Machine-Clamping Unit\" width=\"1000\" height=\"1000\" srcset=\"https:\/\/www.beta-machine.com\/wp-content\/uploads\/2025\/10\/3-4-1.jpg 1000w, https:\/\/www.beta-machine.com\/wp-content\/uploads\/2025\/10\/3-4-1-300x300.jpg 300w, https:\/\/www.beta-machine.com\/wp-content\/uploads\/2025\/10\/3-4-1-100x100.jpg 100w, https:\/\/www.beta-machine.com\/wp-content\/uploads\/2025\/10\/3-4-1-600x600.jpg 600w, https:\/\/www.beta-machine.com\/wp-content\/uploads\/2025\/10\/3-4-1-150x150.jpg 150w, https:\/\/www.beta-machine.com\/wp-content\/uploads\/2025\/10\/3-4-1-768x768.jpg 768w\" sizes=\"(max-width: 1000px) 100vw, 1000px\" \/> <img decoding=\"async\" class=\"alignnone size-full wp-image-523\" src=\"https:\/\/beta-machine.com\/wp-content\/uploads\/2025\/10\/160A3731.jpg\" alt=\"\" width=\"800\" height=\"800\" srcset=\"https:\/\/www.beta-machine.com\/wp-content\/uploads\/2025\/10\/160A3731.jpg 800w, https:\/\/www.beta-machine.com\/wp-content\/uploads\/2025\/10\/160A3731-300x300.jpg 300w, https:\/\/www.beta-machine.com\/wp-content\/uploads\/2025\/10\/160A3731-100x100.jpg 100w, https:\/\/www.beta-machine.com\/wp-content\/uploads\/2025\/10\/160A3731-600x600.jpg 600w, https:\/\/www.beta-machine.com\/wp-content\/uploads\/2025\/10\/160A3731-150x150.jpg 150w, https:\/\/www.beta-machine.com\/wp-content\/uploads\/2025\/10\/160A3731-768x768.jpg 768w\" sizes=\"(max-width: 800px) 100vw, 800px\" \/><\/p>\n<p><strong>1. Unidade de fechamento<\/strong><\/p>\n<p>* A s\u00e9rie Universe possui unidade de fechamento com ranha em T, facilitando uma troca de moldes mais r\u00e1pida.<\/p>\n<div>* Par\u00e2metros mec\u00e2nicos super grandes, compat\u00edveis com mais tamanhos de moldes.<\/div>\n<div>* Estrutura de eje\u00e7\u00e3o europeia, f\u00e1cil manuten\u00e7\u00e3o do pino de eje\u00e7\u00e3o.<\/div>\n<div>* Guia de fechamento estendida e alargada garante o funcionamento suave da m\u00e1quina.<\/div>\n<div><\/div>\n<div><img decoding=\"async\" class=\"alignnone size-full wp-image-496\" src=\"https:\/\/beta-machine.com\/wp-content\/uploads\/2025\/10\/HJF-180-F5.jpg\" alt=\"\" width=\"1000\" height=\"1000\" srcset=\"https:\/\/www.beta-machine.com\/wp-content\/uploads\/2025\/10\/HJF-180-F5.jpg 1000w, https:\/\/www.beta-machine.com\/wp-content\/uploads\/2025\/10\/HJF-180-F5-300x300.jpg 300w, https:\/\/www.beta-machine.com\/wp-content\/uploads\/2025\/10\/HJF-180-F5-100x100.jpg 100w, https:\/\/www.beta-machine.com\/wp-content\/uploads\/2025\/10\/HJF-180-F5-600x600.jpg 600w, https:\/\/www.beta-machine.com\/wp-content\/uploads\/2025\/10\/HJF-180-F5-150x150.jpg 150w, https:\/\/www.beta-machine.com\/wp-content\/uploads\/2025\/10\/HJF-180-F5-768x768.jpg 768w\" sizes=\"(max-width: 1000px) 100vw, 1000px\" \/><\/div>\n<div>\n<p><strong>2. Unidade de inje\u00e7\u00e3o<\/strong><\/p>\n<p>1-Unidade de inje\u00e7\u00e3o otimizada<\/p>\n<div>2-Conjunto eficiente de cilindro plastificante e parafuso<\/div>\n<div>3-O sistema BETA oferece a m\u00e1xima flexibilidade<\/div>\n<\/div>\n<p><img loading=\"lazy\" decoding=\"async\" class=\"alignnone size-full wp-image-463\" src=\"https:\/\/beta-machine.com\/wp-content\/uploads\/2025\/10\/UN230-1.jpg\" alt=\"Hydraulic System\" width=\"2202\" height=\"972\" srcset=\"https:\/\/www.beta-machine.com\/wp-content\/uploads\/2025\/10\/UN230-1.jpg 2202w, https:\/\/www.beta-machine.com\/wp-content\/uploads\/2025\/10\/UN230-1-600x265.jpg 600w, https:\/\/www.beta-machine.com\/wp-content\/uploads\/2025\/10\/UN230-1-300x132.jpg 300w, https:\/\/www.beta-machine.com\/wp-content\/uploads\/2025\/10\/UN230-1-1024x452.jpg 1024w, https:\/\/www.beta-machine.com\/wp-content\/uploads\/2025\/10\/UN230-1-768x339.jpg 768w, https:\/\/www.beta-machine.com\/wp-content\/uploads\/2025\/10\/UN230-1-1536x678.jpg 1536w, https:\/\/www.beta-machine.com\/wp-content\/uploads\/2025\/10\/UN230-1-2048x904.jpg 2048w\" sizes=\"(max-width: 2202px) 100vw, 2202px\" \/><\/p>\n<p><strong>3. Sistema hidr\u00e1ulico<\/strong><\/p>\n<p>* Tecnologia de acionamento de alta efici\u00eancia<\/p>\n<div>* O design modular da placa de v\u00e1lvulas hidr\u00e1ulicas e o layout hidr\u00e1ulico otimizado podem reduzir efetivamente a perda de press\u00e3o e melhorar a capacidade de resposta.<\/div>\n<div>* Prote\u00e7\u00e3o ambiental<\/div>\n<div><img loading=\"lazy\" decoding=\"async\" class=\"alignnone size-full wp-image-464\" src=\"https:\/\/beta-machine.com\/wp-content\/uploads\/2025\/10\/UN230-3.jpg\" alt=\"Control system\" width=\"922\" height=\"628\" srcset=\"https:\/\/www.beta-machine.com\/wp-content\/uploads\/2025\/10\/UN230-3.jpg 922w, https:\/\/www.beta-machine.com\/wp-content\/uploads\/2025\/10\/UN230-3-600x409.jpg 600w, https:\/\/www.beta-machine.com\/wp-content\/uploads\/2025\/10\/UN230-3-300x204.jpg 300w, https:\/\/www.beta-machine.com\/wp-content\/uploads\/2025\/10\/UN230-3-768x523.jpg 768w\" sizes=\"(max-width: 922px) 100vw, 922px\" \/><\/div>\n<div>\n<p><strong>4. Sistema de controle<\/strong><\/p>\n<p>* O sistema de controle confi\u00e1vel e inteligente torna f\u00e1cil a moldagem r\u00e1pida de alta precis\u00e3o.<\/p>\n<div>* A potente fun\u00e7\u00e3o de controle por software possibilita a realiza\u00e7\u00e3o do complexo processo de inje\u00e7\u00e3o com opera\u00e7\u00e3o simples.<\/div>\n<\/div>","protected":false},"excerpt":{"rendered":"<p>A m\u00e1quina injetora utiliza controle proporcional de press\u00e3o e fluxo, permitindo ajuste de press\u00e3o e velocidade. Isso resulta em uma curva de movimento est\u00e1vel e choque suave durante a opera\u00e7\u00e3o. O computador utilizado na m\u00e1quina \u00e9 importado da linha industrial, garantindo alta qualidade e confiabilidade.<\/p>","protected":false},"featured_media":520,"comment_status":"closed","ping_status":"closed","template":"","meta":{"_acf_changed":false},"product_brand":[],"product_cat":[32],"product_tag":[],"class_list":{"0":"post-514","1":"product","2":"type-product","3":"status-publish","4":"has-post-thumbnail","6":"product_cat-standard-injection-molding-machine","8":"first","9":"instock","10":"shipping-taxable","11":"purchasable","12":"product-type-variable"},"acf":[],"_links":{"self":[{"href":"https:\/\/www.beta-machine.com\/pt\/wp-json\/wp\/v2\/product\/514","targetHints":{"allow":["GET"]}}],"collection":[{"href":"https:\/\/www.beta-machine.com\/pt\/wp-json\/wp\/v2\/product"}],"about":[{"href":"https:\/\/www.beta-machine.com\/pt\/wp-json\/wp\/v2\/types\/product"}],"replies":[{"embeddable":true,"href":"https:\/\/www.beta-machine.com\/pt\/wp-json\/wp\/v2\/comments?post=514"}],"wp:featuredmedia":[{"embeddable":true,"href":"https:\/\/www.beta-machine.com\/pt\/wp-json\/wp\/v2\/media\/520"}],"wp:attachment":[{"href":"https:\/\/www.beta-machine.com\/pt\/wp-json\/wp\/v2\/media?parent=514"}],"wp:term":[{"taxonomy":"product_brand","embeddable":true,"href":"https:\/\/www.beta-machine.com\/pt\/wp-json\/wp\/v2\/product_brand?post=514"},{"taxonomy":"product_cat","embeddable":true,"href":"https:\/\/www.beta-machine.com\/pt\/wp-json\/wp\/v2\/product_cat?post=514"},{"taxonomy":"product_tag","embeddable":true,"href":"https:\/\/www.beta-machine.com\/pt\/wp-json\/wp\/v2\/product_tag?post=514"}],"curies":[{"name":"wp","href":"https:\/\/api.w.org\/{rel}","templated":true}]}}