{"id":524,"date":"2025-10-31T08:03:55","date_gmt":"2025-10-31T08:03:55","guid":{"rendered":"https:\/\/beta-machine.com\/?post_type=product&#038;p=524"},"modified":"2026-03-12T06:19:29","modified_gmt":"2026-03-12T06:19:29","slug":"pet-preform-injection-molding-machine","status":"publish","type":"product","link":"https:\/\/www.beta-machine.com\/pt\/pet-preform-injection-molding-machine-pd787034388\/","title":{"rendered":"M\u00e1quina de inje\u00e7\u00e3o de pr\u00e9-formas PET"},"content":{"rendered":"<p><strong>M\u00e1quina de inje\u00e7\u00e3o de pr\u00e9-formas PET<\/strong><\/p>\n<p>1. Aumenta o volume de inje\u00e7\u00e3o, sendo mais adequado para a produ\u00e7\u00e3o de produtos de m\u00faltiplas cavidades. Adaptado conforme diferentes requisitos, tem mais vantagens na produ\u00e7\u00e3o de produtos de embalagem, cavidades profundas e preformas de PET de alta velocidade.<\/p>\n<p>2. O parafuso especial para PET aumenta significativamente a velocidade de fus\u00e3o e o volume de inje\u00e7\u00e3o, reduz a temperatura de plastifica\u00e7\u00e3o, melhora efetivamente a contra\u00e7\u00e3o da preforma e aumenta a transpar\u00eancia.<\/p>\n<p>3. Aumenta a for\u00e7a do \u00eambolo de eje\u00e7\u00e3o e o percurso de eje\u00e7\u00e3o, sendo mais adequado para a moldagem de preformas de PET de cavidade profunda.<\/p>","protected":false},"excerpt":{"rendered":"<p>PET Preform Injection Molding Machine 1.Increase the injection volume, which is more suitable for the production of multi-cavity products. Tailored according to different requirements, it is more advantageous for the production of packaging, deep cavity and high speed PET preform products. 2.PET special screw significantly increases the melting speed and injection volume, reduces the plasticizing [&hellip;]<\/p>\n","protected":false},"featured_media":526,"comment_status":"closed","ping_status":"closed","template":"","meta":{"_acf_changed":false},"product_brand":[],"product_cat":[31],"product_tag":[],"class_list":{"0":"post-524","1":"product","2":"type-product","3":"status-publish","4":"has-post-thumbnail","6":"product_cat-pet-preform-injection-molding-machine","8":"first","9":"instock","10":"shipping-taxable","11":"purchasable","12":"product-type-simple"},"acf":[],"_links":{"self":[{"href":"https:\/\/www.beta-machine.com\/pt\/wp-json\/wp\/v2\/product\/524","targetHints":{"allow":["GET"]}}],"collection":[{"href":"https:\/\/www.beta-machine.com\/pt\/wp-json\/wp\/v2\/product"}],"about":[{"href":"https:\/\/www.beta-machine.com\/pt\/wp-json\/wp\/v2\/types\/product"}],"replies":[{"embeddable":true,"href":"https:\/\/www.beta-machine.com\/pt\/wp-json\/wp\/v2\/comments?post=524"}],"wp:featuredmedia":[{"embeddable":true,"href":"https:\/\/www.beta-machine.com\/pt\/wp-json\/wp\/v2\/media\/526"}],"wp:attachment":[{"href":"https:\/\/www.beta-machine.com\/pt\/wp-json\/wp\/v2\/media?parent=524"}],"wp:term":[{"taxonomy":"product_brand","embeddable":true,"href":"https:\/\/www.beta-machine.com\/pt\/wp-json\/wp\/v2\/product_brand?post=524"},{"taxonomy":"product_cat","embeddable":true,"href":"https:\/\/www.beta-machine.com\/pt\/wp-json\/wp\/v2\/product_cat?post=524"},{"taxonomy":"product_tag","embeddable":true,"href":"https:\/\/www.beta-machine.com\/pt\/wp-json\/wp\/v2\/product_tag?post=524"}],"curies":[{"name":"wp","href":"https:\/\/api.w.org\/{rel}","templated":true}]}}