{"id":527,"date":"2025-10-31T08:05:05","date_gmt":"2025-10-31T08:05:05","guid":{"rendered":"https:\/\/beta-machine.com\/?post_type=product&#038;p=527"},"modified":"2025-10-31T08:47:21","modified_gmt":"2025-10-31T08:47:21","slug":"automatic-standard-injection-molding-machine-for-plastic-products-%e5%a4%8d%e5%88%b6","status":"publish","type":"product","link":"https:\/\/www.beta-machine.com\/pt\/automatic-pet-prefrom-injection-molding-machine-pd706379088\/","title":{"rendered":"M\u00e1quina de moldagem por inje\u00e7\u00e3o autom\u00e1tica para preformas de PET"},"content":{"rendered":"<p><strong>M\u00e1quina de moldagem por inje\u00e7\u00e3o autom\u00e1tica para preformas de PET<\/strong><\/p>\n<div style=\"width: 750px;\" class=\"wp-video\"><video class=\"wp-video-shortcode\" id=\"video-527-1\" width=\"750\" height=\"1333\" preload=\"metadata\" controls=\"controls\"><source type=\"video\/mp4\" src=\"https:\/\/beta-machine.com\/wp-content\/uploads\/2025\/10\/jiBklKnijmi-jpipKBilmnRjiSrqpkjipnnpimr-1cb46752397646f68e2cf4f34ffcb28c.mp4?_=1\" \/><a href=\"https:\/\/beta-machine.com\/wp-content\/uploads\/2025\/10\/jiBklKnijmi-jpipKBilmnRjiSrqpkjipnnpimr-1cb46752397646f68e2cf4f34ffcb28c.mp4\">https:\/\/beta-machine.com\/wp-content\/uploads\/2025\/10\/jiBklKnijmi-jpipKBilmnRjiSrqpkjipnnpimr-1cb46752397646f68e2cf4f34ffcb28c.mp4<\/a><\/video><\/div>\n<div>\n<div><strong>Imagem detalhada<\/strong><\/div>\n<div><img fetchpriority=\"high\" decoding=\"async\" class=\"alignnone size-full wp-image-533\" src=\"https:\/\/beta-machine.com\/wp-content\/uploads\/2025\/10\/High-response-oil-way.jpg\" alt=\"High response oil-way system\" width=\"629\" height=\"513\" srcset=\"https:\/\/www.beta-machine.com\/wp-content\/uploads\/2025\/10\/High-response-oil-way.jpg 629w, https:\/\/www.beta-machine.com\/wp-content\/uploads\/2025\/10\/High-response-oil-way-600x489.jpg 600w, https:\/\/www.beta-machine.com\/wp-content\/uploads\/2025\/10\/High-response-oil-way-300x245.jpg 300w\" sizes=\"(max-width: 629px) 100vw, 629px\" \/><\/div>\n<div>\n<p><strong>* Sistema de via de \u00f3leo de alta resposta<\/strong><\/p>\n<p>O sistema de via de \u00f3leo modularizado, de economia de energia e alta resposta melhora a velocidade da m\u00e1quina completa e reduz o consumo de energia.<\/p>\n<p><img decoding=\"async\" class=\"alignnone size-full wp-image-532\" src=\"https:\/\/beta-machine.com\/wp-content\/uploads\/2025\/10\/clamping-unit2-scaled.jpg\" alt=\"Clamping unit\" width=\"2560\" height=\"985\" srcset=\"https:\/\/www.beta-machine.com\/wp-content\/uploads\/2025\/10\/clamping-unit2-scaled.jpg 2560w, https:\/\/www.beta-machine.com\/wp-content\/uploads\/2025\/10\/clamping-unit2-scaled-600x231.jpg 600w, https:\/\/www.beta-machine.com\/wp-content\/uploads\/2025\/10\/clamping-unit2-300x115.jpg 300w, https:\/\/www.beta-machine.com\/wp-content\/uploads\/2025\/10\/clamping-unit2-1024x394.jpg 1024w, https:\/\/www.beta-machine.com\/wp-content\/uploads\/2025\/10\/clamping-unit2-768x296.jpg 768w, https:\/\/www.beta-machine.com\/wp-content\/uploads\/2025\/10\/clamping-unit2-1536x591.jpg 1536w, https:\/\/www.beta-machine.com\/wp-content\/uploads\/2025\/10\/clamping-unit2-2048x788.jpg 2048w\" sizes=\"(max-width: 2560px) 100vw, 2560px\" \/><\/p>\n<p><strong>* Unidade de fecho<\/strong><\/p>\n<p>A unidade de fecho de duas placas possui um design compacto e economizador de espa\u00e7o. Al\u00e9m disso, o projeto perfeito sem fric\u00e7\u00e3o das duas placas garante o melhor paralelismo dos moldes e a prote\u00e7\u00e3o do molde mais sens\u00edvel atrav\u00e9s de guias lineares. Isso assegura a m\u00e1xima seguran\u00e7a do utilizador e qualidade do produto.<\/p>\n<ul>\n<li>1. Biela alinhada centralmente<\/li>\n<li>2. Sistema de lubrifica\u00e7\u00e3o circulat\u00f3rio de ciclo fechado<\/li>\n<li>3.  Amortecedor de abertura de molde<\/li>\n<li>4. Fun\u00e7\u00e3o sens\u00edvel de prote\u00e7\u00e3o do molde<\/li>\n<\/ul>\n<p><img decoding=\"async\" class=\"alignnone size-full wp-image-534\" src=\"https:\/\/beta-machine.com\/wp-content\/uploads\/2025\/10\/injection-unit-scaled.jpg\" alt=\"Injection Unit \" width=\"2560\" height=\"1133\" srcset=\"https:\/\/www.beta-machine.com\/wp-content\/uploads\/2025\/10\/injection-unit-scaled.jpg 2560w, https:\/\/www.beta-machine.com\/wp-content\/uploads\/2025\/10\/injection-unit-scaled-600x266.jpg 600w, https:\/\/www.beta-machine.com\/wp-content\/uploads\/2025\/10\/injection-unit-300x133.jpg 300w, https:\/\/www.beta-machine.com\/wp-content\/uploads\/2025\/10\/injection-unit-1024x453.jpg 1024w, https:\/\/www.beta-machine.com\/wp-content\/uploads\/2025\/10\/injection-unit-768x340.jpg 768w, https:\/\/www.beta-machine.com\/wp-content\/uploads\/2025\/10\/injection-unit-1536x680.jpg 1536w, https:\/\/www.beta-machine.com\/wp-content\/uploads\/2025\/10\/injection-unit-2048x906.jpg 2048w\" sizes=\"(max-width: 2560px) 100vw, 2560px\" \/><\/p>\n<p><strong>* Unidade de inje\u00e7\u00e3o<\/strong><\/p>\n<p>1-Unidade de inje\u00e7\u00e3o otimizada<\/p>\n<div>2-Conjunto eficiente de cilindro plastificante e parafuso<\/div>\n<div>3-O sistema BETA oferece a m\u00e1xima flexibilidade<\/div>\n<p>&nbsp;<\/p>\n<\/div>\n<\/div>","protected":false},"excerpt":{"rendered":"<p>1* Aumenta o volume de inje\u00e7\u00e3o, que \u00e9 mais adequado para a produ\u00e7\u00e3o de produtos multicavidade. Adaptado conforme diferentes requisitos, \u00e9 mais vantajoso para a produ\u00e7\u00e3o de embalagens, produtos de cavidade profunda e preformas de PET de alta velocidade.<br \/>\n2* O parafuso especial para PET aumenta significativamente a velocidade de fus\u00e3o e o volume de inje\u00e7\u00e3o, reduz a temperatura de plastifica\u00e7\u00e3o, melhora eficazmente a contra\u00e7\u00e3o da preforma e aumenta a transpar\u00eancia.<br \/>\n3* Aumenta a for\u00e7a do pino expulsor e o curso de eje\u00e7\u00e3o, tornando-o mais adequado para a moldagem de preformas de PET de cavidade profunda.<\/p>","protected":false},"featured_media":535,"comment_status":"closed","ping_status":"closed","template":"","meta":{"_acf_changed":false},"product_brand":[],"product_cat":[31],"product_tag":[],"class_list":{"0":"post-527","1":"product","2":"type-product","3":"status-publish","4":"has-post-thumbnail","6":"product_cat-pet-preform-injection-molding-machine","8":"first","9":"instock","10":"shipping-taxable","11":"purchasable","12":"product-type-variable"},"acf":[],"_links":{"self":[{"href":"https:\/\/www.beta-machine.com\/pt\/wp-json\/wp\/v2\/product\/527","targetHints":{"allow":["GET"]}}],"collection":[{"href":"https:\/\/www.beta-machine.com\/pt\/wp-json\/wp\/v2\/product"}],"about":[{"href":"https:\/\/www.beta-machine.com\/pt\/wp-json\/wp\/v2\/types\/product"}],"replies":[{"embeddable":true,"href":"https:\/\/www.beta-machine.com\/pt\/wp-json\/wp\/v2\/comments?post=527"}],"wp:featuredmedia":[{"embeddable":true,"href":"https:\/\/www.beta-machine.com\/pt\/wp-json\/wp\/v2\/media\/535"}],"wp:attachment":[{"href":"https:\/\/www.beta-machine.com\/pt\/wp-json\/wp\/v2\/media?parent=527"}],"wp:term":[{"taxonomy":"product_brand","embeddable":true,"href":"https:\/\/www.beta-machine.com\/pt\/wp-json\/wp\/v2\/product_brand?post=527"},{"taxonomy":"product_cat","embeddable":true,"href":"https:\/\/www.beta-machine.com\/pt\/wp-json\/wp\/v2\/product_cat?post=527"},{"taxonomy":"product_tag","embeddable":true,"href":"https:\/\/www.beta-machine.com\/pt\/wp-json\/wp\/v2\/product_tag?post=527"}],"curies":[{"name":"wp","href":"https:\/\/api.w.org\/{rel}","templated":true}]}}