{"id":536,"date":"2025-10-31T08:14:14","date_gmt":"2025-10-31T08:14:14","guid":{"rendered":"https:\/\/beta-machine.com\/?post_type=product&#038;p=536"},"modified":"2025-10-31T08:47:12","modified_gmt":"2025-10-31T08:47:12","slug":"plastic-5-gallon-bottle-making-machine-automatic-injection-molding-machine","status":"publish","type":"product","link":"https:\/\/www.beta-machine.com\/pt\/plastic-5-gallon-bottle-making-machine-automatic-injection-molding-machine-pd770457088\/","title":{"rendered":"M\u00e1quina fabricante de garrafas pl\u00e1sticas de 5 gal\u00f5es, m\u00e1quina de moldagem por inje\u00e7\u00e3o autom\u00e1tica"},"content":{"rendered":"<p><strong>M\u00e1quina fabricante de garrafas pl\u00e1sticas de 5 gal\u00f5es, m\u00e1quina de moldagem por inje\u00e7\u00e3o autom\u00e1tica<\/strong><\/p>\n<div style=\"width: 750px;\" class=\"wp-video\"><video class=\"wp-video-shortcode\" id=\"video-536-1\" width=\"750\" height=\"1333\" preload=\"metadata\" controls=\"controls\"><source type=\"video\/mp4\" src=\"https:\/\/beta-machine.com\/wp-content\/uploads\/2025\/10\/jiBklKnijmi-jpipKBilmnRjiSrqpkjipnnpimr-1cb46752397646f68e2cf4f34ffcb28c.mp4?_=1\" \/><a href=\"https:\/\/beta-machine.com\/wp-content\/uploads\/2025\/10\/jiBklKnijmi-jpipKBilmnRjiSrqpkjipnnpimr-1cb46752397646f68e2cf4f34ffcb28c.mp4\">https:\/\/beta-machine.com\/wp-content\/uploads\/2025\/10\/jiBklKnijmi-jpipKBilmnRjiSrqpkjipnnpimr-1cb46752397646f68e2cf4f34ffcb28c.mp4<\/a><\/video><\/div>\n<div>\n<div><strong>Imagem detalhada<\/strong><\/div>\n<div><img fetchpriority=\"high\" decoding=\"async\" class=\"alignnone size-full wp-image-532\" src=\"https:\/\/beta-machine.com\/wp-content\/uploads\/2025\/10\/clamping-unit2-scaled.jpg\" alt=\"Clamping unit\" width=\"2560\" height=\"985\" srcset=\"https:\/\/www.beta-machine.com\/wp-content\/uploads\/2025\/10\/clamping-unit2-scaled.jpg 2560w, https:\/\/www.beta-machine.com\/wp-content\/uploads\/2025\/10\/clamping-unit2-scaled-600x231.jpg 600w, https:\/\/www.beta-machine.com\/wp-content\/uploads\/2025\/10\/clamping-unit2-300x115.jpg 300w, https:\/\/www.beta-machine.com\/wp-content\/uploads\/2025\/10\/clamping-unit2-1024x394.jpg 1024w, https:\/\/www.beta-machine.com\/wp-content\/uploads\/2025\/10\/clamping-unit2-768x296.jpg 768w, https:\/\/www.beta-machine.com\/wp-content\/uploads\/2025\/10\/clamping-unit2-1536x591.jpg 1536w, https:\/\/www.beta-machine.com\/wp-content\/uploads\/2025\/10\/clamping-unit2-2048x788.jpg 2048w\" sizes=\"(max-width: 2560px) 100vw, 2560px\" \/><\/div>\n<div>\n<p><strong>1. Unidade de fechamento<\/strong><\/p>\n<p>&nbsp;<\/p>\n<ul class=\"list-paddingleft-2\">\n<li>A biela da unidade de fecho est\u00e1 alinhada precisamente no centro para um desempenho \u00f3timo.<\/li>\n<li>A unidade de fecho possui um sistema de lubrifica\u00e7\u00e3o circulat\u00f3ria de ciclo fechado, garantindo um funcionamento suave e longevidade.<\/li>\n<li>A unidade de fecho incorpora um amortecedor para fornecer uma abertura de molde controlada, evitando qualquer movimento s\u00fabito ou brusco.<\/li>\n<li>A unidade de fecho est\u00e1 equipada com uma fun\u00e7\u00e3o altamente sens\u00edvel para a prote\u00e7\u00e3o do molde, garantindo a seguran\u00e7a tanto do molde quanto do operador.<\/li>\n<\/ul>\n<p><img decoding=\"async\" class=\"alignnone size-full wp-image-534\" src=\"https:\/\/beta-machine.com\/wp-content\/uploads\/2025\/10\/injection-unit-scaled.jpg\" alt=\"Injection Unit\" width=\"2560\" height=\"1133\" srcset=\"https:\/\/www.beta-machine.com\/wp-content\/uploads\/2025\/10\/injection-unit-scaled.jpg 2560w, https:\/\/www.beta-machine.com\/wp-content\/uploads\/2025\/10\/injection-unit-scaled-600x266.jpg 600w, https:\/\/www.beta-machine.com\/wp-content\/uploads\/2025\/10\/injection-unit-300x133.jpg 300w, https:\/\/www.beta-machine.com\/wp-content\/uploads\/2025\/10\/injection-unit-1024x453.jpg 1024w, https:\/\/www.beta-machine.com\/wp-content\/uploads\/2025\/10\/injection-unit-768x340.jpg 768w, https:\/\/www.beta-machine.com\/wp-content\/uploads\/2025\/10\/injection-unit-1536x680.jpg 1536w, https:\/\/www.beta-machine.com\/wp-content\/uploads\/2025\/10\/injection-unit-2048x906.jpg 2048w\" sizes=\"(max-width: 2560px) 100vw, 2560px\" \/><\/p>\n<p><strong>2. Unidade de inje\u00e7\u00e3o<\/strong><\/p>\n<p>&nbsp;<\/p>\n<div>\n<ol class=\"list-paddingleft-2\">\n<li>A unidade de inje\u00e7\u00e3o est\u00e1 otimizada para o m\u00e1ximo desempenho e efici\u00eancia.<\/li>\n<li>O conjunto cilindro plastificante e parafuso \u00e9 projetado para operar com efici\u00eancia, garantindo uma plastifica\u00e7\u00e3o suave e consistente do material.<\/li>\n<li>O sistema BETA oferece uma flexibilidade incompar\u00e1vel, permitindo opera\u00e7\u00f5es vers\u00e1teis e personaliz\u00e1veis.<\/li>\n<\/ol>\n<p><img decoding=\"async\" class=\"alignnone size-full wp-image-545\" src=\"https:\/\/beta-machine.com\/wp-content\/uploads\/2025\/10\/hydraulicunit.jpg\" alt=\"Hydraulic Unit\" width=\"1000\" height=\"667\" srcset=\"https:\/\/www.beta-machine.com\/wp-content\/uploads\/2025\/10\/hydraulicunit.jpg 1000w, https:\/\/www.beta-machine.com\/wp-content\/uploads\/2025\/10\/hydraulicunit-600x400.jpg 600w, https:\/\/www.beta-machine.com\/wp-content\/uploads\/2025\/10\/hydraulicunit-300x200.jpg 300w, https:\/\/www.beta-machine.com\/wp-content\/uploads\/2025\/10\/hydraulicunit-768x512.jpg 768w\" sizes=\"(max-width: 1000px) 100vw, 1000px\" \/><\/p>\n<p><strong>3. Unidade hidr\u00e1ulica<\/strong><\/p>\n<p>Sistema de via de \u00f3leo de alta resposta, melhora a velocidade da m\u00e1quina e economiza consumo de energia.<\/p>\n<\/div>\n<\/div>\n<\/div>","protected":false},"excerpt":{"rendered":"<p>1* Aumenta o volume de inje\u00e7\u00e3o, que \u00e9 mais adequado para a produ\u00e7\u00e3o de produtos multicavidade. Adaptado conforme diferentes requisitos, \u00e9 mais vantajoso para a produ\u00e7\u00e3o de embalagens, produtos de cavidade profunda e preformas de PET de alta velocidade.<br \/>\n2* O parafuso especial para PET aumenta significativamente a velocidade de fus\u00e3o e o volume de inje\u00e7\u00e3o, reduz a temperatura de plastifica\u00e7\u00e3o, melhora eficazmente a contra\u00e7\u00e3o da preforma e aumenta a transpar\u00eancia.<br \/>\n3* Aumenta a for\u00e7a do pino expulsor e o curso de eje\u00e7\u00e3o, tornando-o mais adequado para a moldagem de preformas de PET de cavidade profunda.<\/p>","protected":false},"featured_media":546,"comment_status":"closed","ping_status":"closed","template":"","meta":{"_acf_changed":false},"product_brand":[],"product_cat":[31],"product_tag":[],"class_list":{"0":"post-536","1":"product","2":"type-product","3":"status-publish","4":"has-post-thumbnail","6":"product_cat-pet-preform-injection-molding-machine","8":"first","9":"instock","10":"shipping-taxable","11":"purchasable","12":"product-type-variable"},"acf":[],"_links":{"self":[{"href":"https:\/\/www.beta-machine.com\/pt\/wp-json\/wp\/v2\/product\/536","targetHints":{"allow":["GET"]}}],"collection":[{"href":"https:\/\/www.beta-machine.com\/pt\/wp-json\/wp\/v2\/product"}],"about":[{"href":"https:\/\/www.beta-machine.com\/pt\/wp-json\/wp\/v2\/types\/product"}],"replies":[{"embeddable":true,"href":"https:\/\/www.beta-machine.com\/pt\/wp-json\/wp\/v2\/comments?post=536"}],"wp:featuredmedia":[{"embeddable":true,"href":"https:\/\/www.beta-machine.com\/pt\/wp-json\/wp\/v2\/media\/546"}],"wp:attachment":[{"href":"https:\/\/www.beta-machine.com\/pt\/wp-json\/wp\/v2\/media?parent=536"}],"wp:term":[{"taxonomy":"product_brand","embeddable":true,"href":"https:\/\/www.beta-machine.com\/pt\/wp-json\/wp\/v2\/product_brand?post=536"},{"taxonomy":"product_cat","embeddable":true,"href":"https:\/\/www.beta-machine.com\/pt\/wp-json\/wp\/v2\/product_cat?post=536"},{"taxonomy":"product_tag","embeddable":true,"href":"https:\/\/www.beta-machine.com\/pt\/wp-json\/wp\/v2\/product_tag?post=536"}],"curies":[{"name":"wp","href":"https:\/\/api.w.org\/{rel}","templated":true}]}}