{"id":547,"date":"2025-10-31T08:20:21","date_gmt":"2025-10-31T08:20:21","guid":{"rendered":"https:\/\/beta-machine.com\/?post_type=product&#038;p=547"},"modified":"2025-10-31T08:46:58","modified_gmt":"2025-10-31T08:46:58","slug":"5-gallon-19-liter-bottle-water-cap-making-machine-injection-molding-machine","status":"publish","type":"product","link":"https:\/\/www.beta-machine.com\/pt\/5-gallon-19-liter-bottle-water-cap-making-machine-injection-molding-machine-pd703457088\/","title":{"rendered":"M\u00e1quina de moldagem por inje\u00e7\u00e3o para fabrica\u00e7\u00e3o de tampas de garrafas de \u00e1gua de 5 gal\u00f5es (19 litros)"},"content":{"rendered":"<p><strong>M\u00e1quina de moldagem por inje\u00e7\u00e3o para fabrica\u00e7\u00e3o de tampas de garrafas de \u00e1gua de 5 gal\u00f5es (19 litros)<\/strong><\/p>\n<p>As m\u00e1quinas de moldagem por inje\u00e7\u00e3o hidr\u00e1ulicas possuem longa vida \u00fatil, grande curso de acionamento e baixo custo de manuten\u00e7\u00e3o. Esse tipo de m\u00e1quina ajuda a reduzir significativamente o tempo do ciclo de produ\u00e7\u00e3o.<\/p>\n<div>\n<div><strong>Imagem detalhada<\/strong><\/div>\n<div><img fetchpriority=\"high\" decoding=\"async\" class=\"alignnone size-full wp-image-533\" src=\"https:\/\/beta-machine.com\/wp-content\/uploads\/2025\/10\/High-response-oil-way.jpg\" alt=\"High response oil-way system\" width=\"629\" height=\"513\" srcset=\"https:\/\/www.beta-machine.com\/wp-content\/uploads\/2025\/10\/High-response-oil-way.jpg 629w, https:\/\/www.beta-machine.com\/wp-content\/uploads\/2025\/10\/High-response-oil-way-600x489.jpg 600w, https:\/\/www.beta-machine.com\/wp-content\/uploads\/2025\/10\/High-response-oil-way-300x245.jpg 300w\" sizes=\"(max-width: 629px) 100vw, 629px\" \/><\/div>\n<div>\n<p><strong>* Sistema de via de \u00f3leo de alta resposta<\/strong><\/p>\n<p>Um sistema hidr\u00e1ulico modular de alta efici\u00eancia energ\u00e9tica melhora a velocidade de toda a m\u00e1quina e reduz o consumo de energia.<\/p>\n<p><img decoding=\"async\" class=\"alignnone size-full wp-image-532\" src=\"https:\/\/beta-machine.com\/wp-content\/uploads\/2025\/10\/clamping-unit2-scaled.jpg\" alt=\"Clamping unit\" width=\"2560\" height=\"985\" srcset=\"https:\/\/www.beta-machine.com\/wp-content\/uploads\/2025\/10\/clamping-unit2-scaled.jpg 2560w, https:\/\/www.beta-machine.com\/wp-content\/uploads\/2025\/10\/clamping-unit2-scaled-600x231.jpg 600w, https:\/\/www.beta-machine.com\/wp-content\/uploads\/2025\/10\/clamping-unit2-300x115.jpg 300w, https:\/\/www.beta-machine.com\/wp-content\/uploads\/2025\/10\/clamping-unit2-1024x394.jpg 1024w, https:\/\/www.beta-machine.com\/wp-content\/uploads\/2025\/10\/clamping-unit2-768x296.jpg 768w, https:\/\/www.beta-machine.com\/wp-content\/uploads\/2025\/10\/clamping-unit2-1536x591.jpg 1536w, https:\/\/www.beta-machine.com\/wp-content\/uploads\/2025\/10\/clamping-unit2-2048x788.jpg 2048w\" sizes=\"(max-width: 2560px) 100vw, 2560px\" \/><\/p>\n<p><strong>* Unidade de fecho<\/strong><\/p>\n<p>A unidade de fecho de duas placas possui um design compacto e economizador de espa\u00e7o. Al\u00e9m disso, o projeto perfeito sem fric\u00e7\u00e3o das duas placas garante o melhor paralelismo dos moldes e a prote\u00e7\u00e3o do molde mais sens\u00edvel atrav\u00e9s de guias lineares. Isso assegura a m\u00e1xima seguran\u00e7a do utilizador e qualidade do produto.<\/p>\n<ul>\n<li>1. Biela alinhada centralmente<\/li>\n<li>2. Sistema de lubrifica\u00e7\u00e3o circulat\u00f3rio de ciclo fechado<\/li>\n<li>3.  Amortecedor de abertura de molde<\/li>\n<li>4. Fun\u00e7\u00e3o sens\u00edvel de prote\u00e7\u00e3o do molde<\/li>\n<\/ul>\n<p><img decoding=\"async\" class=\"alignnone size-full wp-image-534\" src=\"https:\/\/beta-machine.com\/wp-content\/uploads\/2025\/10\/injection-unit-scaled.jpg\" alt=\"Injection Unit \" width=\"2560\" height=\"1133\" srcset=\"https:\/\/www.beta-machine.com\/wp-content\/uploads\/2025\/10\/injection-unit-scaled.jpg 2560w, https:\/\/www.beta-machine.com\/wp-content\/uploads\/2025\/10\/injection-unit-scaled-600x266.jpg 600w, https:\/\/www.beta-machine.com\/wp-content\/uploads\/2025\/10\/injection-unit-300x133.jpg 300w, https:\/\/www.beta-machine.com\/wp-content\/uploads\/2025\/10\/injection-unit-1024x453.jpg 1024w, https:\/\/www.beta-machine.com\/wp-content\/uploads\/2025\/10\/injection-unit-768x340.jpg 768w, https:\/\/www.beta-machine.com\/wp-content\/uploads\/2025\/10\/injection-unit-1536x680.jpg 1536w, https:\/\/www.beta-machine.com\/wp-content\/uploads\/2025\/10\/injection-unit-2048x906.jpg 2048w\" sizes=\"(max-width: 2560px) 100vw, 2560px\" \/><\/p>\n<p><strong>* Unidade de inje\u00e7\u00e3o<\/strong><\/p>\n<p>1-Unidade de inje\u00e7\u00e3o otimizada<\/p>\n<div>2-Conjunto eficiente de cilindro plastificante e parafuso<\/div>\n<div>3-O sistema BETA oferece a m\u00e1xima flexibilidade<\/div>\n<div><\/div>\n<div><strong>Produtos finais<\/strong><\/div>\n<div><img loading=\"lazy\" decoding=\"async\" class=\"alignnone size-full wp-image-552\" src=\"https:\/\/beta-machine.com\/wp-content\/uploads\/2025\/10\/cap1.jpg\" alt=\"5 Gallon 19 Liter Bottle Water Cap Making Machine Injection Molding Machine\" width=\"1987\" height=\"1110\" srcset=\"https:\/\/www.beta-machine.com\/wp-content\/uploads\/2025\/10\/cap1.jpg 1987w, https:\/\/www.beta-machine.com\/wp-content\/uploads\/2025\/10\/cap1-600x335.jpg 600w, https:\/\/www.beta-machine.com\/wp-content\/uploads\/2025\/10\/cap1-300x168.jpg 300w, https:\/\/www.beta-machine.com\/wp-content\/uploads\/2025\/10\/cap1-1024x572.jpg 1024w, https:\/\/www.beta-machine.com\/wp-content\/uploads\/2025\/10\/cap1-768x429.jpg 768w, https:\/\/www.beta-machine.com\/wp-content\/uploads\/2025\/10\/cap1-1536x858.jpg 1536w\" sizes=\"(max-width: 1987px) 100vw, 1987px\" \/><\/div>\n<p>&nbsp;<\/p>\n<\/div>\n<\/div>","protected":false},"excerpt":{"rendered":"<p>1* Aumenta o volume de inje\u00e7\u00e3o, que \u00e9 mais adequado para a produ\u00e7\u00e3o de produtos multicavidade. Adaptado conforme diferentes requisitos, \u00e9 mais vantajoso para a produ\u00e7\u00e3o de embalagens, produtos de cavidade profunda e preformas de PET de alta velocidade.<br \/>\n2* O parafuso especial para PET aumenta significativamente a velocidade de fus\u00e3o e o volume de inje\u00e7\u00e3o, reduz a temperatura de plastifica\u00e7\u00e3o, melhora eficazmente a contra\u00e7\u00e3o da preforma e aumenta a transpar\u00eancia.<br \/>\n3* Aumenta a for\u00e7a do pino expulsor e o curso de eje\u00e7\u00e3o, tornando-o mais adequado para a moldagem de preformas de PET de cavidade profunda.<\/p>","protected":false},"featured_media":553,"comment_status":"closed","ping_status":"closed","template":"","meta":{"_acf_changed":false},"product_brand":[],"product_cat":[31],"product_tag":[],"class_list":{"0":"post-547","1":"product","2":"type-product","3":"status-publish","4":"has-post-thumbnail","6":"product_cat-pet-preform-injection-molding-machine","8":"first","9":"instock","10":"shipping-taxable","11":"purchasable","12":"product-type-variable"},"acf":[],"_links":{"self":[{"href":"https:\/\/www.beta-machine.com\/pt\/wp-json\/wp\/v2\/product\/547","targetHints":{"allow":["GET"]}}],"collection":[{"href":"https:\/\/www.beta-machine.com\/pt\/wp-json\/wp\/v2\/product"}],"about":[{"href":"https:\/\/www.beta-machine.com\/pt\/wp-json\/wp\/v2\/types\/product"}],"replies":[{"embeddable":true,"href":"https:\/\/www.beta-machine.com\/pt\/wp-json\/wp\/v2\/comments?post=547"}],"wp:featuredmedia":[{"embeddable":true,"href":"https:\/\/www.beta-machine.com\/pt\/wp-json\/wp\/v2\/media\/553"}],"wp:attachment":[{"href":"https:\/\/www.beta-machine.com\/pt\/wp-json\/wp\/v2\/media?parent=547"}],"wp:term":[{"taxonomy":"product_brand","embeddable":true,"href":"https:\/\/www.beta-machine.com\/pt\/wp-json\/wp\/v2\/product_brand?post=547"},{"taxonomy":"product_cat","embeddable":true,"href":"https:\/\/www.beta-machine.com\/pt\/wp-json\/wp\/v2\/product_cat?post=547"},{"taxonomy":"product_tag","embeddable":true,"href":"https:\/\/www.beta-machine.com\/pt\/wp-json\/wp\/v2\/product_tag?post=547"}],"curies":[{"name":"wp","href":"https:\/\/api.w.org\/{rel}","templated":true}]}}