{"id":554,"date":"2025-10-31T08:41:31","date_gmt":"2025-10-31T08:41:31","guid":{"rendered":"https:\/\/beta-machine.com\/?post_type=product&#038;p=554"},"modified":"2026-03-12T05:37:19","modified_gmt":"2026-03-12T05:37:19","slug":"plastic-pet-preform-making-machine-automatic-injection-molding-machine","status":"publish","type":"product","link":"https:\/\/www.beta-machine.com\/pt\/plastic-pet-preform-making-machine-automatic-injection-molding-machine-pd767346088\/","title":{"rendered":"M\u00e1quina injetora autom\u00e1tica para preformas de PET"},"content":{"rendered":"<p><strong>M\u00e1quina injetora autom\u00e1tica para preformas de PET<\/strong><strong>Imagem detalhada<\/strong><\/p>\n<div>\n<div><strong>Imagem detalhada<\/strong><\/div>\n<div><img fetchpriority=\"high\" decoding=\"async\" class=\"alignnone size-full wp-image-533\" src=\"https:\/\/beta-machine.com\/wp-content\/uploads\/2025\/10\/High-response-oil-way.jpg\" alt=\"High response oil-way system\" width=\"629\" height=\"513\" srcset=\"https:\/\/www.beta-machine.com\/wp-content\/uploads\/2025\/10\/High-response-oil-way.jpg 629w, https:\/\/www.beta-machine.com\/wp-content\/uploads\/2025\/10\/High-response-oil-way-600x489.jpg 600w, https:\/\/www.beta-machine.com\/wp-content\/uploads\/2025\/10\/High-response-oil-way-300x245.jpg 300w\" sizes=\"(max-width: 629px) 100vw, 629px\" \/><\/div>\n<div>\n<p><strong>* Sistema de via de \u00f3leo de alta resposta<\/strong><\/p>\n<p>1* A utiliza\u00e7\u00e3o de um sistema hidr\u00e1ulico modular de economia de energia e alta resposta melhora eficazmente a velocidade geral da m\u00e1quina, resultando em maior produtividade.<\/p>\n<p>2* Al\u00e9m disso, este sistema \u00e9 projetado para economizar energia, reduzindo o consumo energ\u00e9tico durante a opera\u00e7\u00e3o.<\/p>\n<p><img decoding=\"async\" class=\"alignnone size-full wp-image-532\" src=\"https:\/\/beta-machine.com\/wp-content\/uploads\/2025\/10\/clamping-unit2-scaled.jpg\" alt=\"Clamping unit\" width=\"2560\" height=\"985\" srcset=\"https:\/\/www.beta-machine.com\/wp-content\/uploads\/2025\/10\/clamping-unit2-scaled.jpg 2560w, https:\/\/www.beta-machine.com\/wp-content\/uploads\/2025\/10\/clamping-unit2-scaled-600x231.jpg 600w, https:\/\/www.beta-machine.com\/wp-content\/uploads\/2025\/10\/clamping-unit2-300x115.jpg 300w, https:\/\/www.beta-machine.com\/wp-content\/uploads\/2025\/10\/clamping-unit2-1024x394.jpg 1024w, https:\/\/www.beta-machine.com\/wp-content\/uploads\/2025\/10\/clamping-unit2-768x296.jpg 768w, https:\/\/www.beta-machine.com\/wp-content\/uploads\/2025\/10\/clamping-unit2-1536x591.jpg 1536w, https:\/\/www.beta-machine.com\/wp-content\/uploads\/2025\/10\/clamping-unit2-2048x788.jpg 2048w\" sizes=\"(max-width: 2560px) 100vw, 2560px\" \/><\/p>\n<p><strong>* Unidade de fecho<\/strong><\/p>\n<p>1* A biela da unidade de fecho de duas placas est\u00e1 alinhada centralmente, proporcionando equil\u00edbrio e estabilidade ideais durante a opera\u00e7\u00e3o.<\/p>\n<p>2* A unidade de fecho est\u00e1 equipada com um sistema de lubrifica\u00e7\u00e3o circulat\u00f3rio de ciclo fechado, garantindo um movimento suave e eficiente das duas placas.<\/p>\n<p>3* Um amortecedor de abertura de molde \u00e9 incorporado no projeto, permitindo uma abertura controlada e suave, minimizando o risco de danos.<\/p>\n<p>4* A unidade de fecho possui uma fun\u00e7\u00e3o sens\u00edvel de prote\u00e7\u00e3o do molde, utilizando guias lineares para garantir uma prote\u00e7\u00e3o precisa e fi\u00e1vel do molde, aumentando a seguran\u00e7a do utilizador e a qualidade do produto.<\/p>\n<p><img decoding=\"async\" class=\"alignnone size-full wp-image-534\" src=\"https:\/\/beta-machine.com\/wp-content\/uploads\/2025\/10\/injection-unit-scaled.jpg\" alt=\"Injection Unit \" width=\"2560\" height=\"1133\" srcset=\"https:\/\/www.beta-machine.com\/wp-content\/uploads\/2025\/10\/injection-unit-scaled.jpg 2560w, https:\/\/www.beta-machine.com\/wp-content\/uploads\/2025\/10\/injection-unit-scaled-600x266.jpg 600w, https:\/\/www.beta-machine.com\/wp-content\/uploads\/2025\/10\/injection-unit-300x133.jpg 300w, https:\/\/www.beta-machine.com\/wp-content\/uploads\/2025\/10\/injection-unit-1024x453.jpg 1024w, https:\/\/www.beta-machine.com\/wp-content\/uploads\/2025\/10\/injection-unit-768x340.jpg 768w, https:\/\/www.beta-machine.com\/wp-content\/uploads\/2025\/10\/injection-unit-1536x680.jpg 1536w, https:\/\/www.beta-machine.com\/wp-content\/uploads\/2025\/10\/injection-unit-2048x906.jpg 2048w\" sizes=\"(max-width: 2560px) 100vw, 2560px\" \/><\/p>\n<p><strong>* Unidade de inje\u00e7\u00e3o<\/strong><\/p>\n<p>1* A unidade de inje\u00e7\u00e3o est\u00e1 otimizada para proporcionar o melhor desempenho e efici\u00eancia.<\/p>\n<p>2* O conjunto do cilindro plastificante e do parafuso \u00e9 projetado para ser altamente eficiente, garantindo uma plastifica\u00e7\u00e3o \u00f3tima do material.<\/p>\n<p>3* O sistema BETA oferece uma flexibilidade incompar\u00e1vel, permitindo f\u00e1cil customiza\u00e7\u00e3o e adapta\u00e7\u00e3o a diversos requisitos de produ\u00e7\u00e3o.<\/p>\n<div><\/div>\n<div><strong>Produtos finais<\/strong><\/div>\n<div><img loading=\"lazy\" decoding=\"async\" class=\"alignnone size-full wp-image-560\" src=\"https:\/\/beta-machine.com\/wp-content\/uploads\/2025\/10\/preform.jpg\" alt=\"\" width=\"1500\" height=\"568\" srcset=\"https:\/\/www.beta-machine.com\/wp-content\/uploads\/2025\/10\/preform.jpg 1500w, https:\/\/www.beta-machine.com\/wp-content\/uploads\/2025\/10\/preform-600x227.jpg 600w, https:\/\/www.beta-machine.com\/wp-content\/uploads\/2025\/10\/preform-300x114.jpg 300w, https:\/\/www.beta-machine.com\/wp-content\/uploads\/2025\/10\/preform-1024x388.jpg 1024w, https:\/\/www.beta-machine.com\/wp-content\/uploads\/2025\/10\/preform-768x291.jpg 768w\" sizes=\"(max-width: 1500px) 100vw, 1500px\" \/><\/div>\n<p>&nbsp;<\/p>\n<\/div>\n<\/div>","protected":false},"excerpt":{"rendered":"<p>Aumenta o volume de inje\u00e7\u00e3o, atendendo \u00e0 produ\u00e7\u00e3o de produtos multicavidade. Customiz\u00e1vel para atender requisitos espec\u00edficos, proporciona benef\u00edcios adicionais para a fabrica\u00e7\u00e3o de embalagens, produtos de cavidade profunda e preformas de PET de alta velocidade.<\/p>\n<p>O parafuso especial para PET acelera consideravelmente a velocidade de fus\u00e3o e o volume de inje\u00e7\u00e3o, reduzindo a temperatura de plastifica\u00e7\u00e3o. Isso melhora eficazmente a contra\u00e7\u00e3o e a transpar\u00eancia da preforma.<\/p>\n<p>Aumenta a for\u00e7a do pino expulsor e a curso de ejecci\u00f3n, ideal para a moldagem de preformas de PET de cavidade profunda.<\/p>","protected":false},"featured_media":559,"comment_status":"closed","ping_status":"closed","template":"","meta":{"_acf_changed":false},"product_brand":[],"product_cat":[31],"product_tag":[],"class_list":{"0":"post-554","1":"product","2":"type-product","3":"status-publish","4":"has-post-thumbnail","6":"product_cat-pet-preform-injection-molding-machine","8":"first","9":"instock","10":"shipping-taxable","11":"purchasable","12":"product-type-variable"},"acf":[],"_links":{"self":[{"href":"https:\/\/www.beta-machine.com\/pt\/wp-json\/wp\/v2\/product\/554","targetHints":{"allow":["GET"]}}],"collection":[{"href":"https:\/\/www.beta-machine.com\/pt\/wp-json\/wp\/v2\/product"}],"about":[{"href":"https:\/\/www.beta-machine.com\/pt\/wp-json\/wp\/v2\/types\/product"}],"replies":[{"embeddable":true,"href":"https:\/\/www.beta-machine.com\/pt\/wp-json\/wp\/v2\/comments?post=554"}],"wp:featuredmedia":[{"embeddable":true,"href":"https:\/\/www.beta-machine.com\/pt\/wp-json\/wp\/v2\/media\/559"}],"wp:attachment":[{"href":"https:\/\/www.beta-machine.com\/pt\/wp-json\/wp\/v2\/media?parent=554"}],"wp:term":[{"taxonomy":"product_brand","embeddable":true,"href":"https:\/\/www.beta-machine.com\/pt\/wp-json\/wp\/v2\/product_brand?post=554"},{"taxonomy":"product_cat","embeddable":true,"href":"https:\/\/www.beta-machine.com\/pt\/wp-json\/wp\/v2\/product_cat?post=554"},{"taxonomy":"product_tag","embeddable":true,"href":"https:\/\/www.beta-machine.com\/pt\/wp-json\/wp\/v2\/product_tag?post=554"}],"curies":[{"name":"wp","href":"https:\/\/api.w.org\/{rel}","templated":true}]}}