{"id":562,"date":"2025-10-31T08:48:11","date_gmt":"2025-10-31T08:48:11","guid":{"rendered":"https:\/\/beta-machine.com\/?post_type=product&#038;p=562"},"modified":"2025-10-31T08:53:40","modified_gmt":"2025-10-31T08:53:40","slug":"machine-for-plastic-caps-for-bottles-automatic-injection-molding-machine","status":"publish","type":"product","link":"https:\/\/www.beta-machine.com\/pt\/machine-for-plastic-caps-for-bottles-automatic-injection-molding-machine-pd722647088\/","title":{"rendered":"M\u00e1quina injetora autom\u00e1tica para tampas pl\u00e1sticas de garrafas"},"content":{"rendered":"<p><strong>M\u00e1quina injetora autom\u00e1tica para tampas pl\u00e1sticas de garrafas<\/strong><\/p>\n<div style=\"width: 800px;\" class=\"wp-video\"><video class=\"wp-video-shortcode\" id=\"video-562-1\" width=\"800\" height=\"1422\" preload=\"metadata\" controls=\"controls\"><source type=\"video\/mp4\" src=\"https:\/\/beta-machine.com\/wp-content\/uploads\/2025\/10\/jiBklKnijmi-jpipKBilmnRjiSrqpkjipnnpimr-1cb46752397646f68e2cf4f34ffcb28c.mp4?_=1\" \/><a href=\"https:\/\/beta-machine.com\/wp-content\/uploads\/2025\/10\/jiBklKnijmi-jpipKBilmnRjiSrqpkjipnnpimr-1cb46752397646f68e2cf4f34ffcb28c.mp4\">https:\/\/beta-machine.com\/wp-content\/uploads\/2025\/10\/jiBklKnijmi-jpipKBilmnRjiSrqpkjipnnpimr-1cb46752397646f68e2cf4f34ffcb28c.mp4<\/a><\/video><\/div>\n<p>A m\u00e1quina injetora de preformas s\u00e9rie PET combina tecnologia avan\u00e7ada nacional e internacional, com vantagens em economia de energia, prote\u00e7\u00e3o ambiental, estabilidade, confiabilidade e alta precis\u00e3o. Possui uma linha completa de especifica\u00e7\u00f5es, adequada para a produ\u00e7\u00e3o de diversos preformas; \u00e9 altamente econ\u00f4mica e pode proporcionar aos clientes um melhor retorno sobre o investimento e uma melhor experi\u00eancia de uso.<\/p>\n<p>Bem-vindo ao Fornecedor Chin\u00eas de M\u00e1quinas de Moldagem, um fornecedor l\u00edder de m\u00e1quinas injetoras de alta qualidade. Nossa m\u00e1quina injetora autom\u00e1tica para tampas de garrafas \u00e9 projetada para produzir eficientemente tampas pl\u00e1sticas para diversas ind\u00fastrias, incluindo bebidas, farmac\u00eautica e cosm\u00e9ticos. Esta m\u00e1quina combina tecnologia avan\u00e7ada com recursos f\u00e1ceis de usar para oferecer alta precis\u00e3o e produtividade.<\/p>\n<p>&nbsp;<\/p>\n<h4><\/h4>\n<h2>Caracter\u00edsticas e Benef\u00edcios Chave<\/h2>\n<ol class=\"list-paddingleft-2\">\n<li>\n<div><strong>Alta efici\u00eancia de produ\u00e7\u00e3o<\/strong>: Capaz de produzir uma grande quantidade de tampas em curto espa\u00e7o de tempo, tornando-a ideal para a produ\u00e7\u00e3o em larga escala.<\/div>\n<\/li>\n<li>\n<div><strong>Precis\u00e3o e consist\u00eancia<\/strong>: Garante a uniformidade em forma, tamanho e desenho, resultando em tampas de alta qualidade com toler\u00e2ncias reduzidas.<\/div>\n<\/li>\n<li>\n<div><strong>Versatilidade<\/strong>: Compat\u00edvel com diversos materiais pl\u00e1sticos, como polipropileno (PP), polietileno (PE) e polietileno tereftalato (PET), para atender \u00e0s diferentes necessidades do mercado.<\/div>\n<\/li>\n<li>\n<div><strong>Automa\u00e7\u00e3o<\/strong>: Integra-se perfeitamente em linhas de produ\u00e7\u00e3o automatizadas, reduzindo custos laborais e aumentando a produtividade geral.<\/div>\n<\/li>\n<li>\n<div><strong>Econ\u00f4mica<\/strong>: Reduz os custos de produ\u00e7\u00e3o atrav\u00e9s do uso eficiente de materiais e da diminui\u00e7\u00e3o de res\u00edduos.<\/div>\n<\/li>\n<li>\n<div><strong>Controle de processo avan\u00e7ado<\/strong>: O monitoramento em tempo real e a an\u00e1lise de dados garantem a estabilidade do processo e a qualidade consistente do produto.<\/div>\n<\/li>\n<\/ol>\n<div>\n<div><strong>Imagem detalhada<\/strong><\/div>\n<div><img fetchpriority=\"high\" decoding=\"async\" class=\"alignnone size-full wp-image-532\" src=\"https:\/\/beta-machine.com\/wp-content\/uploads\/2025\/10\/clamping-unit2-scaled.jpg\" alt=\"Clamping unit\" width=\"2560\" height=\"985\" srcset=\"https:\/\/www.beta-machine.com\/wp-content\/uploads\/2025\/10\/clamping-unit2-scaled.jpg 2560w, https:\/\/www.beta-machine.com\/wp-content\/uploads\/2025\/10\/clamping-unit2-scaled-600x231.jpg 600w, https:\/\/www.beta-machine.com\/wp-content\/uploads\/2025\/10\/clamping-unit2-300x115.jpg 300w, https:\/\/www.beta-machine.com\/wp-content\/uploads\/2025\/10\/clamping-unit2-1024x394.jpg 1024w, https:\/\/www.beta-machine.com\/wp-content\/uploads\/2025\/10\/clamping-unit2-768x296.jpg 768w, https:\/\/www.beta-machine.com\/wp-content\/uploads\/2025\/10\/clamping-unit2-1536x591.jpg 1536w, https:\/\/www.beta-machine.com\/wp-content\/uploads\/2025\/10\/clamping-unit2-2048x788.jpg 2048w\" sizes=\"(max-width: 2560px) 100vw, 2560px\" \/><\/div>\n<div>\n<p><strong>1. Unidade de fechamento<\/strong><\/p>\n<div>\n<p>O design compacto e eficiente em espa\u00e7o da unidade de fechamento de duas placas \u00e9 complementado por seu funcionamento sem fric\u00e7\u00e3o, garantindo o paralelismo \u00f3timo dos moldes e a prote\u00e7\u00e3o precisa do molde atrav\u00e9s de guias lineares. Essas caracter\u00edsticas n\u00e3o s\u00f3 garantem a m\u00e1xima seguran\u00e7a do cliente, como tamb\u00e9m melhoram a qualidade do produto.<\/p>\n<p>1. A alavanca de manivela est\u00e1 alinhada no centro, promovendo uma distribui\u00e7\u00e3o equilibrada da for\u00e7a.<\/p>\n<p>2. O sistema de lubrifica\u00e7\u00e3o circulat\u00f3rio de ciclo fechado garante uma lubrifica\u00e7\u00e3o eficiente e consistente.<\/p>\n<p>3. \u00c9 incorporado um amortecedor para a abertura do molde, prevenindo movimentos bruscos e minimizando poss\u00edveis danos.<\/p>\n<p>4. O sistema inclui uma fun\u00e7\u00e3o sens\u00edvel de prote\u00e7\u00e3o do molde, proporcionando uma camada adicional de seguran\u00e7a durante a opera\u00e7\u00e3o.<\/p>\n<\/div>\n<p><img decoding=\"async\" class=\"alignnone size-full wp-image-534\" src=\"https:\/\/beta-machine.com\/wp-content\/uploads\/2025\/10\/injection-unit-scaled.jpg\" alt=\"Injection Unit \" width=\"2560\" height=\"1133\" srcset=\"https:\/\/www.beta-machine.com\/wp-content\/uploads\/2025\/10\/injection-unit-scaled.jpg 2560w, https:\/\/www.beta-machine.com\/wp-content\/uploads\/2025\/10\/injection-unit-scaled-600x266.jpg 600w, https:\/\/www.beta-machine.com\/wp-content\/uploads\/2025\/10\/injection-unit-300x133.jpg 300w, https:\/\/www.beta-machine.com\/wp-content\/uploads\/2025\/10\/injection-unit-1024x453.jpg 1024w, https:\/\/www.beta-machine.com\/wp-content\/uploads\/2025\/10\/injection-unit-768x340.jpg 768w, https:\/\/www.beta-machine.com\/wp-content\/uploads\/2025\/10\/injection-unit-1536x680.jpg 1536w, https:\/\/www.beta-machine.com\/wp-content\/uploads\/2025\/10\/injection-unit-2048x906.jpg 2048w\" sizes=\"(max-width: 2560px) 100vw, 2560px\" \/><\/p>\n<p><strong>2. Unidade de inje\u00e7\u00e3o<\/strong><\/p>\n<p>1. A unidade de inje\u00e7\u00e3o foi otimizada para maximizar o desempenho e a efici\u00eancia.<\/p>\n<p>2. O conjunto de barril plastificante e parafuso foi projetado para operar eficientemente, garantindo a plastifica\u00e7\u00e3o ideal do material.<\/p>\n<p>3. O sistema BETA oferece flexibilidade incompar\u00e1vel, permitindo uma vasta gama de op\u00e7\u00f5es de customiza\u00e7\u00e3o para atender \u00e0s necessidades de produ\u00e7\u00e3o espec\u00edficas.<\/p>\n<div><\/div>\n<div><strong>Produtos finais<\/strong><\/div>\n<div><img decoding=\"async\" class=\"alignnone size-full wp-image-507\" src=\"https:\/\/beta-machine.com\/wp-content\/uploads\/2025\/10\/2.jpg\" alt=\"\" width=\"2034\" height=\"584\" srcset=\"https:\/\/www.beta-machine.com\/wp-content\/uploads\/2025\/10\/2.jpg 2034w, https:\/\/www.beta-machine.com\/wp-content\/uploads\/2025\/10\/2-600x172.jpg 600w, https:\/\/www.beta-machine.com\/wp-content\/uploads\/2025\/10\/2-300x86.jpg 300w, https:\/\/www.beta-machine.com\/wp-content\/uploads\/2025\/10\/2-1024x294.jpg 1024w, https:\/\/www.beta-machine.com\/wp-content\/uploads\/2025\/10\/2-768x221.jpg 768w, https:\/\/www.beta-machine.com\/wp-content\/uploads\/2025\/10\/2-1536x441.jpg 1536w\" sizes=\"(max-width: 2034px) 100vw, 2034px\" \/><\/div>\n<div><\/div>\n<p><strong>3. Aplica\u00e7\u00f5es<\/strong><\/p>\n<div>Nossa m\u00e1quina injetora autom\u00e1tica para tampas e garrafas \u00e9 amplamente utilizada em:<\/div>\n<ul class=\"list-paddingleft-2\">\n<li>\n<div><strong>Ind\u00fastria de bebidas<\/strong>: Para tampas de garrafas de \u00e1gua, garrafas de sumo e bebidas carbonatadas.<\/div>\n<\/li>\n<li>\n<div><strong>Ind\u00fastria farmac\u00eautica<\/strong>: Para tampas \u00e0 prova de crian\u00e7as e com indica\u00e7\u00e3o de viola\u00e7\u00e3o.<\/div>\n<\/li>\n<li>\n<div><strong>Ind\u00fastria de alimentos<\/strong>: Para tampas de frascos de condimentos e produtos l\u00e1cteos.<\/div>\n<\/li>\n<li>\n<div><strong>Ind\u00fastria de cosm\u00e9ticos<\/strong>: Para tampas de frascos de champ\u00f4 e outros produtos de cuidado pessoal.<\/div>\n<\/li>\n<\/ul>\n<\/div>\n<\/div>","protected":false},"excerpt":{"rendered":"<p>O volume de inje\u00e7\u00e3o foi aprimorado para atender \u00e0 produ\u00e7\u00e3o de produtos multicavidade. Pode ser customizado de acordo com requisitos espec\u00edficos, sendo ideal para a fabrica\u00e7\u00e3o de embalagens, produtos de cavidade profunda e preformas de PET de alta velocidade.<\/p>\n<div>O parafuso especial para PET acelera bastante a velocidade de fus\u00e3o e o volume de inje\u00e7\u00e3o, reduzindo ao mesmo tempo a temperatura de plastifica\u00e7\u00e3o. Isso melhora eficazmente a contra\u00e7\u00e3o da preforma e aumenta sua transpar\u00eancia.<\/div>\n<div>A for\u00e7a do pino e a corrente de eje\u00e7\u00e3o foram aumentadas, tornando-o mais adequado para a moldagem de preformas PET de cavidade profunda.<\/div>","protected":false},"featured_media":571,"comment_status":"closed","ping_status":"closed","template":"","meta":{"_acf_changed":false},"product_brand":[],"product_cat":[31],"product_tag":[],"class_list":{"0":"post-562","1":"product","2":"type-product","3":"status-publish","4":"has-post-thumbnail","6":"product_cat-pet-preform-injection-molding-machine","8":"first","9":"instock","10":"shipping-taxable","11":"purchasable","12":"product-type-variable"},"acf":[],"_links":{"self":[{"href":"https:\/\/www.beta-machine.com\/pt\/wp-json\/wp\/v2\/product\/562","targetHints":{"allow":["GET"]}}],"collection":[{"href":"https:\/\/www.beta-machine.com\/pt\/wp-json\/wp\/v2\/product"}],"about":[{"href":"https:\/\/www.beta-machine.com\/pt\/wp-json\/wp\/v2\/types\/product"}],"replies":[{"embeddable":true,"href":"https:\/\/www.beta-machine.com\/pt\/wp-json\/wp\/v2\/comments?post=562"}],"wp:featuredmedia":[{"embeddable":true,"href":"https:\/\/www.beta-machine.com\/pt\/wp-json\/wp\/v2\/media\/571"}],"wp:attachment":[{"href":"https:\/\/www.beta-machine.com\/pt\/wp-json\/wp\/v2\/media?parent=562"}],"wp:term":[{"taxonomy":"product_brand","embeddable":true,"href":"https:\/\/www.beta-machine.com\/pt\/wp-json\/wp\/v2\/product_brand?post=562"},{"taxonomy":"product_cat","embeddable":true,"href":"https:\/\/www.beta-machine.com\/pt\/wp-json\/wp\/v2\/product_cat?post=562"},{"taxonomy":"product_tag","embeddable":true,"href":"https:\/\/www.beta-machine.com\/pt\/wp-json\/wp\/v2\/product_tag?post=562"}],"curies":[{"name":"wp","href":"https:\/\/api.w.org\/{rel}","templated":true}]}}