{"id":572,"date":"2025-10-31T08:54:50","date_gmt":"2025-10-31T08:54:50","guid":{"rendered":"https:\/\/beta-machine.com\/?post_type=product&#038;p=572"},"modified":"2026-03-11T08:58:49","modified_gmt":"2026-03-11T08:58:49","slug":"injection-molding-machine-for-pet-preforms","status":"publish","type":"product","link":"https:\/\/www.beta-machine.com\/pt\/injection-molding-machine-for-pet-preforms-pd770057088\/","title":{"rendered":"M\u00e1quina injetora para preformas de PET"},"content":{"rendered":"<p><strong>M\u00e1quina injetora para preformas de PET<\/strong><\/p>\n<div style=\"width: 800px;\" class=\"wp-video\"><video class=\"wp-video-shortcode\" id=\"video-572-1\" width=\"800\" height=\"1422\" preload=\"metadata\" controls=\"controls\"><source type=\"video\/mp4\" src=\"https:\/\/beta-machine.com\/wp-content\/uploads\/2025\/10\/jiBklKnijmi-jpipKBilmnRjiSrqpkjipnnpimr-1cb46752397646f68e2cf4f34ffcb28c.mp4?_=1\" \/><a href=\"https:\/\/beta-machine.com\/wp-content\/uploads\/2025\/10\/jiBklKnijmi-jpipKBilmnRjiSrqpkjipnnpimr-1cb46752397646f68e2cf4f34ffcb28c.mp4\">https:\/\/beta-machine.com\/wp-content\/uploads\/2025\/10\/jiBklKnijmi-jpipKBilmnRjiSrqpkjipnnpimr-1cb46752397646f68e2cf4f34ffcb28c.mp4<\/a><\/video><\/div>\n<div>\n<p>* O volume de inje\u00e7\u00e3o foi aumentado para facilitar a produ\u00e7\u00e3o de produtos multicavidade. Esta caracter\u00edstica pode ser adaptada de acordo com requisitos espec\u00edficos, sendo ideal para a fabrica\u00e7\u00e3o de embalagens, preformas de PET de cavidade profunda e de alta velocidade.<\/p>\n<p>* O parafuso especial para PET aumenta significativamente a velocidade de fus\u00e3o e o volume de inje\u00e7\u00e3o, reduzindo ao mesmo tempo a temperatura de plastifica\u00e7\u00e3o. Isso melhora eficazmente a contra\u00e7\u00e3o da preforma e aumenta sua transpar\u00eancia.<\/p>\n<p>* A for\u00e7a do pino e a corrente de eje\u00e7\u00e3o foram aumentadas, tornando-o mais adequado para a moldagem de preformas PET de cavidade profunda.<\/p>\n<p>* Bem-vindo ao Fornecedor Chin\u00eas de M\u00e1quinas de Moldeo, um provedor l\u00edder de solu\u00e7\u00f5es avan\u00e7adas de moldagem por inje\u00e7\u00e3o. Nossa M\u00e1quina Injetora para Preformas de PET \u00e9 projetada especificamente para produzir preformas de PET de alta qualidade para aplica\u00e7\u00f5es nas ind\u00fastrias de bebidas, alimentos, farmac\u00eautica e cosm\u00e9tica. Esta m\u00e1quina combina engenharia de precis\u00e3o, efici\u00eancia energ\u00e9tica e sistemas de controle avan\u00e7ados para oferecer resultados consistentes e de alta qualidade.<\/p>\n<p>&nbsp;<\/p>\n<h4><\/h4>\n<h2>Caracter\u00edsticas e Benef\u00edcios Chave<\/h2>\n<ol class=\"list-paddingleft-2\">\n<li>\n<div><strong>Sistema de inje\u00e7\u00e3o de alta velocidade e alta press\u00e3o<\/strong><br \/>\nNossas m\u00e1quinas injetoras para preformas PET possuem sistemas de inje\u00e7\u00e3o de alta velocidade e alta press\u00e3o, garantindo o preenchimento r\u00e1pido e uniforme da cavidade do molde. Este projeto assegura dimens\u00f5es e qualidade constantes nas preformas.<\/div>\n<\/li>\n<li>\n<div><strong>Sistemas avan\u00e7ados de aquecimento e refrigera\u00e7\u00e3o<\/strong><br \/>\nEquipadas com sistemas avan\u00e7ados de aquecimento e refrigera\u00e7\u00e3o, nossas m\u00e1quinas mant\u00eam temperaturas ideais durante todo o processo de moldagem. Um controle adequado da temperatura garante distribui\u00e7\u00e3o uniforme do material e evita defeitos nas preformas.<\/div>\n<\/li>\n<li>\n<div><strong>Projeto eficiente em energia<\/strong><br \/>\nNossas m\u00e1quinas s\u00e3o projetadas com componentes de economia de energia, como motores servo e acionamentos de bomba vari\u00e1vel, para minimizar o consumo de energia e reduzir os custos operacionais.<\/div>\n<\/li>\n<li>\n<div><strong>Alta precis\u00e3o e consist\u00eancia<\/strong><br \/>\nNossas m\u00e1quinas proporcionam moldagem de alta precis\u00e3o, garantindo que cada preforma cumpra com rigorosos padr\u00f5es de qualidade. Essa consist\u00eancia \u00e9 crucial para o posterior processo de sopragem.<\/div>\n<\/li>\n<li>\n<div><strong>Interface amig\u00e1vel<\/strong><br \/>\nAs m\u00e1quinas possuem interfaces de usu\u00e1rio intuitivas que permitem aos operadores configurar par\u00e2metros, monitorar o processo e fazer ajustes conforme necess\u00e1rio.<\/div>\n<\/li>\n<li>\n<div><strong>Customiza\u00e7\u00e3o e flexibilidade<\/strong><br \/>\nOferecemos diversas op\u00e7\u00f5es de customiza\u00e7\u00e3o para acomodar diferentes desenhos e especifica\u00e7\u00f5es de preformas, atendendo aos requisitos \u00fanicos de v\u00e1rios segmentos de mercado.<\/div>\n<\/li>\n<\/ol>\n<\/div>\n<div>\n<div><strong>Imagem detalhada<\/strong><\/div>\n<div><img fetchpriority=\"high\" decoding=\"async\" class=\"alignnone size-full wp-image-533\" src=\"https:\/\/beta-machine.com\/wp-content\/uploads\/2025\/10\/High-response-oil-way.jpg\" alt=\"High response oil-way system\" width=\"629\" height=\"513\" srcset=\"https:\/\/www.beta-machine.com\/wp-content\/uploads\/2025\/10\/High-response-oil-way.jpg 629w, https:\/\/www.beta-machine.com\/wp-content\/uploads\/2025\/10\/High-response-oil-way-600x489.jpg 600w, https:\/\/www.beta-machine.com\/wp-content\/uploads\/2025\/10\/High-response-oil-way-300x245.jpg 300w\" sizes=\"(max-width: 629px) 100vw, 629px\" \/><\/div>\n<div>\n<p><strong>* Sistema de via de \u00f3leo de alta resposta<\/strong><\/p>\n<p>O sistema de via de \u00f3leo modularizado, de economia de energia e alta resposta, aumenta a velocidade geral da m\u00e1quina e reduz o consumo de energia.<\/p>\n<\/div>\n<div><img decoding=\"async\" class=\"alignnone size-full wp-image-532\" src=\"https:\/\/beta-machine.com\/wp-content\/uploads\/2025\/10\/clamping-unit2-scaled.jpg\" alt=\"Clamping unit\" width=\"2560\" height=\"985\" srcset=\"https:\/\/www.beta-machine.com\/wp-content\/uploads\/2025\/10\/clamping-unit2-scaled.jpg 2560w, https:\/\/www.beta-machine.com\/wp-content\/uploads\/2025\/10\/clamping-unit2-scaled-600x231.jpg 600w, https:\/\/www.beta-machine.com\/wp-content\/uploads\/2025\/10\/clamping-unit2-300x115.jpg 300w, https:\/\/www.beta-machine.com\/wp-content\/uploads\/2025\/10\/clamping-unit2-1024x394.jpg 1024w, https:\/\/www.beta-machine.com\/wp-content\/uploads\/2025\/10\/clamping-unit2-768x296.jpg 768w, https:\/\/www.beta-machine.com\/wp-content\/uploads\/2025\/10\/clamping-unit2-1536x591.jpg 1536w, https:\/\/www.beta-machine.com\/wp-content\/uploads\/2025\/10\/clamping-unit2-2048x788.jpg 2048w\" sizes=\"(max-width: 2560px) 100vw, 2560px\" \/><\/div>\n<div>\n<p><strong>* Unidade de fecho<\/strong><\/p>\n<div>\n<p>A unidade de fecho de duas placas tem um design compacto e economiza espa\u00e7o. Al\u00e9m disso, as duas placas s\u00e3o completamente sem fric\u00e7\u00e3o, garantindo que os templates estejam paralelos e os moldes estejam altamente protegidos por guias lineares. Isso oferece o mais alto n\u00edvel de seguran\u00e7a para os clientes e garante produtos da melhor qualidade.Outras caracter\u00edsticas desta unidade incluem uma alavanca de biela alinhada centralmente para garantir um funcionamento preciso, um sistema de lubrifica\u00e7\u00e3o circulat\u00f3rio de loop fechado, um amortecedor de abertura de molde para funcionamento suave e uma fun\u00e7\u00e3o de prote\u00e7\u00e3o de molde de alta sensibilidade.<\/p>\n<p>&nbsp;<\/p>\n<\/div>\n<p><img decoding=\"async\" class=\"alignnone size-full wp-image-534\" src=\"https:\/\/beta-machine.com\/wp-content\/uploads\/2025\/10\/injection-unit-scaled.jpg\" alt=\"Injection Unit \" width=\"2560\" height=\"1133\" srcset=\"https:\/\/www.beta-machine.com\/wp-content\/uploads\/2025\/10\/injection-unit-scaled.jpg 2560w, https:\/\/www.beta-machine.com\/wp-content\/uploads\/2025\/10\/injection-unit-scaled-600x266.jpg 600w, https:\/\/www.beta-machine.com\/wp-content\/uploads\/2025\/10\/injection-unit-300x133.jpg 300w, https:\/\/www.beta-machine.com\/wp-content\/uploads\/2025\/10\/injection-unit-1024x453.jpg 1024w, https:\/\/www.beta-machine.com\/wp-content\/uploads\/2025\/10\/injection-unit-768x340.jpg 768w, https:\/\/www.beta-machine.com\/wp-content\/uploads\/2025\/10\/injection-unit-1536x680.jpg 1536w, https:\/\/www.beta-machine.com\/wp-content\/uploads\/2025\/10\/injection-unit-2048x906.jpg 2048w\" sizes=\"(max-width: 2560px) 100vw, 2560px\" \/><\/p>\n<p><strong>* Unidade de inje\u00e7\u00e3o<\/strong><\/p>\n<p>1. Unidade de inje\u00e7\u00e3o otimizada<\/p>\n<p>2. Utilizar um conjunto de barril e parafuso plastificante eficiente.<\/p>\n<p>3. O BETA oferece flexibilidade m\u00e1xima.<\/p>\n<p>&nbsp;<\/p>\n<h4>Aplica\u00e7\u00f5es<\/h4>\n<div>Nossa m\u00e1quina injetora para preformas PET \u00e9 amplamente utilizada em:<\/div>\n<ol class=\"list-paddingleft-2\">\n<li>\n<div><strong>Ind\u00fastria de bebidas<\/strong>Para a produ\u00e7\u00e3o de preformas para garrafas de \u00e1gua, refrigerantes e sumos.<\/div>\n<\/li>\n<li>\n<div><strong>Embalagem de alimentos<\/strong>: Para recipientes, bandejas e tampas que exigem alta transpar\u00eancia e resist\u00eancia.<\/div>\n<\/li>\n<li>\n<div><strong>Embalagens cosm\u00e9ticas<\/strong>: Para embalagem de cremes, lo\u00e7\u00f5es e perfumes.<\/div>\n<\/li>\n<li>\n<div><strong>Embalagens farmac\u00eauticas<\/strong>: Para a produ\u00e7\u00e3o de preformas que cumprem rigorosos padr\u00f5es de grau m\u00e9dico.<\/div>\n<\/li>\n<li>\n<div><strong>Produtos dom\u00e9sticos<\/strong>: Para recipientes de armazenamento, utens\u00edlios de cozinha e garrafas de produtos de limpeza.<\/div>\n<\/li>\n<\/ol>\n<h3>Perguntas frequentes<\/h3>\n<div><strong>P1: Quais s\u00e3o as principais vantagens do uso de m\u00e1quinas injetoras para preformas PET?<\/strong><\/div>\n<div>\n<div>R: Essas m\u00e1quinas oferecem alta precis\u00e3o, resfriamento eficiente, economia de energia, interfaces f\u00e1ceis de usar e versatilidade no design de preformas.<\/div>\n<div><strong>P2: Como os sistemas avan\u00e7ados de aquecimento e refrigera\u00e7\u00e3o beneficiam o processo de moldagem?<\/strong><br \/>\nR: Eles garantem distribui\u00e7\u00e3o uniforme do material, evitam defeitos, reduzem o tempo de ciclo e melhoram a qualidade do produto.<\/div>\n<div><strong>P3: A m\u00e1quina pode ser personalizada para projetos de preformas espec\u00edficos?<\/strong><br \/>\nR: Sim, nossas m\u00e1quinas oferecem op\u00e7\u00f5es de personaliza\u00e7\u00e3o para atender \u00e0s diversas necessidades do mercado.<\/div>\n<div><strong>P4: Quais ind\u00fastrias usam comumente m\u00e1quinas injetoras de preformas PET?<\/strong><br \/>\nR: As ind\u00fastrias de bebidas, alimentos, cosm\u00e9ticos, farmac\u00eautica e produtos dom\u00e9sticos.<\/div>\n<div><strong>P5: Como o projeto eficiente em energia contribui para a sustentabilidade?<\/strong><br \/>\nR: As m\u00e1quinas usam motores servo e acionamentos de bomba vari\u00e1vel para minimizar o consumo de energia, contribuindo para um ambiente de fabrica\u00e7\u00e3o mais sustent\u00e1vel.<\/div>\n<div>Para mais informa\u00e7\u00f5es ou solicitar um or\u00e7amento, entre em contato conosco hoje. Estamos comprometidos em fornecer solu\u00e7\u00f5es avan\u00e7adas e confi\u00e1veis para suas necessidades de fabrica\u00e7\u00e3o.<\/div>\n<\/div>\n<\/div>\n<\/div>","protected":false},"excerpt":{"rendered":"<p>O volume de inje\u00e7\u00e3o foi aprimorado para atender \u00e0 produ\u00e7\u00e3o de produtos multicavidade. Pode ser customizado de acordo com requisitos espec\u00edficos, sendo ideal para a fabrica\u00e7\u00e3o de embalagens, produtos de cavidade profunda e preformas de PET de alta velocidade.<\/p>\n<div>O parafuso especial para PET acelera bastante a velocidade de fus\u00e3o e o volume de inje\u00e7\u00e3o, reduzindo ao mesmo tempo a temperatura de plastifica\u00e7\u00e3o. Isso melhora eficazmente a contra\u00e7\u00e3o da preforma e aumenta sua transpar\u00eancia.<\/div>\n<div>A for\u00e7a do pino e a corrente de eje\u00e7\u00e3o foram aumentadas, tornando-o mais adequado para a moldagem de preformas PET de cavidade profunda.<\/div>","protected":false},"featured_media":577,"comment_status":"closed","ping_status":"closed","template":"","meta":{"_acf_changed":false},"product_brand":[],"product_cat":[31],"product_tag":[],"class_list":{"0":"post-572","1":"product","2":"type-product","3":"status-publish","4":"has-post-thumbnail","6":"product_cat-pet-preform-injection-molding-machine","8":"first","9":"instock","10":"shipping-taxable","11":"purchasable","12":"product-type-variable"},"acf":[],"_links":{"self":[{"href":"https:\/\/www.beta-machine.com\/pt\/wp-json\/wp\/v2\/product\/572","targetHints":{"allow":["GET"]}}],"collection":[{"href":"https:\/\/www.beta-machine.com\/pt\/wp-json\/wp\/v2\/product"}],"about":[{"href":"https:\/\/www.beta-machine.com\/pt\/wp-json\/wp\/v2\/types\/product"}],"replies":[{"embeddable":true,"href":"https:\/\/www.beta-machine.com\/pt\/wp-json\/wp\/v2\/comments?post=572"}],"wp:featuredmedia":[{"embeddable":true,"href":"https:\/\/www.beta-machine.com\/pt\/wp-json\/wp\/v2\/media\/577"}],"wp:attachment":[{"href":"https:\/\/www.beta-machine.com\/pt\/wp-json\/wp\/v2\/media?parent=572"}],"wp:term":[{"taxonomy":"product_brand","embeddable":true,"href":"https:\/\/www.beta-machine.com\/pt\/wp-json\/wp\/v2\/product_brand?post=572"},{"taxonomy":"product_cat","embeddable":true,"href":"https:\/\/www.beta-machine.com\/pt\/wp-json\/wp\/v2\/product_cat?post=572"},{"taxonomy":"product_tag","embeddable":true,"href":"https:\/\/www.beta-machine.com\/pt\/wp-json\/wp\/v2\/product_tag?post=572"}],"curies":[{"name":"wp","href":"https:\/\/api.w.org\/{rel}","templated":true}]}}