{"id":586,"date":"2025-11-04T03:59:50","date_gmt":"2025-11-04T03:59:50","guid":{"rendered":"https:\/\/beta-machine.com\/?post_type=product&#038;p=586"},"modified":"2026-03-11T08:03:36","modified_gmt":"2026-03-11T08:03:36","slug":"energy-saving-blow-molding-machine","status":"publish","type":"product","link":"https:\/\/www.beta-machine.com\/pt\/energy-saving-blow-molding-machine\/","title":{"rendered":"M\u00e1quina de moldagem por sopro de economia de energia"},"content":{"rendered":"<p class=\"ds-markdown-paragraph\">Esta m\u00e1quina de extrus\u00e3o-sopragem \u00e9 projetada para produzir uma ampla variedade de embalagens pl\u00e1sticas ocas. As aplica\u00e7\u00f5es t\u00edpicas incluem o envasamento de alimentos, bebidas, medicamentos, produtos qu\u00edmicos, pesticidas, detergentes, bem como brinquedos e outros artigos de consumo.<\/p>\n<p class=\"ds-markdown-paragraph\">Permite a produ\u00e7\u00e3o de embalagens com capacidades de 5 L a 30 L, utilizando materiais como PE, PP e PVC. Os produtos finais comuns incluem garrafas de \u00e1gua, garrafas de leite, garrafas m\u00e9dicas, garrafas de \u00f3leo, garrafas de lubrificante, bolas pl\u00e1sticas e embalagens pl\u00e1sticas gerais.<\/p>\n<p class=\"ds-markdown-paragraph\">De um ponto de vista operacional, a m\u00e1quina oferece uma combina\u00e7\u00e3o atraente de vantagens. \u00c9 rent\u00e1vel, exigindo um investimento inicial relativamente baixo, e ao mesmo tempo proporciona uma elevada efici\u00eancia de produ\u00e7\u00e3o. O projeto prioriza a conveni\u00eancia do utilizador, com configura\u00e7\u00e3o r\u00e1pida, funcionamento seguro e resolu\u00e7\u00e3o de problemas e manuten\u00e7\u00e3o simples para garantir um tempo de paragem m\u00ednimo.<\/p>\n<p class=\"ds-markdown-paragraph\">Em resumo, este equipamento oferece um valor substancial aos fabricantes, combinando versatilidade, efici\u00eancia e facilidade de utiliza\u00e7\u00e3o para satisfazer as exig\u00eancias da ind\u00fastria de embalagens pl\u00e1sticas.<\/p>","protected":false},"excerpt":{"rendered":"<p>This extrusion blow molding machine is engineered to produce a broad variety of hollow plastic containers. Typical applications include packaging for food, beverages, medicines, chemical products, pesticides, detergents, as well as toys and other consumer goods. It supports the production of containers ranging from 5L to 30L, utilizing materials such as PE, PP, and PVC. [&hellip;]<\/p>\n","protected":false},"featured_media":587,"comment_status":"closed","ping_status":"closed","template":"","meta":{"_acf_changed":false},"product_brand":[],"product_cat":[30],"product_tag":[],"class_list":{"0":"post-586","1":"product","2":"type-product","3":"status-publish","4":"has-post-thumbnail","6":"product_cat-energy-saving-blow-molding-machine","8":"first","9":"instock","10":"shipping-taxable","11":"purchasable","12":"product-type-simple"},"acf":[],"_links":{"self":[{"href":"https:\/\/www.beta-machine.com\/pt\/wp-json\/wp\/v2\/product\/586","targetHints":{"allow":["GET"]}}],"collection":[{"href":"https:\/\/www.beta-machine.com\/pt\/wp-json\/wp\/v2\/product"}],"about":[{"href":"https:\/\/www.beta-machine.com\/pt\/wp-json\/wp\/v2\/types\/product"}],"replies":[{"embeddable":true,"href":"https:\/\/www.beta-machine.com\/pt\/wp-json\/wp\/v2\/comments?post=586"}],"wp:featuredmedia":[{"embeddable":true,"href":"https:\/\/www.beta-machine.com\/pt\/wp-json\/wp\/v2\/media\/587"}],"wp:attachment":[{"href":"https:\/\/www.beta-machine.com\/pt\/wp-json\/wp\/v2\/media?parent=586"}],"wp:term":[{"taxonomy":"product_brand","embeddable":true,"href":"https:\/\/www.beta-machine.com\/pt\/wp-json\/wp\/v2\/product_brand?post=586"},{"taxonomy":"product_cat","embeddable":true,"href":"https:\/\/www.beta-machine.com\/pt\/wp-json\/wp\/v2\/product_cat?post=586"},{"taxonomy":"product_tag","embeddable":true,"href":"https:\/\/www.beta-machine.com\/pt\/wp-json\/wp\/v2\/product_tag?post=586"}],"curies":[{"name":"wp","href":"https:\/\/api.w.org\/{rel}","templated":true}]}}