{"id":588,"date":"2025-11-04T05:11:40","date_gmt":"2025-11-04T05:11:40","guid":{"rendered":"https:\/\/beta-machine.com\/?post_type=product&#038;p=588"},"modified":"2025-11-04T07:10:51","modified_gmt":"2025-11-04T07:10:51","slug":"high-speed-energy-saving-extrusion-blow-molding-for-20l-jerry-can-production","status":"publish","type":"product","link":"https:\/\/www.beta-machine.com\/pt\/high-speed-energy-saving-extrusion-blow-molding-for-20l-jerry-can-production\/","title":{"rendered":"Sopradora de extrus\u00e3o de alta velocidade e economia de energia para produ\u00e7\u00e3o de jerry cans de 20L"},"content":{"rendered":"<p>Esta m\u00e1quina de extrus\u00e3o-sopragem \u00e9 projetada especificamente para a produ\u00e7\u00e3o de v\u00e1rios tipos de embalagens pl\u00e1sticas ocas. Essas embalagens s\u00e3o comumente usadas para armazenar uma ampla variedade de itens, incluindo alimentos, brinquedos, bebidas, medicamentos, produtos qu\u00edmicos, pesticidas e detergentes. A m\u00e1quina \u00e9 capaz de fabricar embalagens com capacidades que variam de 5 L a 30 L, utilizando materiais como PE, PP e PVC.<\/p>\n<div style=\"width: 800px;\" class=\"wp-video\"><video class=\"wp-video-shortcode\" id=\"video-588-1\" width=\"800\" height=\"450\" preload=\"metadata\" controls=\"controls\"><source type=\"video\/mp4\" src=\"https:\/\/beta-machine.com\/wp-content\/uploads\/2025\/11\/lmQOocUt1ICrPhAfGYsBRGBygf7h.mp4?_=1\" \/><a href=\"https:\/\/beta-machine.com\/wp-content\/uploads\/2025\/11\/lmQOocUt1ICrPhAfGYsBRGBygf7h.mp4\">https:\/\/beta-machine.com\/wp-content\/uploads\/2025\/11\/lmQOocUt1ICrPhAfGYsBRGBygf7h.mp4<\/a><\/video><\/div>\n<p>Alguns exemplos de produtos que podem ser produzidos com esta m\u00e1quina incluem garrafas de \u00e1gua, garrafas de leite, garrafas m\u00e9dicas, garrafas de \u00f3leo, bolas pl\u00e1sticas, garrafas de lubrificante e embalagens pl\u00e1sticas.<\/p>\n<p>Uma das principais vantagens destas m\u00e1quinas \u00e9 a sua rela\u00e7\u00e3o custo-benef\u00edcio, uma vez que requerem um investimento inicial relativamente baixo. Al\u00e9m disso, oferecem uma elevada efici\u00eancia de produ\u00e7\u00e3o, permitindo um funcionamento r\u00e1pido e seguro. A resolu\u00e7\u00e3o de problemas e a manuten\u00e7\u00e3o tamb\u00e9m s\u00e3o simplificadas, resultando num tempo de paragem m\u00ednimo. No geral, estas m\u00e1quinas proporcionam in\u00fameros benef\u00edcios para os fabricantes na ind\u00fastria de embalagens pl\u00e1sticas.<\/p>\n<h3>Informa\u00e7\u00e3o de componentes<\/h3>\n<p><img fetchpriority=\"high\" decoding=\"async\" class=\"alignnone wp-image-591 size-full\" src=\"https:\/\/beta-machine.com\/wp-content\/uploads\/2025\/11\/1-3.jpg\" alt=\"Extrusion System\" width=\"1000\" height=\"1000\" srcset=\"https:\/\/www.beta-machine.com\/wp-content\/uploads\/2025\/11\/1-3.jpg 1000w, https:\/\/www.beta-machine.com\/wp-content\/uploads\/2025\/11\/1-3-300x300.jpg 300w, https:\/\/www.beta-machine.com\/wp-content\/uploads\/2025\/11\/1-3-100x100.jpg 100w, https:\/\/www.beta-machine.com\/wp-content\/uploads\/2025\/11\/1-3-600x600.jpg 600w, https:\/\/www.beta-machine.com\/wp-content\/uploads\/2025\/11\/1-3-150x150.jpg 150w, https:\/\/www.beta-machine.com\/wp-content\/uploads\/2025\/11\/1-3-768x768.jpg 768w\" sizes=\"(max-width: 1000px) 100vw, 1000px\" \/><\/p>\n<h3>Sistema de extrus\u00e3o<\/h3>\n<p>O parafuso e o cilindro bimet\u00e1licos da nossa m\u00e1quina de inje\u00e7\u00e3o s\u00e3o projetados para possuir alta dureza, garantindo excelente desempenho de plastifica\u00e7\u00e3o e maior vida \u00fatil. Nossa m\u00e1quina tamb\u00e9m disp\u00f5e de caixa de engrenagens, motor e inversor de alta qualidade, que contribuem para o seu desempenho geral e durabilidade.<\/p>\n<p>Al\u00e9m disso, projetamos uma faixa aquecedora especial que maximiza a efici\u00eancia e minimiza o consumo de energia, melhorando ainda mais a capacidade de economia de energia da nossa m\u00e1quina.<\/p>\n<p><img decoding=\"async\" class=\"alignnone wp-image-594 size-full\" src=\"https:\/\/beta-machine.com\/wp-content\/uploads\/2025\/11\/9.jpg\" alt=\"Clamping Unit &amp; Die Head\" width=\"1000\" height=\"1000\" srcset=\"https:\/\/www.beta-machine.com\/wp-content\/uploads\/2025\/11\/9.jpg 1000w, https:\/\/www.beta-machine.com\/wp-content\/uploads\/2025\/11\/9-300x300.jpg 300w, https:\/\/www.beta-machine.com\/wp-content\/uploads\/2025\/11\/9-100x100.jpg 100w, https:\/\/www.beta-machine.com\/wp-content\/uploads\/2025\/11\/9-600x600.jpg 600w, https:\/\/www.beta-machine.com\/wp-content\/uploads\/2025\/11\/9-150x150.jpg 150w, https:\/\/www.beta-machine.com\/wp-content\/uploads\/2025\/11\/9-768x768.jpg 768w\" sizes=\"(max-width: 1000px) 100vw, 1000px\" \/><\/p>\n<p>&nbsp;<\/p>\n<h3>Unidade de Fechamento &amp; Cabe\u00e7a de Matriz<\/h3>\n<p>Nossa m\u00e1quina possui uma for\u00e7a de fechamento excepcional, garantindo um fechamento seguro e herm\u00e9tico dos moldes de sopragem, resultando em um acabamento superficial superior dos produtos acabados.<\/p>\n<p>Priorizamos a seguran\u00e7a dos operadores e incorporamos dispositivos de prote\u00e7\u00e3o de seguran\u00e7a na m\u00e1quina.<\/p>\n<p>Al\u00e9m disso, utilizamos materiais de alta qualidade para a cabe\u00e7a de matriz, garantindo um desempenho \u00f3timo e longevidade.<\/p>\n<p><img decoding=\"async\" class=\"alignnone wp-image-595 size-full\" src=\"https:\/\/beta-machine.com\/wp-content\/uploads\/2025\/11\/Hydraulic-System.jpg\" alt=\"Hydraulic System\" width=\"1000\" height=\"1000\" srcset=\"https:\/\/www.beta-machine.com\/wp-content\/uploads\/2025\/11\/Hydraulic-System.jpg 1000w, https:\/\/www.beta-machine.com\/wp-content\/uploads\/2025\/11\/Hydraulic-System-300x300.jpg 300w, https:\/\/www.beta-machine.com\/wp-content\/uploads\/2025\/11\/Hydraulic-System-100x100.jpg 100w, https:\/\/www.beta-machine.com\/wp-content\/uploads\/2025\/11\/Hydraulic-System-600x600.jpg 600w, https:\/\/www.beta-machine.com\/wp-content\/uploads\/2025\/11\/Hydraulic-System-150x150.jpg 150w, https:\/\/www.beta-machine.com\/wp-content\/uploads\/2025\/11\/Hydraulic-System-768x768.jpg 768w\" sizes=\"(max-width: 1000px) 100vw, 1000px\" \/><\/p>\n<p>&nbsp;<\/p>\n<h3>Sistema hidr\u00e1ulico<\/h3>\n<p>Incorporamos v\u00e1lvulas hidr\u00e1ulicas de renombradas marcas japonesas e taiwanesas na nossa m\u00e1quina, conhecidas pela sua excecional qualidade e fiabilidade. Estas v\u00e1lvulas permitem o controle proporcional da press\u00e3o e do fluxo da m\u00e1quina, possibilitando um movimento preciso e acurado. Isso garante que cada opera\u00e7\u00e3o seja realizada com a m\u00e1xima precis\u00e3o, resultando numa produ\u00e7\u00e3o de alta qualidade.<\/p>\n<p><img loading=\"lazy\" decoding=\"async\" class=\"alignnone wp-image-596 size-full\" src=\"https:\/\/beta-machine.com\/wp-content\/uploads\/2025\/11\/servo-motor.jpg\" alt=\"Servo Motor\" width=\"1000\" height=\"1000\" srcset=\"https:\/\/www.beta-machine.com\/wp-content\/uploads\/2025\/11\/servo-motor.jpg 1000w, https:\/\/www.beta-machine.com\/wp-content\/uploads\/2025\/11\/servo-motor-300x300.jpg 300w, https:\/\/www.beta-machine.com\/wp-content\/uploads\/2025\/11\/servo-motor-100x100.jpg 100w, https:\/\/www.beta-machine.com\/wp-content\/uploads\/2025\/11\/servo-motor-600x600.jpg 600w, https:\/\/www.beta-machine.com\/wp-content\/uploads\/2025\/11\/servo-motor-150x150.jpg 150w, https:\/\/www.beta-machine.com\/wp-content\/uploads\/2025\/11\/servo-motor-768x768.jpg 768w\" sizes=\"(max-width: 1000px) 100vw, 1000px\" \/><\/p>\n<p>&nbsp;<\/p>\n<h3>Motor servo<\/h3>\n<p>Atrav\u00e9s da utiliza\u00e7\u00e3o de motores e bombas servo de alta efici\u00eancia, a nossa maquinaria proporciona uma poupan\u00e7a significativa no consumo de energia de at\u00e9 40% \u2013 50%. Isso traduz-se em custos de fabrica\u00e7\u00e3o reduzidos para a sua f\u00e1brica. Al\u00e9m disso, a ado\u00e7\u00e3o desses componentes avan\u00e7ados garante um baixo n\u00edvel de ru\u00eddo e condi\u00e7\u00f5es de trabalho est\u00e1veis, melhorando a produtividade e efici\u00eancia geral das suas opera\u00e7\u00f5es.<\/p>\n<p>&nbsp;<\/p>\n<p>&nbsp;<\/p>","protected":false},"excerpt":{"rendered":"<p>This extrusion blow molding\/moulding machine is specifically designed for the production of various types of hollow plastic containers. These containers are commonly used for storing a wide range of items, including food, toys, beverages, medicines, chemical products, pesticides, and detergents. The machine is capable of manufacturing containers with capacities ranging from 5L to 30L, using [&hellip;]<\/p>\n","protected":false},"featured_media":593,"comment_status":"closed","ping_status":"closed","template":"","meta":{"_acf_changed":false},"product_brand":[],"product_cat":[30],"product_tag":[],"class_list":{"0":"post-588","1":"product","2":"type-product","3":"status-publish","4":"has-post-thumbnail","6":"product_cat-energy-saving-blow-molding-machine","8":"first","9":"instock","10":"shipping-taxable","11":"purchasable","12":"product-type-variable"},"acf":[],"_links":{"self":[{"href":"https:\/\/www.beta-machine.com\/pt\/wp-json\/wp\/v2\/product\/588","targetHints":{"allow":["GET"]}}],"collection":[{"href":"https:\/\/www.beta-machine.com\/pt\/wp-json\/wp\/v2\/product"}],"about":[{"href":"https:\/\/www.beta-machine.com\/pt\/wp-json\/wp\/v2\/types\/product"}],"replies":[{"embeddable":true,"href":"https:\/\/www.beta-machine.com\/pt\/wp-json\/wp\/v2\/comments?post=588"}],"wp:featuredmedia":[{"embeddable":true,"href":"https:\/\/www.beta-machine.com\/pt\/wp-json\/wp\/v2\/media\/593"}],"wp:attachment":[{"href":"https:\/\/www.beta-machine.com\/pt\/wp-json\/wp\/v2\/media?parent=588"}],"wp:term":[{"taxonomy":"product_brand","embeddable":true,"href":"https:\/\/www.beta-machine.com\/pt\/wp-json\/wp\/v2\/product_brand?post=588"},{"taxonomy":"product_cat","embeddable":true,"href":"https:\/\/www.beta-machine.com\/pt\/wp-json\/wp\/v2\/product_cat?post=588"},{"taxonomy":"product_tag","embeddable":true,"href":"https:\/\/www.beta-machine.com\/pt\/wp-json\/wp\/v2\/product_tag?post=588"}],"curies":[{"name":"wp","href":"https:\/\/api.w.org\/{rel}","templated":true}]}}