{"id":598,"date":"2025-11-04T05:13:08","date_gmt":"2025-11-04T05:13:08","guid":{"rendered":"https:\/\/beta-machine.com\/?post_type=product&#038;p=598"},"modified":"2026-03-11T07:49:20","modified_gmt":"2026-03-11T07:49:20","slug":"double-station-blow-molding-machine-2","status":"publish","type":"product","link":"https:\/\/www.beta-machine.com\/pt\/double-station-blow-molding-machine-2\/","title":{"rendered":"M\u00e1quina de moldagem por sopro de dupla esta\u00e7\u00e3o"},"content":{"rendered":"<p>Esta m\u00e1quina sopradora de extrus\u00e3o \u00e9 projetada especificamente para fabricar uma ampla gama de recipientes pl\u00e1sticos ocos.<\/p>\n<p>Estes produtos s\u00e3o usados em aplica\u00e7\u00f5es como armazenamento de alimentos, brinquedos, bebidas, medicamentos, produtos qu\u00edmicos, pesticidas e detergentes.<\/p>\n<p>Capaz de produzir recipientes com capacidades de 5L a 30L, utilizando materiais como PE, PP e PVC.Produtos t\u00edpicos: garrafas de \u00e1gua, garrafas de leite, frascos m\u00e9dicos, garrafas de \u00f3leo, bolas pl\u00e1sticas, garrafas de lubrificante e outros cont\u00eaineres pl\u00e1sticos.<\/p>\n<p>A m\u00e1quina oferece diversas vantagens, incluindo custo-benef\u00edcio e baixo investimento inicial. Garante alta efici\u00eancia de produ\u00e7\u00e3o, suporta opera\u00e7\u00e3o r\u00e1pida e segura, e apresenta f\u00e1cil solu\u00e7\u00e3o de problemas e manuten\u00e7\u00e3o para minimizar o tempo de parada.<\/p>\n<p>De forma geral, este equipamento oferece benef\u00edcios significativos aos fabricantes na ind\u00fastria de recipientes pl\u00e1sticos.<\/p>","protected":false},"excerpt":{"rendered":"<p>This extrusion blow molding machine is specifically designed to manufacture a wide range of hollow plastic containers. These products are used for applications such as food storage, toys, beverages, medicines, chemical products, pesticides, and detergents. It is capable of producing containers with capacities ranging from 5L to 30L, using materials including PE, PP, and PVC. [&hellip;]<\/p>\n","protected":false},"featured_media":599,"comment_status":"closed","ping_status":"closed","template":"","meta":{"_acf_changed":false},"product_brand":[],"product_cat":[29],"product_tag":[43],"class_list":{"0":"post-598","1":"product","2":"type-product","3":"status-publish","4":"has-post-thumbnail","6":"product_cat-double-station-blow-molding-machine","7":"product_tag-single","9":"first","10":"instock","11":"shipping-taxable","12":"purchasable","13":"product-type-simple"},"acf":[],"_links":{"self":[{"href":"https:\/\/www.beta-machine.com\/pt\/wp-json\/wp\/v2\/product\/598","targetHints":{"allow":["GET"]}}],"collection":[{"href":"https:\/\/www.beta-machine.com\/pt\/wp-json\/wp\/v2\/product"}],"about":[{"href":"https:\/\/www.beta-machine.com\/pt\/wp-json\/wp\/v2\/types\/product"}],"replies":[{"embeddable":true,"href":"https:\/\/www.beta-machine.com\/pt\/wp-json\/wp\/v2\/comments?post=598"}],"wp:featuredmedia":[{"embeddable":true,"href":"https:\/\/www.beta-machine.com\/pt\/wp-json\/wp\/v2\/media\/599"}],"wp:attachment":[{"href":"https:\/\/www.beta-machine.com\/pt\/wp-json\/wp\/v2\/media?parent=598"}],"wp:term":[{"taxonomy":"product_brand","embeddable":true,"href":"https:\/\/www.beta-machine.com\/pt\/wp-json\/wp\/v2\/product_brand?post=598"},{"taxonomy":"product_cat","embeddable":true,"href":"https:\/\/www.beta-machine.com\/pt\/wp-json\/wp\/v2\/product_cat?post=598"},{"taxonomy":"product_tag","embeddable":true,"href":"https:\/\/www.beta-machine.com\/pt\/wp-json\/wp\/v2\/product_tag?post=598"}],"curies":[{"name":"wp","href":"https:\/\/api.w.org\/{rel}","templated":true}]}}