{"id":638,"date":"2025-11-04T07:19:31","date_gmt":"2025-11-04T07:19:31","guid":{"rendered":"https:\/\/beta-machine.com\/?post_type=product&#038;p=638"},"modified":"2025-11-04T07:19:31","modified_gmt":"2025-11-04T07:19:31","slug":"continuous-extrusion-blow-molding-machine-with-double-station-for-5-30l-plastic-products","status":"publish","type":"product","link":"https:\/\/www.beta-machine.com\/pt\/continuous-extrusion-blow-molding-machine-with-double-station-for-5-30l-plastic-products\/","title":{"rendered":"M\u00e1quina sopradora de extrus\u00e3o cont\u00ednua com dupla esta\u00e7\u00e3o para produtos pl\u00e1sticos de 5-30L"},"content":{"rendered":"<p><strong>M\u00e1quina sopradora de extrus\u00e3o cont\u00ednua com dupla esta\u00e7\u00e3o para produtos pl\u00e1sticos de 5-30L<\/strong><\/p>\n<p>&nbsp;<\/p>\n<div>\n<div>\n<p>Esta m\u00e1quina sopradora de extrus\u00e3o \u00e9 projetada para fabricar v\u00e1rios tipos de recipientes pl\u00e1sticos ocos usados para armazenar alimentos, brinquedos, bebidas, medicamentos, produtos qu\u00edmicos, pesticidas, detergentes, etc. Pode produzir recipientes de 5L a 30L utilizando materiais como PE, PP e PVC. Exemplos de produtos que podem ser feitos: garrafas de \u00e1gua, garrafas de leite, garrafas m\u00e9dicas, garrafas de \u00f3leo, bolas pl\u00e1sticas, garrafas de lubrificante e recipientes pl\u00e1sticos.<\/p>\n<\/div>\n<\/div>\n<div style=\"width: 800px;\" class=\"wp-video\"><video class=\"wp-video-shortcode\" id=\"video-638-1\" width=\"800\" height=\"450\" preload=\"metadata\" controls=\"controls\"><source type=\"video\/mp4\" src=\"https:\/\/beta-machine.com\/wp-content\/uploads\/2025\/11\/lmQOocUt1ICrPhAfGYsBRGBygf7h.mp4?_=1\" \/><a href=\"https:\/\/beta-machine.com\/wp-content\/uploads\/2025\/11\/lmQOocUt1ICrPhAfGYsBRGBygf7h.mp4\">https:\/\/beta-machine.com\/wp-content\/uploads\/2025\/11\/lmQOocUt1ICrPhAfGYsBRGBygf7h.mp4<\/a><\/video><\/div>\n<p><strong>Descri\u00e7\u00e3o<\/strong><\/p>\n<p><img fetchpriority=\"high\" decoding=\"async\" class=\"alignnone size-full wp-image-591\" src=\"https:\/\/beta-machine.com\/wp-content\/uploads\/2025\/11\/1-3.jpg\" alt=\"Extrusion System\" width=\"1000\" height=\"1000\" srcset=\"https:\/\/www.beta-machine.com\/wp-content\/uploads\/2025\/11\/1-3.jpg 1000w, https:\/\/www.beta-machine.com\/wp-content\/uploads\/2025\/11\/1-3-300x300.jpg 300w, https:\/\/www.beta-machine.com\/wp-content\/uploads\/2025\/11\/1-3-100x100.jpg 100w, https:\/\/www.beta-machine.com\/wp-content\/uploads\/2025\/11\/1-3-600x600.jpg 600w, https:\/\/www.beta-machine.com\/wp-content\/uploads\/2025\/11\/1-3-150x150.jpg 150w, https:\/\/www.beta-machine.com\/wp-content\/uploads\/2025\/11\/1-3-768x768.jpg 768w\" sizes=\"(max-width: 1000px) 100vw, 1000px\" \/><\/p>\n<h3>Sistema de extrus\u00e3o<\/h3>\n<p>* Parafuso e cilindro bimet\u00e1licos de alta dureza para alta plastifica\u00e7\u00e3o e maior vida \u00fatil. Caixa de engrenagens, motor e inversor de alta qualidade.<br \/>\n* Faixa de aquecimento de projeto especial, alta efici\u00eancia e baixo consumo de energia.<\/p>\n<p><img decoding=\"async\" class=\"alignnone wp-image-594 size-full\" src=\"https:\/\/beta-machine.com\/wp-content\/uploads\/2025\/11\/9.jpg\" alt=\"Clamping Unite&amp;Die head\" width=\"1000\" height=\"1000\" srcset=\"https:\/\/www.beta-machine.com\/wp-content\/uploads\/2025\/11\/9.jpg 1000w, https:\/\/www.beta-machine.com\/wp-content\/uploads\/2025\/11\/9-300x300.jpg 300w, https:\/\/www.beta-machine.com\/wp-content\/uploads\/2025\/11\/9-100x100.jpg 100w, https:\/\/www.beta-machine.com\/wp-content\/uploads\/2025\/11\/9-600x600.jpg 600w, https:\/\/www.beta-machine.com\/wp-content\/uploads\/2025\/11\/9-150x150.jpg 150w, https:\/\/www.beta-machine.com\/wp-content\/uploads\/2025\/11\/9-768x768.jpg 768w\" sizes=\"(max-width: 1000px) 100vw, 1000px\" \/><\/p>\n<h3>Unidade de fecho &amp; Cabe\u00e7a de molde<\/h3>\n<p>* For\u00e7a de fechamento da m\u00e1quina extremadamente forte, garante o fechamento herm\u00e9tico dos moldes de sopragem, para uma melhor superf\u00edcie dos produtos acabados.<\/p>\n<div>* Dispositivo de prote\u00e7\u00e3o de seguran\u00e7a para o operador.<br \/>\n* Bom material utilizado para a cabe\u00e7a de molde.<\/div>\n<p><img decoding=\"async\" class=\"alignnone wp-image-595 size-full\" src=\"https:\/\/beta-machine.com\/wp-content\/uploads\/2025\/11\/Hydraulic-System.jpg\" alt=\"Hydraulic System\" width=\"1000\" height=\"1000\" srcset=\"https:\/\/www.beta-machine.com\/wp-content\/uploads\/2025\/11\/Hydraulic-System.jpg 1000w, https:\/\/www.beta-machine.com\/wp-content\/uploads\/2025\/11\/Hydraulic-System-300x300.jpg 300w, https:\/\/www.beta-machine.com\/wp-content\/uploads\/2025\/11\/Hydraulic-System-100x100.jpg 100w, https:\/\/www.beta-machine.com\/wp-content\/uploads\/2025\/11\/Hydraulic-System-600x600.jpg 600w, https:\/\/www.beta-machine.com\/wp-content\/uploads\/2025\/11\/Hydraulic-System-150x150.jpg 150w, https:\/\/www.beta-machine.com\/wp-content\/uploads\/2025\/11\/Hydraulic-System-768x768.jpg 768w\" sizes=\"(max-width: 1000px) 100vw, 1000px\" \/><\/p>\n<h3>Sistema hidr\u00e1ulico<\/h3>\n<p>V\u00e1lvulas hidr\u00e1ulicas de marcas famosas Jap\u00e3o\/Taiwan, controle proporcional da press\u00e3o e vaz\u00e3o da m\u00e1quina, para movimento preciso.<\/p>\n<p><img loading=\"lazy\" decoding=\"async\" class=\"alignnone wp-image-596 size-full\" src=\"https:\/\/beta-machine.com\/wp-content\/uploads\/2025\/11\/servo-motor.jpg\" alt=\"Servo Motor\" width=\"1000\" height=\"1000\" srcset=\"https:\/\/www.beta-machine.com\/wp-content\/uploads\/2025\/11\/servo-motor.jpg 1000w, https:\/\/www.beta-machine.com\/wp-content\/uploads\/2025\/11\/servo-motor-300x300.jpg 300w, https:\/\/www.beta-machine.com\/wp-content\/uploads\/2025\/11\/servo-motor-100x100.jpg 100w, https:\/\/www.beta-machine.com\/wp-content\/uploads\/2025\/11\/servo-motor-600x600.jpg 600w, https:\/\/www.beta-machine.com\/wp-content\/uploads\/2025\/11\/servo-motor-150x150.jpg 150w, https:\/\/www.beta-machine.com\/wp-content\/uploads\/2025\/11\/servo-motor-768x768.jpg 768w\" sizes=\"(max-width: 1000px) 100vw, 1000px\" \/><\/p>\n<h3>Motor servo<\/h3>\n<p>Adota motor e bomba servo de alta efici\u00eancia, economizando at\u00e9 40% -50% do consumo de energia, reduzindo o custo de fabrica\u00e7\u00e3o da sua f\u00e1brica. Baixo ru\u00eddo e condi\u00e7\u00f5es de trabalho est\u00e1veis.<\/p>","protected":false},"excerpt":{"rendered":"<p>Esta m\u00e1quina sopradora de extrus\u00e3o \u00e9 projetada para fabricar v\u00e1rios tipos de recipientes pl\u00e1sticos ocos usados para armazenar alimentos, brinquedos, bebidas, medicamentos, produtos qu\u00edmicos, pesticidas, detergentes, etc. Pode produzir recipientes de 5L a 30L utilizando materiais como PE, PP e PVC. Exemplos de produtos que podem ser feitos: garrafas de \u00e1gua, garrafas de leite, garrafas m\u00e9dicas, garrafas de \u00f3leo, bolas pl\u00e1sticas, garrafas de lubrificante e recipientes pl\u00e1sticos.<\/p>\n<p>&nbsp;<\/p>","protected":false},"featured_media":639,"comment_status":"closed","ping_status":"closed","template":"","meta":{"_acf_changed":false},"product_brand":[],"product_cat":[29],"product_tag":[],"class_list":{"0":"post-638","1":"product","2":"type-product","3":"status-publish","4":"has-post-thumbnail","6":"product_cat-double-station-blow-molding-machine","8":"first","9":"instock","10":"shipping-taxable","11":"purchasable","12":"product-type-variable"},"acf":[],"_links":{"self":[{"href":"https:\/\/www.beta-machine.com\/pt\/wp-json\/wp\/v2\/product\/638","targetHints":{"allow":["GET"]}}],"collection":[{"href":"https:\/\/www.beta-machine.com\/pt\/wp-json\/wp\/v2\/product"}],"about":[{"href":"https:\/\/www.beta-machine.com\/pt\/wp-json\/wp\/v2\/types\/product"}],"replies":[{"embeddable":true,"href":"https:\/\/www.beta-machine.com\/pt\/wp-json\/wp\/v2\/comments?post=638"}],"wp:featuredmedia":[{"embeddable":true,"href":"https:\/\/www.beta-machine.com\/pt\/wp-json\/wp\/v2\/media\/639"}],"wp:attachment":[{"href":"https:\/\/www.beta-machine.com\/pt\/wp-json\/wp\/v2\/media?parent=638"}],"wp:term":[{"taxonomy":"product_brand","embeddable":true,"href":"https:\/\/www.beta-machine.com\/pt\/wp-json\/wp\/v2\/product_brand?post=638"},{"taxonomy":"product_cat","embeddable":true,"href":"https:\/\/www.beta-machine.com\/pt\/wp-json\/wp\/v2\/product_cat?post=638"},{"taxonomy":"product_tag","embeddable":true,"href":"https:\/\/www.beta-machine.com\/pt\/wp-json\/wp\/v2\/product_tag?post=638"}],"curies":[{"name":"wp","href":"https:\/\/api.w.org\/{rel}","templated":true}]}}