{"id":645,"date":"2025-11-04T07:25:11","date_gmt":"2025-11-04T07:25:11","guid":{"rendered":"https:\/\/beta-machine.com\/?post_type=product&#038;p=645"},"modified":"2026-03-11T07:06:14","modified_gmt":"2026-03-11T07:06:14","slug":"beta-semi-automatic-plastic-pet-bottle-making-machine-plastic-bottle-blowing-machine","status":"publish","type":"product","link":"https:\/\/www.beta-machine.com\/pt\/beta-semi-automatic-plastic-pet-bottle-making-machine-plastic-bottle-blowing-machine\/","title":{"rendered":"M\u00e1quina fabricadora de garrafas de pl\u00e1stico PET semiautom\u00e1tica BETA, m\u00e1quina sopradora de garrafas de pl\u00e1stico"},"content":{"rendered":"<p><strong>M\u00e1quina fabricadora de garrafas de pl\u00e1stico PET semiautom\u00e1tica BETA, m\u00e1quina sopradora de garrafas de pl\u00e1stico<\/strong><\/p>\n<div>A m\u00e1quina sopradora de garrafas PET semiautom\u00e1tica \u00e9 adequada para a produ\u00e7\u00e3o de embalagens e garrafas de pl\u00e1stico PET de 10 a 2000 ml. \u00c9 amplamente utilizada para fabricar garrafas de bebidas carbonatadas, garrafas de \u00e1gua mineral, garrafas de pesticidas, garrafas de \u00f3leo, cosm\u00e9ticos, garrafas de boca larga, etc.<br \/>\n\u25cf Ajuste de molde com dupla biela, travamento de molde resistente, est\u00e1vel e r\u00e1pido. Forno infravermelho para aquecer a preforma, a preforma gira e \u00e9 aquecida uniformemente.<br \/>\n\u25cf O sistema de ar \u00e9 dividido em duas partes: a parte de a\u00e7\u00e3o pneum\u00e1tica e a parte de soprado de garrafas, para atender aos diferentes requisitos de a\u00e7\u00e3o e soprado. Pode fornecer alta press\u00e3o suficiente e est\u00e1vel para o soprado de garrafas grandes de formato irregular.<br \/>\n\u25cf A m\u00e1quina tamb\u00e9m est\u00e1 equipada com silenciador e sistema de lubrifica\u00e7\u00e3o para lubrificar as partes mec\u00e2nicas da m\u00e1quina.<br \/>\n\u25cf A m\u00e1quina pode operar no modo passo a passo e no modo semiautom\u00e1tico.<br \/>\n\u25cf A m\u00e1quina \u00e9 pequena, com baixo investimento, f\u00e1cil e segura de operar.<\/div>\n<div>\n<div>\n<div>\n<div>\n<div>\n<div>\n<div><img fetchpriority=\"high\" decoding=\"async\" class=\"alignnone size-full wp-image-653\" src=\"https:\/\/beta-machine.com\/wp-content\/uploads\/2025\/11\/Hff7f2805136f4d62894b97ae86337d38d.jpg\" alt=\"Blower\" width=\"1000\" height=\"624\" srcset=\"https:\/\/www.beta-machine.com\/wp-content\/uploads\/2025\/11\/Hff7f2805136f4d62894b97ae86337d38d.jpg 1000w, https:\/\/www.beta-machine.com\/wp-content\/uploads\/2025\/11\/Hff7f2805136f4d62894b97ae86337d38d-600x374.jpg 600w, https:\/\/www.beta-machine.com\/wp-content\/uploads\/2025\/11\/Hff7f2805136f4d62894b97ae86337d38d-300x187.jpg 300w, https:\/\/www.beta-machine.com\/wp-content\/uploads\/2025\/11\/Hff7f2805136f4d62894b97ae86337d38d-768x479.jpg 768w\" sizes=\"(max-width: 1000px) 100vw, 1000px\" \/><\/div>\n<\/div>\n<\/div>\n<\/div>\n<\/div>\n<\/div>\n<\/div>\n<div>\n<div>\n<div>\n<div>\n<p><img decoding=\"async\" class=\"alignnone size-full wp-image-650\" src=\"https:\/\/beta-machine.com\/wp-content\/uploads\/2025\/11\/H2101110fec95492fa890fb226cc5af42g.jpg\" alt=\"Blower\" width=\"2160\" height=\"2160\" srcset=\"https:\/\/www.beta-machine.com\/wp-content\/uploads\/2025\/11\/H2101110fec95492fa890fb226cc5af42g.jpg 2160w, https:\/\/www.beta-machine.com\/wp-content\/uploads\/2025\/11\/H2101110fec95492fa890fb226cc5af42g-300x300.jpg 300w, https:\/\/www.beta-machine.com\/wp-content\/uploads\/2025\/11\/H2101110fec95492fa890fb226cc5af42g-100x100.jpg 100w, https:\/\/www.beta-machine.com\/wp-content\/uploads\/2025\/11\/H2101110fec95492fa890fb226cc5af42g-600x600.jpg 600w, https:\/\/www.beta-machine.com\/wp-content\/uploads\/2025\/11\/H2101110fec95492fa890fb226cc5af42g-1024x1024.jpg 1024w, https:\/\/www.beta-machine.com\/wp-content\/uploads\/2025\/11\/H2101110fec95492fa890fb226cc5af42g-150x150.jpg 150w, https:\/\/www.beta-machine.com\/wp-content\/uploads\/2025\/11\/H2101110fec95492fa890fb226cc5af42g-768x768.jpg 768w, https:\/\/www.beta-machine.com\/wp-content\/uploads\/2025\/11\/H2101110fec95492fa890fb226cc5af42g-1536x1536.jpg 1536w, https:\/\/www.beta-machine.com\/wp-content\/uploads\/2025\/11\/H2101110fec95492fa890fb226cc5af42g-2048x2048.jpg 2048w, https:\/\/www.beta-machine.com\/wp-content\/uploads\/2025\/11\/H2101110fec95492fa890fb226cc5af42g-50x50.jpg 50w\" sizes=\"(max-width: 2160px) 100vw, 2160px\" \/><\/p>\n<\/div>\n<\/div>\n<div>\n<h3>Soprador<\/h3>\n<\/div>\n<div>\n<div>\u25cf Sistema de aquecimento exclusivo, controle preciso da temperatura e ajuste f\u00e1cil.<br \/>\n\u25cf Unidade de armazenamento de ar exclusiva<br \/>\n\u25cf O sistema de refrigera\u00e7\u00e3o alcan\u00e7a o efeito de resfriamento desejado.<br \/>\n\u25cf Cada movimento \u00e9 acionado por um cilindro pneum\u00e1tico em vez de uma bomba de \u00f3leo, sem contamina\u00e7\u00e3o.<\/div>\n<\/div>\n<\/div>\n<div>\n<div><img decoding=\"async\" class=\"alignnone wp-image-659 size-full\" src=\"https:\/\/beta-machine.com\/wp-content\/uploads\/2025\/11\/Semi-auto-blowing-machine6.jpg\" alt=\"New Heating System\" width=\"1000\" height=\"1000\" srcset=\"https:\/\/www.beta-machine.com\/wp-content\/uploads\/2025\/11\/Semi-auto-blowing-machine6.jpg 1000w, https:\/\/www.beta-machine.com\/wp-content\/uploads\/2025\/11\/Semi-auto-blowing-machine6-300x300.jpg 300w, https:\/\/www.beta-machine.com\/wp-content\/uploads\/2025\/11\/Semi-auto-blowing-machine6-100x100.jpg 100w, https:\/\/www.beta-machine.com\/wp-content\/uploads\/2025\/11\/Semi-auto-blowing-machine6-600x600.jpg 600w, https:\/\/www.beta-machine.com\/wp-content\/uploads\/2025\/11\/Semi-auto-blowing-machine6-150x150.jpg 150w, https:\/\/www.beta-machine.com\/wp-content\/uploads\/2025\/11\/Semi-auto-blowing-machine6-768x768.jpg 768w, https:\/\/www.beta-machine.com\/wp-content\/uploads\/2025\/11\/Semi-auto-blowing-machine6-50x50.jpg 50w\" sizes=\"(max-width: 1000px) 100vw, 1000px\" \/><\/div>\n<div>\n<h3>Novo sistema de aquecimento<\/h3>\n<\/div>\n<div>\n<div>\u25cf O t\u00fanel de secagem e a plataforma de sopro est\u00e3o separados, o que reduz o tempo de abertura do molde, aumenta a velocidade de sopro e eleva a produ\u00e7\u00e3o.<br \/>\n\u25cf Projeto compacto que economiza espa\u00e7o, reduz custos de investimento e aumenta a competitividade.<br \/>\n\u25cf Sistema de controle PLC avan\u00e7ado, painel de controle leve e simples.<\/div>\n<\/div>\n<\/div>\n<\/div>\n<div>\n<div>\n<div><img loading=\"lazy\" decoding=\"async\" class=\"alignnone wp-image-652 size-full\" src=\"https:\/\/beta-machine.com\/wp-content\/uploads\/2025\/11\/Ha4573425232d4ec4bdf7d968ab8e1020b.jpg\" alt=\"Preform heater temperature control\" width=\"2160\" height=\"2160\" srcset=\"https:\/\/www.beta-machine.com\/wp-content\/uploads\/2025\/11\/Ha4573425232d4ec4bdf7d968ab8e1020b.jpg 2160w, https:\/\/www.beta-machine.com\/wp-content\/uploads\/2025\/11\/Ha4573425232d4ec4bdf7d968ab8e1020b-300x300.jpg 300w, https:\/\/www.beta-machine.com\/wp-content\/uploads\/2025\/11\/Ha4573425232d4ec4bdf7d968ab8e1020b-100x100.jpg 100w, https:\/\/www.beta-machine.com\/wp-content\/uploads\/2025\/11\/Ha4573425232d4ec4bdf7d968ab8e1020b-600x600.jpg 600w, https:\/\/www.beta-machine.com\/wp-content\/uploads\/2025\/11\/Ha4573425232d4ec4bdf7d968ab8e1020b-1024x1024.jpg 1024w, https:\/\/www.beta-machine.com\/wp-content\/uploads\/2025\/11\/Ha4573425232d4ec4bdf7d968ab8e1020b-150x150.jpg 150w, https:\/\/www.beta-machine.com\/wp-content\/uploads\/2025\/11\/Ha4573425232d4ec4bdf7d968ab8e1020b-768x768.jpg 768w, https:\/\/www.beta-machine.com\/wp-content\/uploads\/2025\/11\/Ha4573425232d4ec4bdf7d968ab8e1020b-1536x1536.jpg 1536w, https:\/\/www.beta-machine.com\/wp-content\/uploads\/2025\/11\/Ha4573425232d4ec4bdf7d968ab8e1020b-2048x2048.jpg 2048w, https:\/\/www.beta-machine.com\/wp-content\/uploads\/2025\/11\/Ha4573425232d4ec4bdf7d968ab8e1020b-50x50.jpg 50w\" sizes=\"(max-width: 2160px) 100vw, 2160px\" \/><\/div>\n<div>\n<h3>Controle de temperatura do aquecedor de preformas<\/h3>\n<\/div>\n<div>\n<div>\u25cf Ajuste de molde com dupla biela, travamento de molde resistente, est\u00e1vel e r\u00e1pido. Forno infravermelho para aquecer a preforma, a preforma gira e \u00e9 aquecida uniformemente.<br \/>\n\u25cf O sistema de ar \u00e9 dividido em duas partes: a parte de a\u00e7\u00e3o pneum\u00e1tica e a parte de soprado de garrafas, para atender aos diferentes requisitos de a\u00e7\u00e3o e soprado. Pode fornecer alta press\u00e3o suficiente e est\u00e1vel para o soprado de garrafas grandes de formato irregular.<\/div>\n<\/div>\n<\/div>\n<div>\n<div>\n<div><img loading=\"lazy\" decoding=\"async\" class=\"alignnone wp-image-651 size-full\" src=\"https:\/\/beta-machine.com\/wp-content\/uploads\/2025\/11\/H366039822ba84cb588dc8160463dd1034-scaled.jpg\" alt=\"Electrical parts\" width=\"2560\" height=\"1920\" srcset=\"https:\/\/www.beta-machine.com\/wp-content\/uploads\/2025\/11\/H366039822ba84cb588dc8160463dd1034-scaled.jpg 2560w, https:\/\/www.beta-machine.com\/wp-content\/uploads\/2025\/11\/H366039822ba84cb588dc8160463dd1034-scaled-600x450.jpg 600w, https:\/\/www.beta-machine.com\/wp-content\/uploads\/2025\/11\/H366039822ba84cb588dc8160463dd1034-300x225.jpg 300w, https:\/\/www.beta-machine.com\/wp-content\/uploads\/2025\/11\/H366039822ba84cb588dc8160463dd1034-1024x768.jpg 1024w, https:\/\/www.beta-machine.com\/wp-content\/uploads\/2025\/11\/H366039822ba84cb588dc8160463dd1034-768x576.jpg 768w, https:\/\/www.beta-machine.com\/wp-content\/uploads\/2025\/11\/H366039822ba84cb588dc8160463dd1034-1536x1152.jpg 1536w, https:\/\/www.beta-machine.com\/wp-content\/uploads\/2025\/11\/H366039822ba84cb588dc8160463dd1034-2048x1536.jpg 2048w\" sizes=\"(max-width: 2560px) 100vw, 2560px\" \/><\/div>\n<\/div>\n<div>\n<h3>Pe\u00e7as el\u00e9tricas<\/h3>\n<\/div>\n<div>\n<div>\u25cf A m\u00e1quina tamb\u00e9m est\u00e1 equipada com silenciador e sistema de lubrifica\u00e7\u00e3o para lubrificar as partes mec\u00e2nicas da m\u00e1quina.<br \/>\n\u25cf A m\u00e1quina pode operar no modo passo a passo e no modo semiautom\u00e1tico.<br \/>\n\u25cf A m\u00e1quina \u00e9 pequena, com baixo investimento, f\u00e1cil e segura de operar.<\/div>\n<\/div>\n<\/div>\n<\/div>","protected":false},"excerpt":{"rendered":"<p>A m\u00e1quina sopradora de garrafas PET semiautom\u00e1tica \u00e9 adequada para a produ\u00e7\u00e3o de embalagens e garrafas de pl\u00e1stico PET de 10 a 2000 ml. \u00c9 amplamente utilizada para fabricar garrafas de bebidas carbonatadas, garrafas de \u00e1gua mineral, garrafas de pesticidas, garrafas de \u00f3leo, cosm\u00e9ticos, garrafas de boca larga, etc.<\/p>","protected":false},"featured_media":654,"comment_status":"closed","ping_status":"closed","template":"","meta":{"_acf_changed":false},"product_brand":[],"product_cat":[27],"product_tag":[],"class_list":{"0":"post-645","1":"product","2":"type-product","3":"status-publish","4":"has-post-thumbnail","6":"product_cat-semi-auto-bottle-blowing-machine","8":"first","9":"instock","10":"shipping-taxable","11":"purchasable","12":"product-type-variable"},"acf":[],"_links":{"self":[{"href":"https:\/\/www.beta-machine.com\/pt\/wp-json\/wp\/v2\/product\/645","targetHints":{"allow":["GET"]}}],"collection":[{"href":"https:\/\/www.beta-machine.com\/pt\/wp-json\/wp\/v2\/product"}],"about":[{"href":"https:\/\/www.beta-machine.com\/pt\/wp-json\/wp\/v2\/types\/product"}],"replies":[{"embeddable":true,"href":"https:\/\/www.beta-machine.com\/pt\/wp-json\/wp\/v2\/comments?post=645"}],"wp:featuredmedia":[{"embeddable":true,"href":"https:\/\/www.beta-machine.com\/pt\/wp-json\/wp\/v2\/media\/654"}],"wp:attachment":[{"href":"https:\/\/www.beta-machine.com\/pt\/wp-json\/wp\/v2\/media?parent=645"}],"wp:term":[{"taxonomy":"product_brand","embeddable":true,"href":"https:\/\/www.beta-machine.com\/pt\/wp-json\/wp\/v2\/product_brand?post=645"},{"taxonomy":"product_cat","embeddable":true,"href":"https:\/\/www.beta-machine.com\/pt\/wp-json\/wp\/v2\/product_cat?post=645"},{"taxonomy":"product_tag","embeddable":true,"href":"https:\/\/www.beta-machine.com\/pt\/wp-json\/wp\/v2\/product_tag?post=645"}],"curies":[{"name":"wp","href":"https:\/\/api.w.org\/{rel}","templated":true}]}}