{"id":661,"date":"2025-11-04T07:32:01","date_gmt":"2025-11-04T07:32:01","guid":{"rendered":"https:\/\/beta-machine.com\/?post_type=product&#038;p=661"},"modified":"2025-11-04T07:32:01","modified_gmt":"2025-11-04T07:32:01","slug":"beta-automatic-0-2l-small-pet-plastic-bottle-stretch-blowing-machine-bottle-making-machine","status":"publish","type":"product","link":"https:\/\/www.beta-machine.com\/pt\/beta-automatic-0-2l-small-pet-plastic-bottle-stretch-blowing-machine-bottle-making-machine\/","title":{"rendered":"M\u00e1quina sopradora estirante autom\u00e1tica BETA para garrafas de pl\u00e1stico PET pequenas de 0-2L, fabricadora de garrafas"},"content":{"rendered":"<div>\n<p><img fetchpriority=\"high\" decoding=\"async\" class=\"alignnone size-full wp-image-662\" src=\"https:\/\/beta-machine.com\/wp-content\/uploads\/2025\/11\/auto-blowing-machine1.jpg\" alt=\"New Auto Preform Unscrambler System.\" width=\"1000\" height=\"709\" srcset=\"https:\/\/www.beta-machine.com\/wp-content\/uploads\/2025\/11\/auto-blowing-machine1.jpg 1000w, https:\/\/www.beta-machine.com\/wp-content\/uploads\/2025\/11\/auto-blowing-machine1-600x425.jpg 600w, https:\/\/www.beta-machine.com\/wp-content\/uploads\/2025\/11\/auto-blowing-machine1-300x213.jpg 300w, https:\/\/www.beta-machine.com\/wp-content\/uploads\/2025\/11\/auto-blowing-machine1-768x545.jpg 768w\" sizes=\"(max-width: 1000px) 100vw, 1000px\" \/><\/p>\n<p>Novo sistema autom\u00e1tico de ordena\u00e7\u00e3o de preformas<\/p>\n<div><\/div>\n<div>* Adota estrutura de alimenta\u00e7\u00e3o unidirecional de preformas e estrutura de separa\u00e7\u00e3o de preformas por motor servo, resolvendo os problemas de bloqueio e desgaste das preformas.<br \/>\n* Possui dois sensores fotoel\u00e9tricos para controlar o motor de carregamento de preformas e o cilindro de separa\u00e7\u00e3o de preformas, que avisam o operador para adicionar preformas na tremonha quando faltam, em vez de parar a m\u00e1quina.<\/div>\n<\/div>\n<div>\n<div>\n<div>\n<div>\n<div><\/div>\n<\/div>\n<\/div>\n<\/div>\n<div>\n<p><img decoding=\"async\" class=\"alignnone size-full wp-image-663\" src=\"https:\/\/beta-machine.com\/wp-content\/uploads\/2025\/11\/auto-blowing-machine2.jpg\" alt=\"New Heating System.\" width=\"1000\" height=\"709\" srcset=\"https:\/\/www.beta-machine.com\/wp-content\/uploads\/2025\/11\/auto-blowing-machine2.jpg 1000w, https:\/\/www.beta-machine.com\/wp-content\/uploads\/2025\/11\/auto-blowing-machine2-600x425.jpg 600w, https:\/\/www.beta-machine.com\/wp-content\/uploads\/2025\/11\/auto-blowing-machine2-300x213.jpg 300w, https:\/\/www.beta-machine.com\/wp-content\/uploads\/2025\/11\/auto-blowing-machine2-768x545.jpg 768w\" sizes=\"(max-width: 1000px) 100vw, 1000px\" \/><\/p>\n<p>Novo sistema de aquecimento<\/p>\n<div><\/div>\n<div>* O projeto perfeito do sistema de aquecimento diminui o consumo de energia.<br \/>\n* Projeto especial de forno ajuda a economizar energia e \u00e9 f\u00e1cil de manter.<br \/>\n* A posi\u00e7\u00e3o e a temperatura de cada l\u00e2mpada podem ser ajustadas.<br \/>\n* O sistema de resfriamento por ar c\u00edclico mant\u00e9m constante a temperatura do forno.<\/div>\n<\/div>\n<\/div>\n<div>\n<div>\n<div>\n<div>\n<div><\/div>\n<\/div>\n<\/div>\n<\/div>\n<div>\n<p><img decoding=\"async\" class=\"alignnone size-full wp-image-664\" src=\"https:\/\/beta-machine.com\/wp-content\/uploads\/2025\/11\/auto-blowing-machine3.jpg\" alt=\"Easy To Change Bottle Shape.\" width=\"1000\" height=\"709\" srcset=\"https:\/\/www.beta-machine.com\/wp-content\/uploads\/2025\/11\/auto-blowing-machine3.jpg 1000w, https:\/\/www.beta-machine.com\/wp-content\/uploads\/2025\/11\/auto-blowing-machine3-600x425.jpg 600w, https:\/\/www.beta-machine.com\/wp-content\/uploads\/2025\/11\/auto-blowing-machine3-300x213.jpg 300w, https:\/\/www.beta-machine.com\/wp-content\/uploads\/2025\/11\/auto-blowing-machine3-768x545.jpg 768w\" sizes=\"(max-width: 1000px) 100vw, 1000px\" \/><\/p>\n<p>F\u00e1cil mudan\u00e7a de formato de garrafa<\/p>\n<div><\/div>\n<div>* Projeto de estrutura de molde tipo gaveta, f\u00e1cil para a mudan\u00e7a de molde. \u00c9 poss\u00edvel mudar um molde em uma hora com o mesmo di\u00e2metro de boca de garrafa.<\/div>\n<\/div>\n<\/div>\n<div>\n<div>\n<div>\n<div>\n<div><\/div>\n<\/div>\n<\/div>\n<\/div>\n<div>\n<p><img loading=\"lazy\" decoding=\"async\" class=\"alignnone size-full wp-image-665\" src=\"https:\/\/beta-machine.com\/wp-content\/uploads\/2025\/11\/auto-blowing-machine4.jpg\" alt=\"Servo Technology Innovation On Clamping System &amp; Stretching.\" width=\"1000\" height=\"709\" srcset=\"https:\/\/www.beta-machine.com\/wp-content\/uploads\/2025\/11\/auto-blowing-machine4.jpg 1000w, https:\/\/www.beta-machine.com\/wp-content\/uploads\/2025\/11\/auto-blowing-machine4-600x425.jpg 600w, https:\/\/www.beta-machine.com\/wp-content\/uploads\/2025\/11\/auto-blowing-machine4-300x213.jpg 300w, https:\/\/www.beta-machine.com\/wp-content\/uploads\/2025\/11\/auto-blowing-machine4-768x545.jpg 768w\" sizes=\"(max-width: 1000px) 100vw, 1000px\" \/><\/p>\n<p>Inova\u00e7\u00e3o em tecnologia servo no sistema de travamento e estiramento.<\/p>\n<div><\/div>\n<div>\n<p>* Adota motor servo para acionar duas bielas e controlar o sistema de travamento, o que reduz o tempo de travamento do molde e melhora a produtividade; tamb\u00e9m resolve os problemas de expans\u00e3o do molde e linha de junta excessiva com o efeito da placa de pressuriza\u00e7\u00e3o.<\/p>\n<p>* Usa-se motor servo para o estiramento, garantindo uma velocidade de soprado de garrafas mais r\u00e1pida e uma qualidade de garrafa mais est\u00e1vel.<\/p><\/div>\n<\/div>\n<\/div>\n<div>\n<div>\n<div>\n<div>\n<div><\/div>\n<\/div>\n<\/div>\n<\/div>\n<div>\n<p><img loading=\"lazy\" decoding=\"async\" class=\"alignnone size-full wp-image-666\" src=\"https:\/\/beta-machine.com\/wp-content\/uploads\/2025\/11\/auto-blowing-machine5.jpg\" alt=\"Intelligent Human-Machine Interface.\" width=\"1000\" height=\"709\" srcset=\"https:\/\/www.beta-machine.com\/wp-content\/uploads\/2025\/11\/auto-blowing-machine5.jpg 1000w, https:\/\/www.beta-machine.com\/wp-content\/uploads\/2025\/11\/auto-blowing-machine5-600x425.jpg 600w, https:\/\/www.beta-machine.com\/wp-content\/uploads\/2025\/11\/auto-blowing-machine5-300x213.jpg 300w, https:\/\/www.beta-machine.com\/wp-content\/uploads\/2025\/11\/auto-blowing-machine5-768x545.jpg 768w\" sizes=\"(max-width: 1000px) 100vw, 1000px\" \/><\/p>\n<p>Interface homem-m\u00e1quina inteligente<\/p>\n<div><\/div>\n<div>* Controle por interface homem-m\u00e1quina, f\u00e1cil de operar e monitorar.<br \/>\n* Supervis\u00e3o de informa\u00e7\u00f5es de produ\u00e7\u00e3o ao vivo, registro autom\u00e1tico de dados de produ\u00e7\u00e3o todos os dias.<br \/>\n* Alerta de falhas e solu\u00e7\u00e3o de problemas.<\/div>\n<\/div>\n<\/div>","protected":false},"excerpt":{"rendered":"<p>A m\u00e1quina moldadora por soplado autom\u00e1tica \u00e9 adequada para a produ\u00e7\u00e3o de embalagens e garrafas de pl\u00e1stico PET de todos os formatos. \u00c9 amplamente utilizada para fabricar garrafas de bebidas carbonatadas, \u00e1gua mineral, pesticidas, \u00f3leo, cosm\u00e9ticos, garrafas de boca larga e garrafas de enchimento a quente, etc.<\/p>","protected":false},"featured_media":668,"comment_status":"closed","ping_status":"closed","template":"","meta":{"_acf_changed":false},"product_brand":[],"product_cat":[26],"product_tag":[],"class_list":{"0":"post-661","1":"product","2":"type-product","3":"status-publish","4":"has-post-thumbnail","6":"product_cat-automatic-bottle-blowing-machine","8":"first","9":"instock","10":"shipping-taxable","11":"purchasable","12":"product-type-simple"},"acf":[],"_links":{"self":[{"href":"https:\/\/www.beta-machine.com\/pt\/wp-json\/wp\/v2\/product\/661","targetHints":{"allow":["GET"]}}],"collection":[{"href":"https:\/\/www.beta-machine.com\/pt\/wp-json\/wp\/v2\/product"}],"about":[{"href":"https:\/\/www.beta-machine.com\/pt\/wp-json\/wp\/v2\/types\/product"}],"replies":[{"embeddable":true,"href":"https:\/\/www.beta-machine.com\/pt\/wp-json\/wp\/v2\/comments?post=661"}],"wp:featuredmedia":[{"embeddable":true,"href":"https:\/\/www.beta-machine.com\/pt\/wp-json\/wp\/v2\/media\/668"}],"wp:attachment":[{"href":"https:\/\/www.beta-machine.com\/pt\/wp-json\/wp\/v2\/media?parent=661"}],"wp:term":[{"taxonomy":"product_brand","embeddable":true,"href":"https:\/\/www.beta-machine.com\/pt\/wp-json\/wp\/v2\/product_brand?post=661"},{"taxonomy":"product_cat","embeddable":true,"href":"https:\/\/www.beta-machine.com\/pt\/wp-json\/wp\/v2\/product_cat?post=661"},{"taxonomy":"product_tag","embeddable":true,"href":"https:\/\/www.beta-machine.com\/pt\/wp-json\/wp\/v2\/product_tag?post=661"}],"curies":[{"name":"wp","href":"https:\/\/api.w.org\/{rel}","templated":true}]}}