{"id":684,"date":"2025-11-04T07:39:53","date_gmt":"2025-11-04T07:39:53","guid":{"rendered":"https:\/\/beta-machine.com\/?post_type=product&#038;p=684"},"modified":"2026-03-11T06:17:35","modified_gmt":"2026-03-11T06:17:35","slug":"beta-high-speed-series-linear-pet-bottle-blowing-stretch-pet-blowing-machine-blow-plastic-bottles","status":"publish","type":"product","link":"https:\/\/www.beta-machine.com\/pt\/beta-high-speed-series-linear-pet-bottle-blowing-stretch-pet-blowing-machine-blow-plastic-bottles\/","title":{"rendered":"S\u00e9rie de alta velocidade BETA M\u00e1quina sopradora linear de garrafas PET M\u00e1quina sopradora de estiramento PET Sopradora de garrafas pl\u00e1sticas"},"content":{"rendered":"<p><strong>S\u00e9rie de alta velocidade BETA M\u00e1quina sopradora linear de garrafas PET M\u00e1quina sopradora de estiramento PET Sopradora de garrafas pl\u00e1sticas<\/strong><\/p>\n<p><img fetchpriority=\"high\" decoding=\"async\" class=\"alignnone wp-image-686 size-full\" src=\"https:\/\/beta-machine.com\/wp-content\/uploads\/2025\/11\/H0a514cbc1dc74e668fee486230de9743H.jpg\" alt=\"Efficient embryo supply system\" width=\"1000\" height=\"1000\" srcset=\"https:\/\/www.beta-machine.com\/wp-content\/uploads\/2025\/11\/H0a514cbc1dc74e668fee486230de9743H.jpg 1000w, https:\/\/www.beta-machine.com\/wp-content\/uploads\/2025\/11\/H0a514cbc1dc74e668fee486230de9743H-300x300.jpg 300w, https:\/\/www.beta-machine.com\/wp-content\/uploads\/2025\/11\/H0a514cbc1dc74e668fee486230de9743H-100x100.jpg 100w, https:\/\/www.beta-machine.com\/wp-content\/uploads\/2025\/11\/H0a514cbc1dc74e668fee486230de9743H-600x600.jpg 600w, https:\/\/www.beta-machine.com\/wp-content\/uploads\/2025\/11\/H0a514cbc1dc74e668fee486230de9743H-150x150.jpg 150w, https:\/\/www.beta-machine.com\/wp-content\/uploads\/2025\/11\/H0a514cbc1dc74e668fee486230de9743H-768x768.jpg 768w, https:\/\/www.beta-machine.com\/wp-content\/uploads\/2025\/11\/H0a514cbc1dc74e668fee486230de9743H-50x50.jpg 50w\" sizes=\"(max-width: 1000px) 100vw, 1000px\" \/><\/p>\n<div><strong>Sistema eficiente de fornecimento de preformas<\/strong><\/div>\n<div>O mecanismo autom\u00e1tico de classifica\u00e7\u00e3o e carregamento de preformas n\u00e3o s\u00f3 realiza um processo r\u00e1pido e eficiente de classifica\u00e7\u00e3o e carregamento para economizar custos de m\u00e3o de obra, como tamb\u00e9m melhora ainda mais a estabilidade do fluxo de trabalho de todo o equipamento.<\/div>\n<p><img decoding=\"async\" class=\"alignnone wp-image-693 size-full\" src=\"https:\/\/beta-machine.com\/wp-content\/uploads\/2025\/11\/high-speed-linear-bottle-blowing-machine2.jpg\" alt=\"Preform separation\" width=\"1000\" height=\"1000\" srcset=\"https:\/\/www.beta-machine.com\/wp-content\/uploads\/2025\/11\/high-speed-linear-bottle-blowing-machine2.jpg 1000w, https:\/\/www.beta-machine.com\/wp-content\/uploads\/2025\/11\/high-speed-linear-bottle-blowing-machine2-300x300.jpg 300w, https:\/\/www.beta-machine.com\/wp-content\/uploads\/2025\/11\/high-speed-linear-bottle-blowing-machine2-100x100.jpg 100w, https:\/\/www.beta-machine.com\/wp-content\/uploads\/2025\/11\/high-speed-linear-bottle-blowing-machine2-600x600.jpg 600w, https:\/\/www.beta-machine.com\/wp-content\/uploads\/2025\/11\/high-speed-linear-bottle-blowing-machine2-150x150.jpg 150w, https:\/\/www.beta-machine.com\/wp-content\/uploads\/2025\/11\/high-speed-linear-bottle-blowing-machine2-768x768.jpg 768w, https:\/\/www.beta-machine.com\/wp-content\/uploads\/2025\/11\/high-speed-linear-bottle-blowing-machine2-50x50.jpg 50w\" sizes=\"(max-width: 1000px) 100vw, 1000px\" \/><\/p>\n<div><strong>Separa\u00e7\u00e3o de preformas<\/strong><\/div>\n<div>Quando o sinal de preforma \u00e9 detectado, o cilindro de separa\u00e7\u00e3o de preformas avan\u00e7a para inserir as preformas, o cilindro de desgermina\u00e7\u00e3o sobe para desgerminar, e o cilindro de separa\u00e7\u00e3o de preformas move-se para a esquerda para separar as preformas.<\/div>\n<p><img decoding=\"async\" class=\"alignnone wp-image-687 size-full\" src=\"https:\/\/beta-machine.com\/wp-content\/uploads\/2025\/11\/H7f19cd0f5c3f4509b75139441871ed24T.jpg\" alt=\"Intelligent heating system\" width=\"1000\" height=\"1000\" srcset=\"https:\/\/www.beta-machine.com\/wp-content\/uploads\/2025\/11\/H7f19cd0f5c3f4509b75139441871ed24T.jpg 1000w, https:\/\/www.beta-machine.com\/wp-content\/uploads\/2025\/11\/H7f19cd0f5c3f4509b75139441871ed24T-300x300.jpg 300w, https:\/\/www.beta-machine.com\/wp-content\/uploads\/2025\/11\/H7f19cd0f5c3f4509b75139441871ed24T-100x100.jpg 100w, https:\/\/www.beta-machine.com\/wp-content\/uploads\/2025\/11\/H7f19cd0f5c3f4509b75139441871ed24T-600x600.jpg 600w, https:\/\/www.beta-machine.com\/wp-content\/uploads\/2025\/11\/H7f19cd0f5c3f4509b75139441871ed24T-150x150.jpg 150w, https:\/\/www.beta-machine.com\/wp-content\/uploads\/2025\/11\/H7f19cd0f5c3f4509b75139441871ed24T-768x768.jpg 768w, https:\/\/www.beta-machine.com\/wp-content\/uploads\/2025\/11\/H7f19cd0f5c3f4509b75139441871ed24T-50x50.jpg 50w\" sizes=\"(max-width: 1000px) 100vw, 1000px\" \/><\/p>\n<div><strong>Sistema de aquecimento inteligente<\/strong><\/div>\n<div>A l\u00e2mpada \u00e9 usada para aquecer a preforma por penetra\u00e7\u00e3o, fazendo com que a preforma se estique de forma mais uniforme com alta transpar\u00eancia. Equipado com placa refletora de a\u00e7o inoxid\u00e1vel para aproveitar ao m\u00e1ximo a energia t\u00e9rmica da l\u00e2mpada, encurtar o tempo de aquecimento, reduzir o consumo de energia e aumentar a capacidade de produ\u00e7\u00e3o. A temperatura de cada camada de tubos luminosos pode ser ajustada de forma independente, e a temperatura pode ser regulada para cima e para baixo, frente e tr\u00e1s de acordo com as diferentes preformas do cliente.<\/div>\n<p><img loading=\"lazy\" decoding=\"async\" class=\"alignnone wp-image-689 size-full\" src=\"https:\/\/beta-machine.com\/wp-content\/uploads\/2025\/11\/H696fe00023b44728ba0ffd014f31b6d1F.jpg\" alt=\"Servo mold clamping system\" width=\"1000\" height=\"1000\" srcset=\"https:\/\/www.beta-machine.com\/wp-content\/uploads\/2025\/11\/H696fe00023b44728ba0ffd014f31b6d1F.jpg 1000w, https:\/\/www.beta-machine.com\/wp-content\/uploads\/2025\/11\/H696fe00023b44728ba0ffd014f31b6d1F-300x300.jpg 300w, https:\/\/www.beta-machine.com\/wp-content\/uploads\/2025\/11\/H696fe00023b44728ba0ffd014f31b6d1F-100x100.jpg 100w, https:\/\/www.beta-machine.com\/wp-content\/uploads\/2025\/11\/H696fe00023b44728ba0ffd014f31b6d1F-600x600.jpg 600w, https:\/\/www.beta-machine.com\/wp-content\/uploads\/2025\/11\/H696fe00023b44728ba0ffd014f31b6d1F-150x150.jpg 150w, https:\/\/www.beta-machine.com\/wp-content\/uploads\/2025\/11\/H696fe00023b44728ba0ffd014f31b6d1F-768x768.jpg 768w, https:\/\/www.beta-machine.com\/wp-content\/uploads\/2025\/11\/H696fe00023b44728ba0ffd014f31b6d1F-50x50.jpg 50w\" sizes=\"(max-width: 1000px) 100vw, 1000px\" \/><\/p>\n<div><strong>Sistema de fecho de molde por servomotor<\/strong><\/div>\n<div>O sistema de fecho de molde \u00e9 acionado por servomotor e transmiss\u00e3o por biela mec\u00e2nica. O molde e o molde inferior fecham sincronamente por meio de servomotores. A parte traseira da base do molde est\u00e1 equipada com placa de aumento de press\u00e3o alta e fecho de molde de alta press\u00e3o, o que reduz eficazmente a visibilidade da linha de fecho do molde das garrafas acabadas e garante a qualidade das garrafas. O molde adota uma estrutura tipo gaveta, que facilita a troca do molde, e o operador pode complet\u00e1-la em meia hora.<\/div>\n<p><img loading=\"lazy\" decoding=\"async\" class=\"alignnone wp-image-691 size-full\" src=\"https:\/\/beta-machine.com\/wp-content\/uploads\/2025\/11\/Hfa92de88e84f4233a6022eac65d4f4d44.jpg\" alt=\"Servo stretching system\" width=\"1000\" height=\"1000\" srcset=\"https:\/\/www.beta-machine.com\/wp-content\/uploads\/2025\/11\/Hfa92de88e84f4233a6022eac65d4f4d44.jpg 1000w, https:\/\/www.beta-machine.com\/wp-content\/uploads\/2025\/11\/Hfa92de88e84f4233a6022eac65d4f4d44-300x300.jpg 300w, https:\/\/www.beta-machine.com\/wp-content\/uploads\/2025\/11\/Hfa92de88e84f4233a6022eac65d4f4d44-100x100.jpg 100w, https:\/\/www.beta-machine.com\/wp-content\/uploads\/2025\/11\/Hfa92de88e84f4233a6022eac65d4f4d44-600x600.jpg 600w, https:\/\/www.beta-machine.com\/wp-content\/uploads\/2025\/11\/Hfa92de88e84f4233a6022eac65d4f4d44-150x150.jpg 150w, https:\/\/www.beta-machine.com\/wp-content\/uploads\/2025\/11\/Hfa92de88e84f4233a6022eac65d4f4d44-768x768.jpg 768w, https:\/\/www.beta-machine.com\/wp-content\/uploads\/2025\/11\/Hfa92de88e84f4233a6022eac65d4f4d44-50x50.jpg 50w\" sizes=\"(max-width: 1000px) 100vw, 1000px\" \/><\/p>\n<div><strong>Sistema de estiramento por servomotor<\/strong><\/div>\n<div>O servomotor aciona o sistema de estiramento. O servomotor impulsiona a engrenagem e cremalheira para realizar o estiramento. Os modos de prote\u00e7\u00e3o dupla de limite fotoel\u00e9trico e limite mec\u00e2nico de desenvolvimento independente evitam que a haste de estiramento toque o molde inferior. Os tempos de ciclo da primeira e segunda sopragem podem ser ajustados individualmente no console. De acordo com as diferentes preformas e tipos de garrafas do cliente, a haste de estiramento pode ser ajustada rapidamente. Ajusta-se automaticamente e tem alta flexibilidade.<\/div>\n<p><img loading=\"lazy\" decoding=\"async\" class=\"alignnone wp-image-688 size-full\" src=\"https:\/\/beta-machine.com\/wp-content\/uploads\/2025\/11\/H8f8967760a88429dbdb94b0a9da504f2W.jpg\" alt=\"Cooling\/chilled water circulation system\" width=\"1000\" height=\"1000\" srcset=\"https:\/\/www.beta-machine.com\/wp-content\/uploads\/2025\/11\/H8f8967760a88429dbdb94b0a9da504f2W.jpg 1000w, https:\/\/www.beta-machine.com\/wp-content\/uploads\/2025\/11\/H8f8967760a88429dbdb94b0a9da504f2W-300x300.jpg 300w, https:\/\/www.beta-machine.com\/wp-content\/uploads\/2025\/11\/H8f8967760a88429dbdb94b0a9da504f2W-100x100.jpg 100w, https:\/\/www.beta-machine.com\/wp-content\/uploads\/2025\/11\/H8f8967760a88429dbdb94b0a9da504f2W-600x600.jpg 600w, https:\/\/www.beta-machine.com\/wp-content\/uploads\/2025\/11\/H8f8967760a88429dbdb94b0a9da504f2W-150x150.jpg 150w, https:\/\/www.beta-machine.com\/wp-content\/uploads\/2025\/11\/H8f8967760a88429dbdb94b0a9da504f2W-768x768.jpg 768w, https:\/\/www.beta-machine.com\/wp-content\/uploads\/2025\/11\/H8f8967760a88429dbdb94b0a9da504f2W-50x50.jpg 50w\" sizes=\"(max-width: 1000px) 100vw, 1000px\" \/><\/p>\n<div><strong>Sistema de circula\u00e7\u00e3o de \u00e1gua de resfriamento\/refrigerada<\/strong><\/div>\n<div>O dispositivo de resfriamento e aquecimento do cabe\u00e7al garante o resfriamento do cabe\u00e7al de aquecimento ap\u00f3s a sa\u00edda da garrafa. Existe um canal de \u00e1gua de resfriamento sob a caixa de aquecimento. Quando a preforma \u00e9 aquecida, o canal de \u00e1gua de resfriamento \u00e9 usado para bloquear o calor da l\u00e2mpada. Abaixo do canal de \u00e1gua de resfriamento h\u00e1 um sistema de ar frio para resfriar a boca da garrafa e proteg\u00ea-la contra deforma\u00e7\u00e3o. A \u00e1gua refrigerada flui para o molde para resfri\u00e1-lo rapidamente e melhorar a efici\u00eancia de produ\u00e7\u00e3o de toda a m\u00e1quina.<\/div>","protected":false},"excerpt":{"rendered":"<p>A s\u00e9rie BETA de alta velocidade e economia de energia \u00e9 uma m\u00e1quina sopradora autom\u00e1tica de estiramento por sopro descendente de dois passos e est\u00e1vel. \u00c9 compat\u00edvel com moldes de 4 a 10 cavidades e adequada para soprar todos os tipos de garrafas de bebidas carbonatadas, bebidas espumantes, \u00e1gua pura, \u00e1gua mineral, sumos de fruta, cosm\u00e9ticos, grande di\u00e2metro, resistentes a altas temperaturas e outros frascos para embalagem.<\/p>","protected":false},"featured_media":692,"comment_status":"closed","ping_status":"closed","template":"","meta":{"_acf_changed":false},"product_brand":[],"product_cat":[26],"product_tag":[],"class_list":{"0":"post-684","1":"product","2":"type-product","3":"status-publish","4":"has-post-thumbnail","6":"product_cat-automatic-bottle-blowing-machine","8":"first","9":"instock","10":"shipping-taxable","11":"purchasable","12":"product-type-simple"},"acf":[],"_links":{"self":[{"href":"https:\/\/www.beta-machine.com\/pt\/wp-json\/wp\/v2\/product\/684","targetHints":{"allow":["GET"]}}],"collection":[{"href":"https:\/\/www.beta-machine.com\/pt\/wp-json\/wp\/v2\/product"}],"about":[{"href":"https:\/\/www.beta-machine.com\/pt\/wp-json\/wp\/v2\/types\/product"}],"replies":[{"embeddable":true,"href":"https:\/\/www.beta-machine.com\/pt\/wp-json\/wp\/v2\/comments?post=684"}],"wp:featuredmedia":[{"embeddable":true,"href":"https:\/\/www.beta-machine.com\/pt\/wp-json\/wp\/v2\/media\/692"}],"wp:attachment":[{"href":"https:\/\/www.beta-machine.com\/pt\/wp-json\/wp\/v2\/media?parent=684"}],"wp:term":[{"taxonomy":"product_brand","embeddable":true,"href":"https:\/\/www.beta-machine.com\/pt\/wp-json\/wp\/v2\/product_brand?post=684"},{"taxonomy":"product_cat","embeddable":true,"href":"https:\/\/www.beta-machine.com\/pt\/wp-json\/wp\/v2\/product_cat?post=684"},{"taxonomy":"product_tag","embeddable":true,"href":"https:\/\/www.beta-machine.com\/pt\/wp-json\/wp\/v2\/product_tag?post=684"}],"curies":[{"name":"wp","href":"https:\/\/api.w.org\/{rel}","templated":true}]}}