{"id":704,"date":"2025-11-04T07:42:54","date_gmt":"2025-11-04T07:42:54","guid":{"rendered":"https:\/\/beta-machine.com\/?post_type=product&#038;p=704"},"modified":"2026-03-11T05:36:50","modified_gmt":"2026-03-11T05:36:50","slug":"high-speed-automatic-plastic-bottle-blowing-machine-with-4-cavities","status":"publish","type":"product","link":"https:\/\/www.beta-machine.com\/pt\/high-speed-automatic-plastic-bottle-blowing-machine-with-4-cavities\/","title":{"rendered":"M\u00e1quina sopradora de garrafas de pl\u00e1stico autom\u00e1tica de alta velocidade com 4 cavidades"},"content":{"rendered":"<h3><strong>Descri\u00e7\u00e3o<\/strong><\/h3>\n<div>\n<div>\n<p>A s\u00e9rie BETA de alta velocidade e economia de energia \u00e9 uma m\u00e1quina sopradora autom\u00e1tica de estiramento por sopro descendente de dois passos e est\u00e1vel. \u00c9 compat\u00edvel com moldes de 4 a 10 cavidades e adequada para soprar todos os tipos de garrafas de bebidas carbonatadas, bebidas espumantes, \u00e1gua pura, \u00e1gua mineral, sumos de fruta, cosm\u00e9ticos, grande di\u00e2metro, resistentes a altas temperaturas e outros frascos para embalagem.<\/p>\n<div style=\"width: 720px;\" class=\"wp-video\"><video class=\"wp-video-shortcode\" id=\"video-704-1\" width=\"720\" height=\"1280\" preload=\"metadata\" controls=\"controls\"><source type=\"video\/mp4\" src=\"https:\/\/beta-machine.com\/wp-content\/uploads\/2025\/11\/jiBklKnijmi-jmiqKBilmnRjiSjqoroqrqjkrpr-4cd10162cd194b89b531131ce8af66ca.mp4?_=1\" \/><a href=\"https:\/\/beta-machine.com\/wp-content\/uploads\/2025\/11\/jiBklKnijmi-jmiqKBilmnRjiSjqoroqrqjkrpr-4cd10162cd194b89b531131ce8af66ca.mp4\">https:\/\/beta-machine.com\/wp-content\/uploads\/2025\/11\/jiBklKnijmi-jmiqKBilmnRjiSjqoroqrqjkrpr-4cd10162cd194b89b531131ce8af66ca.mp4<\/a><\/video><\/div>\n<p>Bem-vindo ao Fornecedor de M\u00e1quinas de Moldagem da China, fornecedor l\u00edder de maquinaria avan\u00e7ada para processamento de pl\u00e1stico. Nossa M\u00e1quina Sopradora Autom\u00e1tica de Garrafas de Pl\u00e1stico de Alta Velocidade com 4 Cavidades \u00e9 projetada para oferecer efici\u00eancia e confiabilidade excepcionais na produ\u00e7\u00e3o de garrafas PET usadas em bebidas, embalagens de alimentos e outros produtos de consumo.<\/p>\n<h3>Caracter\u00edsticas e Benef\u00edcios Chave<\/h3>\n<ol class=\"list-paddingleft-2\">\n<li>\n<div><strong>Alta capacidade de produ\u00e7\u00e3o<\/strong>Capaz de produzir at\u00e9 4.500 garrafas por hora.<\/div>\n<\/li>\n<li>\n<div><strong>Compatibilidade de materiais<\/strong>Adequado para materiais PET, HDPE e PP.<\/div>\n<\/li>\n<li>\n<div><strong>Sistema de controle avan\u00e7ado<\/strong>Equipado com controlador microcomputador PLC e interface homem-m\u00e1quina para controle preciso de temperatura e monitoramento em tempo real.<\/div>\n<\/li>\n<li>\n<div><strong>Efici\u00eancia energ\u00e9tica<\/strong>O processo de um \u00fanico passo economiza energia ao eliminar a necessidade de reaquecimento de preformas.<\/div>\n<\/li>\n<li>\n<div><strong>Qualidade e consist\u00eancia<\/strong>Garante garrafas de alta qualidade com espessura de parede uniforme e m\u00ednimo desperd\u00edcio de material.<\/div>\n<\/li>\n<li>\n<div><strong>Projeto compacto<\/strong>Otimizado para efici\u00eancia espacial, tornando-o ideal para linhas de produ\u00e7\u00e3o modernas.<\/div>\n<\/li>\n<\/ol>\n<\/div>\n<\/div>\n<p><img fetchpriority=\"high\" decoding=\"async\" class=\"alignnone wp-image-686 size-full\" src=\"https:\/\/beta-machine.com\/wp-content\/uploads\/2025\/11\/H0a514cbc1dc74e668fee486230de9743H.jpg\" alt=\"Efficient embryo supply system\" width=\"1000\" height=\"1000\" srcset=\"https:\/\/www.beta-machine.com\/wp-content\/uploads\/2025\/11\/H0a514cbc1dc74e668fee486230de9743H.jpg 1000w, https:\/\/www.beta-machine.com\/wp-content\/uploads\/2025\/11\/H0a514cbc1dc74e668fee486230de9743H-300x300.jpg 300w, https:\/\/www.beta-machine.com\/wp-content\/uploads\/2025\/11\/H0a514cbc1dc74e668fee486230de9743H-100x100.jpg 100w, https:\/\/www.beta-machine.com\/wp-content\/uploads\/2025\/11\/H0a514cbc1dc74e668fee486230de9743H-600x600.jpg 600w, https:\/\/www.beta-machine.com\/wp-content\/uploads\/2025\/11\/H0a514cbc1dc74e668fee486230de9743H-150x150.jpg 150w, https:\/\/www.beta-machine.com\/wp-content\/uploads\/2025\/11\/H0a514cbc1dc74e668fee486230de9743H-768x768.jpg 768w, https:\/\/www.beta-machine.com\/wp-content\/uploads\/2025\/11\/H0a514cbc1dc74e668fee486230de9743H-50x50.jpg 50w\" sizes=\"(max-width: 1000px) 100vw, 1000px\" \/><\/p>\n<table>\n<thead>\n<tr class=\"firstRow\">\n<th><strong>Par\u00e2metro<\/strong><\/th>\n<th><strong>Detalhes<\/strong><\/th>\n<\/tr>\n<tr>\n<td><strong>N\u00famero de cavidades<\/strong><\/td>\n<td>4<\/td>\n<\/tr>\n<tr>\n<td><strong>Capacidade m\u00e1xima da garrafa<\/strong><\/td>\n<td>2,000 ml<\/td>\n<\/tr>\n<tr>\n<td><strong>Tamanho do gargalo<\/strong><\/td>\n<td>18-38 mm<\/td>\n<\/tr>\n<tr>\n<td><strong>Di\u00e2metro m\u00e1ximo da garrafa<\/strong><\/td>\n<td>105 mm<\/td>\n<\/tr>\n<tr>\n<td><strong>Altura m\u00e1xima da garrafa<\/strong><\/td>\n<td>330 mm<\/td>\n<\/tr>\n<tr>\n<td><strong>Capacidade de inje\u00e7\u00e3o<\/strong><\/td>\n<td>238 cm\u00b3<\/td>\n<\/tr>\n<tr>\n<td><strong>Press\u00e3o de inje\u00e7\u00e3o<\/strong><\/td>\n<td>174 Mpa<\/td>\n<\/tr>\n<tr>\n<td><strong>For\u00e7a de fecho<\/strong><\/td>\n<td>80 KN<\/td>\n<\/tr>\n<tr>\n<td><strong>Fonte de alimenta\u00e7\u00e3o<\/strong><\/td>\n<td>380V, 50Hz\/3PH<\/td>\n<\/tr>\n<tr>\n<td><strong>Pot\u00eancia nominal<\/strong><\/td>\n<td>49 kW<\/td>\n<\/tr>\n<tr>\n<td><strong>Sistema de ar<\/strong><\/td>\n<td>Compressor de ar de alta press\u00e3o: 3,0 m\u00b3\/min, 3,0 MPa<\/p>\n<p>Compressor de ar baixa press\u00e3o: 1,6 m\u00b3\/min, 1,0 MPa<\/td>\n<\/tr>\n<tr>\n<td><strong>\u00c1gua de refrigera\u00e7\u00e3o<\/strong><\/td>\n<td>Resfriador de \u00e1gua: 3 HP<\/td>\n<\/tr>\n<tr>\n<td><strong>Dimens\u00f5es da m\u00e1quina (C\u00d7L\u00d7A mm)<\/strong><\/td>\n<td>4,200\u00d72,100\u00d72,400<\/td>\n<\/tr>\n<tr>\n<td><strong>Peso<\/strong><\/td>\n<td>5,000 kg<\/td>\n<\/tr>\n<\/thead>\n<\/table>\n<div><strong>Sistema eficiente de fornecimento de preformas<\/strong><\/div>\n<div>O mecanismo autom\u00e1tico de classifica\u00e7\u00e3o e carregamento de preformas n\u00e3o s\u00f3 realiza um processo r\u00e1pido e eficiente de classifica\u00e7\u00e3o e carregamento para economizar custos de m\u00e3o de obra, como tamb\u00e9m melhora ainda mais a estabilidade do fluxo de trabalho de todo o equipamento.<\/div>\n<p><img decoding=\"async\" class=\"alignnone wp-image-693 size-full\" src=\"https:\/\/beta-machine.com\/wp-content\/uploads\/2025\/11\/high-speed-linear-bottle-blowing-machine2.jpg\" alt=\"Preform separation\" width=\"1000\" height=\"1000\" srcset=\"https:\/\/www.beta-machine.com\/wp-content\/uploads\/2025\/11\/high-speed-linear-bottle-blowing-machine2.jpg 1000w, https:\/\/www.beta-machine.com\/wp-content\/uploads\/2025\/11\/high-speed-linear-bottle-blowing-machine2-300x300.jpg 300w, https:\/\/www.beta-machine.com\/wp-content\/uploads\/2025\/11\/high-speed-linear-bottle-blowing-machine2-100x100.jpg 100w, https:\/\/www.beta-machine.com\/wp-content\/uploads\/2025\/11\/high-speed-linear-bottle-blowing-machine2-600x600.jpg 600w, https:\/\/www.beta-machine.com\/wp-content\/uploads\/2025\/11\/high-speed-linear-bottle-blowing-machine2-150x150.jpg 150w, https:\/\/www.beta-machine.com\/wp-content\/uploads\/2025\/11\/high-speed-linear-bottle-blowing-machine2-768x768.jpg 768w, https:\/\/www.beta-machine.com\/wp-content\/uploads\/2025\/11\/high-speed-linear-bottle-blowing-machine2-50x50.jpg 50w\" sizes=\"(max-width: 1000px) 100vw, 1000px\" \/><\/p>\n<div><strong>Separa\u00e7\u00e3o de preformas<\/strong><\/div>\n<div>Quando o sinal de preforma \u00e9 detectado, o cilindro de separa\u00e7\u00e3o de preformas avan\u00e7a para inserir as preformas, o cilindro de desgermina\u00e7\u00e3o sobe para desgerminar, e o cilindro de separa\u00e7\u00e3o de preformas move-se para a esquerda para separar as preformas.<\/div>\n<p><img decoding=\"async\" class=\"alignnone wp-image-687 size-full\" src=\"https:\/\/beta-machine.com\/wp-content\/uploads\/2025\/11\/H7f19cd0f5c3f4509b75139441871ed24T.jpg\" alt=\"Intelligent heating system\" width=\"1000\" height=\"1000\" srcset=\"https:\/\/www.beta-machine.com\/wp-content\/uploads\/2025\/11\/H7f19cd0f5c3f4509b75139441871ed24T.jpg 1000w, https:\/\/www.beta-machine.com\/wp-content\/uploads\/2025\/11\/H7f19cd0f5c3f4509b75139441871ed24T-300x300.jpg 300w, https:\/\/www.beta-machine.com\/wp-content\/uploads\/2025\/11\/H7f19cd0f5c3f4509b75139441871ed24T-100x100.jpg 100w, https:\/\/www.beta-machine.com\/wp-content\/uploads\/2025\/11\/H7f19cd0f5c3f4509b75139441871ed24T-600x600.jpg 600w, https:\/\/www.beta-machine.com\/wp-content\/uploads\/2025\/11\/H7f19cd0f5c3f4509b75139441871ed24T-150x150.jpg 150w, https:\/\/www.beta-machine.com\/wp-content\/uploads\/2025\/11\/H7f19cd0f5c3f4509b75139441871ed24T-768x768.jpg 768w, https:\/\/www.beta-machine.com\/wp-content\/uploads\/2025\/11\/H7f19cd0f5c3f4509b75139441871ed24T-50x50.jpg 50w\" sizes=\"(max-width: 1000px) 100vw, 1000px\" \/><\/p>\n<div><strong>Sistema de aquecimento inteligente<\/strong><\/div>\n<div>A l\u00e2mpada \u00e9 usada para aquecer a preforma por penetra\u00e7\u00e3o, fazendo com que a preforma se estique de forma mais uniforme com alta transpar\u00eancia. Equipado com placa refletora de a\u00e7o inoxid\u00e1vel para aproveitar ao m\u00e1ximo a energia t\u00e9rmica da l\u00e2mpada, encurtar o tempo de aquecimento, reduzir o consumo de energia e aumentar a capacidade de produ\u00e7\u00e3o. A temperatura de cada camada de tubos luminosos pode ser ajustada de forma independente, e a temperatura pode ser regulada para cima e para baixo, frente e tr\u00e1s de acordo com as diferentes preformas do cliente.<\/div>\n<p><img loading=\"lazy\" decoding=\"async\" class=\"alignnone wp-image-689 size-full\" src=\"https:\/\/beta-machine.com\/wp-content\/uploads\/2025\/11\/H696fe00023b44728ba0ffd014f31b6d1F.jpg\" alt=\"Servo mold clamping system\" width=\"1000\" height=\"1000\" srcset=\"https:\/\/www.beta-machine.com\/wp-content\/uploads\/2025\/11\/H696fe00023b44728ba0ffd014f31b6d1F.jpg 1000w, https:\/\/www.beta-machine.com\/wp-content\/uploads\/2025\/11\/H696fe00023b44728ba0ffd014f31b6d1F-300x300.jpg 300w, https:\/\/www.beta-machine.com\/wp-content\/uploads\/2025\/11\/H696fe00023b44728ba0ffd014f31b6d1F-100x100.jpg 100w, https:\/\/www.beta-machine.com\/wp-content\/uploads\/2025\/11\/H696fe00023b44728ba0ffd014f31b6d1F-600x600.jpg 600w, https:\/\/www.beta-machine.com\/wp-content\/uploads\/2025\/11\/H696fe00023b44728ba0ffd014f31b6d1F-150x150.jpg 150w, https:\/\/www.beta-machine.com\/wp-content\/uploads\/2025\/11\/H696fe00023b44728ba0ffd014f31b6d1F-768x768.jpg 768w, https:\/\/www.beta-machine.com\/wp-content\/uploads\/2025\/11\/H696fe00023b44728ba0ffd014f31b6d1F-50x50.jpg 50w\" sizes=\"(max-width: 1000px) 100vw, 1000px\" \/><\/p>\n<div><strong>Sistema de fecho de molde por servomotor<\/strong><\/div>\n<div>O sistema de fecho de molde \u00e9 acionado por servomotor e transmiss\u00e3o por biela mec\u00e2nica. O molde e o molde inferior fecham sincronamente por meio de servomotores. A parte traseira da base do molde est\u00e1 equipada com placa de aumento de press\u00e3o alta e fecho de molde de alta press\u00e3o, o que reduz eficazmente a visibilidade da linha de fecho do molde das garrafas acabadas e garante a qualidade das garrafas. O molde adota uma estrutura tipo gaveta, que facilita a troca do molde, e o operador pode complet\u00e1-la em meia hora.<\/div>\n<p><img loading=\"lazy\" decoding=\"async\" class=\"alignnone wp-image-691 size-full\" src=\"https:\/\/beta-machine.com\/wp-content\/uploads\/2025\/11\/Hfa92de88e84f4233a6022eac65d4f4d44.jpg\" alt=\"Servo stretching system\" width=\"1000\" height=\"1000\" srcset=\"https:\/\/www.beta-machine.com\/wp-content\/uploads\/2025\/11\/Hfa92de88e84f4233a6022eac65d4f4d44.jpg 1000w, https:\/\/www.beta-machine.com\/wp-content\/uploads\/2025\/11\/Hfa92de88e84f4233a6022eac65d4f4d44-300x300.jpg 300w, https:\/\/www.beta-machine.com\/wp-content\/uploads\/2025\/11\/Hfa92de88e84f4233a6022eac65d4f4d44-100x100.jpg 100w, https:\/\/www.beta-machine.com\/wp-content\/uploads\/2025\/11\/Hfa92de88e84f4233a6022eac65d4f4d44-600x600.jpg 600w, https:\/\/www.beta-machine.com\/wp-content\/uploads\/2025\/11\/Hfa92de88e84f4233a6022eac65d4f4d44-150x150.jpg 150w, https:\/\/www.beta-machine.com\/wp-content\/uploads\/2025\/11\/Hfa92de88e84f4233a6022eac65d4f4d44-768x768.jpg 768w, https:\/\/www.beta-machine.com\/wp-content\/uploads\/2025\/11\/Hfa92de88e84f4233a6022eac65d4f4d44-50x50.jpg 50w\" sizes=\"(max-width: 1000px) 100vw, 1000px\" \/><\/p>\n<div><strong>Sistema de estiramento por servomotor<\/strong><\/div>\n<div>O servomotor aciona o sistema de estiramento. O servomotor impulsiona a engrenagem e cremalheira para realizar o estiramento. Os modos de prote\u00e7\u00e3o dupla de limite fotoel\u00e9trico e limite mec\u00e2nico de desenvolvimento independente evitam que a haste de estiramento toque o molde inferior. Os tempos de ciclo da primeira e segunda sopragem podem ser ajustados individualmente no console. De acordo com as diferentes preformas e tipos de garrafas do cliente, a haste de estiramento pode ser ajustada rapidamente. Ajusta-se automaticamente e tem alta flexibilidade.<\/div>\n<div>\n<div>\n<div>\n<h3>Aplica\u00e7\u00f5es<\/h3>\n<div>Nossa sopradora autom\u00e1tica de garrafas pl\u00e1sticas de alta velocidade \u00e9 amplamente utilizada em:<\/div>\n<ul class=\"list-paddingleft-2\">\n<li>\n<div><strong>Ind\u00fastria de bebidas<\/strong>Para a produ\u00e7\u00e3o de garrafas de \u00e1gua, sucos e bebidas carbonatadas.<\/div>\n<\/li>\n<li>\n<div><strong>Ind\u00fastria de alimentos<\/strong>Para a embalagem de condimentos, produtos l\u00e1cteos e outros artigos de consumo.<\/div>\n<\/li>\n<li>\n<div><strong>Ind\u00fastria farmac\u00eautica<\/strong>Para a produ\u00e7\u00e3o de garrafas de alta qualidade e livres de contamina\u00e7\u00e3o.<\/div>\n<\/li>\n<li>\n<div><strong>Ind\u00fastria de cosm\u00e9ticos<\/strong>Para a produ\u00e7\u00e3o de garrafas com alta transpar\u00eancia e rigidez.<\/div>\n<\/li>\n<\/ul>\n<h3><\/h3>\n<h3>Perguntas frequentes<\/h3>\n<div><strong>Q1: Voc\u00eas s\u00e3o uma empresa comercial ou um fabricante?<\/strong><br \/>\nSomos fabricantes. Produzimos as m\u00e1quinas n\u00f3s mesmos e podemos garantir a qualidade.<\/div>\n<div><strong>Q2: Qual \u00e9 a sua vantagem?<\/strong><br \/>\nOferecemos pre\u00e7os competitivos, excelente suporte t\u00e9cnico e servi\u00e7o online 24 horas.<\/div>\n<div><strong>Q3: Quando posso receber minha m\u00e1quina depois de fazer o pedido?<\/strong><br \/>\nOrganizaremos a entrega a tempo, de acordo com o contrato.<\/div>\n<div><strong>Q4: Qual \u00e9 o per\u00edodo de garantia das suas m\u00e1quinas?<\/strong><br \/>\nOferecemos uma garantia de 2 anos e fornecemos pe\u00e7as sobressalentes gratuitas durante este per\u00edodo.<\/div>\n<div><strong>Q5: Como posso instalar a m\u00e1quina quando ela chegar?<\/strong><br \/>\nOferecemos suporte online 24 horas. Se necess\u00e1rio, podemos enviar nossos engenheiros ao seu local para instala\u00e7\u00e3o e treinamento.<\/div>\n<div><strong>Q6: Em que os usu\u00e1rios devem prestar aten\u00e7\u00e3o ao operar e manter as sopradoras de garrafas PET?<\/strong><br \/>\nCertifique-se de que a tremonha de alimenta\u00e7\u00e3o n\u00e3o esteja obstru\u00edda. Verifique regularmente os sistemas de controle e componentes el\u00e9tricos. Mantenha os sistemas de press\u00e3o de ar e refrigera\u00e7\u00e3o para garantir o desempenho ideal.<\/div>\n<div><strong>Q7: A m\u00e1quina pode ser personalizada de acordo com os requisitos do cliente?<\/strong><br \/>\nSim, todas as m\u00e1quinas de embalagem de garrafas podem ser personalizadas com base nas especifica\u00e7\u00f5es do cliente.\nPara mais informa\u00e7\u00f5es ou solicitar um or\u00e7amento, entre em contato conosco hoje mesmo.<\/div>\n<div>For more information or to request a quote, please contact us today.<\/div>\n<\/div>\n<\/div>\n<\/div>\n<div><\/div>","protected":false},"excerpt":{"rendered":"<p>A s\u00e9rie de alta velocidade e economia de energia BETA \u00e9 uma confi\u00e1vel m\u00e1quina sopradora autom\u00e1tica de estiramento por sopro descendente de dois passos que oferece estabilidade. \u00c9 compat\u00edvel com moldes de 4 a 10 cavidades e adequada para produzir diversos tipos de garrafas, incluindo bebidas carbonatadas, bebidas espumantes, \u00e1gua pura, \u00e1gua mineral, suco de frutas, cosm\u00e9ticos, grande di\u00e2metro, resistentes a altas temperaturas e outros frascos para embalagem.<\/p>","protected":false},"featured_media":703,"comment_status":"closed","ping_status":"closed","template":"","meta":{"_acf_changed":false},"product_brand":[],"product_cat":[26],"product_tag":[],"class_list":{"0":"post-704","1":"product","2":"type-product","3":"status-publish","4":"has-post-thumbnail","6":"product_cat-automatic-bottle-blowing-machine","8":"first","9":"instock","10":"shipping-taxable","11":"purchasable","12":"product-type-variable"},"acf":[],"_links":{"self":[{"href":"https:\/\/www.beta-machine.com\/pt\/wp-json\/wp\/v2\/product\/704","targetHints":{"allow":["GET"]}}],"collection":[{"href":"https:\/\/www.beta-machine.com\/pt\/wp-json\/wp\/v2\/product"}],"about":[{"href":"https:\/\/www.beta-machine.com\/pt\/wp-json\/wp\/v2\/types\/product"}],"replies":[{"embeddable":true,"href":"https:\/\/www.beta-machine.com\/pt\/wp-json\/wp\/v2\/comments?post=704"}],"wp:featuredmedia":[{"embeddable":true,"href":"https:\/\/www.beta-machine.com\/pt\/wp-json\/wp\/v2\/media\/703"}],"wp:attachment":[{"href":"https:\/\/www.beta-machine.com\/pt\/wp-json\/wp\/v2\/media?parent=704"}],"wp:term":[{"taxonomy":"product_brand","embeddable":true,"href":"https:\/\/www.beta-machine.com\/pt\/wp-json\/wp\/v2\/product_brand?post=704"},{"taxonomy":"product_cat","embeddable":true,"href":"https:\/\/www.beta-machine.com\/pt\/wp-json\/wp\/v2\/product_cat?post=704"},{"taxonomy":"product_tag","embeddable":true,"href":"https:\/\/www.beta-machine.com\/pt\/wp-json\/wp\/v2\/product_tag?post=704"}],"curies":[{"name":"wp","href":"https:\/\/api.w.org\/{rel}","templated":true}]}}