{"id":745,"date":"2025-11-04T08:31:46","date_gmt":"2025-11-04T08:31:46","guid":{"rendered":"https:\/\/beta-machine.com\/?post_type=product&#038;p=745"},"modified":"2026-03-10T05:26:47","modified_gmt":"2026-03-10T05:26:47","slug":"high-temperature-oil-mold-temperature-machine","status":"publish","type":"product","link":"https:\/\/www.beta-machine.com\/pt\/high-temperature-oil-mold-temperature-machine\/","title":{"rendered":"M\u00e1quina de temperatura de molde a \u00f3leo de alta temperatura"},"content":{"rendered":"<div><\/div>\n<div>\n<h3>Controle por modo microcomputador<\/h3>\n<\/div>\n<div class=\"sliderTable mt10 mb10 sliderTable-index0\">\n<div class=\"inner\">\n<p>Opera\u00e7\u00e3o simples e intuitiva, equipada com um sistema de controle PID digital total de duplo est\u00e1gio, com precis\u00e3o de controle de temperatura de \u00b10.1\u2103.<\/p>\n<h3>Bomba de acoplamento de alta temperatura<\/h3>\n<p>Equipado com um sistema completo de prote\u00e7\u00e3o de seguran\u00e7a e indica\u00e7\u00e3o de falhas. Adota design de bomba de acoplamento de alta temperatura, prevenindo eficazmente o vazamento de \u00f3leo.<\/p>\n<h3>Sistema de resfriamento indireto<\/h3>\n<p>Utiliza tecnologia de resfriamento indireto para aquecimento e resfriamento r\u00e1pidos, garantindo controle de temperatura preciso e est\u00e1vel.<\/p>\n<\/div>\n<\/div>","protected":false},"excerpt":{"rendered":"<p>Microcomputer mode control Simple and intuitive operation, equipped with a fully digital PID dual\u2011stage control system, delivering a temperature control accuracy of \u00b10.1\u2103. High-temperature coupling pump Equipped with a complete safety protection and fault indication system. Adopts high-temperature coupling pump design, effectively preventing oil leakage. Indirect cooling system Adopts indirect cooling technology for fast heating [&hellip;]<\/p>\n","protected":false},"featured_media":746,"comment_status":"closed","ping_status":"closed","template":"","meta":{"_acf_changed":false},"product_brand":[],"product_cat":[19],"product_tag":[],"class_list":{"0":"post-745","1":"product","2":"type-product","3":"status-publish","4":"has-post-thumbnail","6":"product_cat-uncategorized","8":"first","9":"instock","10":"shipping-taxable","11":"purchasable","12":"product-type-simple"},"acf":[],"_links":{"self":[{"href":"https:\/\/www.beta-machine.com\/pt\/wp-json\/wp\/v2\/product\/745","targetHints":{"allow":["GET"]}}],"collection":[{"href":"https:\/\/www.beta-machine.com\/pt\/wp-json\/wp\/v2\/product"}],"about":[{"href":"https:\/\/www.beta-machine.com\/pt\/wp-json\/wp\/v2\/types\/product"}],"replies":[{"embeddable":true,"href":"https:\/\/www.beta-machine.com\/pt\/wp-json\/wp\/v2\/comments?post=745"}],"wp:featuredmedia":[{"embeddable":true,"href":"https:\/\/www.beta-machine.com\/pt\/wp-json\/wp\/v2\/media\/746"}],"wp:attachment":[{"href":"https:\/\/www.beta-machine.com\/pt\/wp-json\/wp\/v2\/media?parent=745"}],"wp:term":[{"taxonomy":"product_brand","embeddable":true,"href":"https:\/\/www.beta-machine.com\/pt\/wp-json\/wp\/v2\/product_brand?post=745"},{"taxonomy":"product_cat","embeddable":true,"href":"https:\/\/www.beta-machine.com\/pt\/wp-json\/wp\/v2\/product_cat?post=745"},{"taxonomy":"product_tag","embeddable":true,"href":"https:\/\/www.beta-machine.com\/pt\/wp-json\/wp\/v2\/product_tag?post=745"}],"curies":[{"name":"wp","href":"https:\/\/api.w.org\/{rel}","templated":true}]}}